{"id":2817,"date":"2020-06-15T09:37:58","date_gmt":"2020-06-15T09:37:58","guid":{"rendered":"https:\/\/www.bilboats.com\/recorridos-guiados-19-20-21-de-junio\/"},"modified":"2020-06-15T09:37:59","modified_gmt":"2020-06-15T09:37:59","slug":"recorridos-guiados-19-20-21-de-junio","status":"publish","type":"page","link":"https:\/\/www.bilboats.com\/fr\/recorridos-guiados-19-20-21-de-junio\/","title":{"rendered":"Recorridos guiados: 19-20-21 de junio"},"content":{"rendered":"<p>[et_pb_section fb_built=\u00a0\u00bb1&Prime; _builder_version=\u00a0\u00bb4.0.11&Prime; background_color=\u00a0\u00bb#930400&Prime; use_background_color_gradient=\u00a0\u00bbon\u00a0\u00bb background_color_gradient_start=\u00a0\u00bb#930400&Prime; background_color_gradient_end=\u00a0\u00bb#b82821&Prime; height=\u00a0\u00bb122px\u00a0\u00bb max_height=\u00a0\u00bb998px\u00a0\u00bb custom_padding=\u00a0\u00bb0px||0px|||\u00a0\u00bb bottom_divider_flip=\u00a0\u00bbvertical|horizontal\u00a0\u00bb border_color_all=\u00a0\u00bbrgba(51,51,51,0.13)\u00a0\u00bb border_width_top=\u00a0\u00bb2px\u00a0\u00bb border_color_top=\u00a0\u00bb#ffffff\u00a0\u00bb locked=\u00a0\u00bboff\u00a0\u00bb][et_pb_row _builder_version=\u00a0\u00bb4.0.11&Prime; custom_padding=\u00a0\u00bb10px|||||\u00a0\u00bb][et_pb_column type=\u00a0\u00bb4_4&Prime; _builder_version=\u00a0\u00bb4.0.11&Prime;][et_pb_text admin_label=\u00a0\u00bbRECORRIDOS GUIADOS: 19, 20 Y 21 DE JUNIO\u00a0\u00bb _builder_version=\u00a0\u00bb4.0.11&Prime; text_font=\u00a0\u00bbLato|700|||||||\u00a0\u00bb text_text_color=\u00a0\u00bb#ffffff\u00a0\u00bb text_font_size=\u00a0\u00bb16px\u00a0\u00bb text_letter_spacing=\u00a0\u00bb2px\u00a0\u00bb text_line_height=\u00a0\u00bb1.6em\u00a0\u00bb header_font=\u00a0\u00bbOswald|700|||||||\u00a0\u00bb header_text_color=\u00a0\u00bb#ffffff\u00a0\u00bb header_font_size=\u00a0\u00bb32px\u00a0\u00bb header_2_font=\u00a0\u00bbOswald|700|||||||\u00a0\u00bb header_2_font_size=\u00a0\u00bb40px\u00a0\u00bb header_3_font=\u00a0\u00bbOswald||||||||\u00a0\u00bb header_3_text_color=\u00a0\u00bb#ffffff\u00a0\u00bb header_3_font_size=\u00a0\u00bb25px\u00a0\u00bb custom_margin=\u00a0\u00bb7px|0px|-33px|3px|false|false\u00a0\u00bb custom_padding=\u00a0\u00bb29px||0px|0px|false|false\u00a0\u00bb header_font_tablet=\u00a0\u00bb\u00a0\u00bb header_font_phone=\u00a0\u00bb\u00a0\u00bb header_font_last_edited=\u00a0\u00bbon|phone\u00a0\u00bb header_font_size_tablet=\u00a0\u00bb\u00a0\u00bb header_font_size_phone=\u00a0\u00bb26px\u00a0\u00bb header_font_size_last_edited=\u00a0\u00bbon|phone\u00a0\u00bb header_2_font_size_tablet=\u00a0\u00bb\u00a0\u00bb header_2_font_size_phone=\u00a0\u00bb30px\u00a0\u00bb header_2_font_size_last_edited=\u00a0\u00bbon|phone\u00a0\u00bb locked=\u00a0\u00bboff\u00a0\u00bb]<\/p>\n<h1 style=\"text-align: left;\">RECORRIDOS GUIADOS: 19, 20 Y 21 DE JUNIO<\/h1>\n<p style=\"text-align: center;\">[\/et_pb_text][\/et_pb_column][\/et_pb_row][\/et_pb_section][et_pb_section fb_built=\u00a0\u00bb1&Prime; admin_label=\u00a0\u00bbNAVEGANDO BILBAO\u00a0\u00bb _builder_version=\u00a0\u00bb4.0.11&Prime; background_color=\u00a0\u00bb#ffffff\u00a0\u00bb background_enable_image=\u00a0\u00bboff\u00a0\u00bb custom_padding=\u00a0\u00bb0px||0px|||\u00a0\u00bb top_divider_style=\u00a0\u00bbwave2&Prime; top_divider_color=\u00a0\u00bb#b82821&Prime; top_divider_style_tablet=\u00a0\u00bb\u00a0\u00bb top_divider_style_phone=\u00a0\u00bb\u00a0\u00bb top_divider_style_last_edited=\u00a0\u00bbon|tablet\u00a0\u00bb top_divider_height_tablet=\u00a0\u00bb75px\u00a0\u00bb top_divider_height_phone=\u00a0\u00bb52px\u00a0\u00bb top_divider_height_last_edited=\u00a0\u00bbon|tablet\u00a0\u00bb][et_pb_row admin_label=\u00a0\u00bbSection Header\u00a0\u00bb _builder_version=\u00a0\u00bb4.0.11&Prime; background_color=\u00a0\u00bbrgba(0,0,0,0)\u00a0\u00bb module_alignment=\u00a0\u00bbcenter\u00a0\u00bb custom_margin=\u00a0\u00bb|auto||519px||\u00a0\u00bb custom_padding=\u00a0\u00bb40px|0px|0px|0px||\u00a0\u00bb][et_pb_column type=\u00a0\u00bb4_4&Prime; _builder_version=\u00a0\u00bb3.25&Prime; custom_padding=\u00a0\u00bb|||\u00a0\u00bb custom_padding__hover=\u00a0\u00bb|||\u00a0\u00bb][et_pb_divider divider_weight=\u00a0\u00bb9px\u00a0\u00bb color_tablet=\u00a0\u00bb\u00a0\u00bb color_phone=\u00a0\u00bb\u00a0\u00bb color_last_edited=\u00a0\u00bbon|tablet\u00a0\u00bb show_divider_tablet=\u00a0\u00bb\u00a0\u00bb show_divider_phone=\u00a0\u00bbon\u00a0\u00bb show_divider_last_edited=\u00a0\u00bbon|desktop\u00a0\u00bb divider_weight_tablet=\u00a0\u00bb\u00a0\u00bb divider_weight_phone=\u00a0\u00bb\u00a0\u00bb divider_weight_last_edited=\u00a0\u00bbon|tablet\u00a0\u00bb _builder_version=\u00a0\u00bb4.0.11&Prime; width=\u00a0\u00bb9%\u00a0\u00bb width_tablet=\u00a0\u00bb16%\u00a0\u00bb width_phone=\u00a0\u00bb24%\u00a0\u00bb width_last_edited=\u00a0\u00bbon|phone\u00a0\u00bb max_width=\u00a0\u00bb100%\u00a0\u00bb custom_margin=\u00a0\u00bb|0px|14px||false|false\u00a0\u00bb custom_padding=\u00a0\u00bb|980px|||false|false\u00a0\u00bb][\/et_pb_divider][et_pb_text admin_label=\u00a0\u00bbCONOCE CON EL ARQUITECTO I\u00d1AKI URIARTE LOS SECRETOS DE LA R\u00cdA DE BILBAO\u00a0\u00bb _builder_version=\u00a0\u00bb4.0.11&Prime; text_font=\u00a0\u00bbLato||||||||\u00a0\u00bb text_font_size=\u00a0\u00bb16px\u00a0\u00bb text_line_height=\u00a0\u00bb1.4em\u00a0\u00bb header_2_font=\u00a0\u00bbOswald|500|||||||\u00a0\u00bb header_2_text_color=\u00a0\u00bb#b82821&Prime; header_2_font_size=\u00a0\u00bb25px\u00a0\u00bb header_3_font=\u00a0\u00bbOswald||||||||\u00a0\u00bb header_3_font_size=\u00a0\u00bb25px\u00a0\u00bb background_color=\u00a0\u00bbrgba(0,0,0,0)\u00a0\u00bb max_width_tablet=\u00a0\u00bb\u00a0\u00bb max_width_phone=\u00a0\u00bb\u00a0\u00bb max_width_last_edited=\u00a0\u00bbon|desktop\u00a0\u00bb custom_margin=\u00a0\u00bb|0px|24px||false|false\u00a0\u00bb custom_margin_tablet=\u00a0\u00bb\u00a0\u00bb custom_margin_phone=\u00a0\u00bb\u00a0\u00bb custom_margin_last_edited=\u00a0\u00bbon|desktop\u00a0\u00bb custom_padding=\u00a0\u00bb|300px|0px|2px|false|false\u00a0\u00bb custom_padding_tablet=\u00a0\u00bb|0px|||false|false\u00a0\u00bb custom_padding_phone=\u00a0\u00bb\u00a0\u00bb custom_padding_last_edited=\u00a0\u00bbon|desktop\u00a0\u00bb header_2_font_size_tablet=\u00a0\u00bb\u00a0\u00bb header_2_font_size_phone=\u00a0\u00bb25px\u00a0\u00bb header_2_font_size_last_edited=\u00a0\u00bbon|phone\u00a0\u00bb]<div style=\"width: 1080px;\" class=\"wp-video\"><video class=\"wp-video-shortcode\" id=\"video-2817-1\" width=\"1080\" height=\"820\" preload=\"metadata\" controls=\"controls\"><source type=\"video\/mp4\" src=\"https:\/\/www.bilboats.com\/wp-content\/uploads\/2020\/06\/Recorridos-guiados-Bilboats-2.mp4?_=1\" \/><a href=\"https:\/\/www.bilboats.com\/wp-content\/uploads\/2020\/06\/Recorridos-guiados-Bilboats-2.mp4\">https:\/\/www.bilboats.com\/wp-content\/uploads\/2020\/06\/Recorridos-guiados-Bilboats-2.mp4<\/a><\/video><\/div><\/p>\n<p>&nbsp;<\/p>\n<h1>CONOCE CON EL ARQUITECTO I\u00d1AKI URIARTE<br \/>\nLOS SECRETOS DE LA R\u00cdA DE BILBAO<\/h1>\n<p>[\/et_pb_text][et_pb_text admin_label=\u00a0\u00bbTEXTO\u00a0\u00bb _builder_version=\u00a0\u00bb4.0.11&Prime; text_font=\u00a0\u00bbLato||||||||\u00a0\u00bb text_font_size=\u00a0\u00bb18px\u00a0\u00bb text_line_height=\u00a0\u00bb1.4em\u00a0\u00bb header_2_font=\u00a0\u00bbOswald|500|||||||\u00a0\u00bb header_2_text_color=\u00a0\u00bb#b82821&Prime; header_2_font_size=\u00a0\u00bb25px\u00a0\u00bb header_3_font=\u00a0\u00bbOswald||||||||\u00a0\u00bb header_3_font_size=\u00a0\u00bb25px\u00a0\u00bb header_4_font_size=\u00a0\u00bb22px\u00a0\u00bb background_color=\u00a0\u00bbrgba(0,0,0,0)\u00a0\u00bb custom_margin=\u00a0\u00bb|0px|24px||false|false\u00a0\u00bb custom_margin_tablet=\u00a0\u00bb\u00a0\u00bb custom_margin_phone=\u00a0\u00bb\u00a0\u00bb custom_margin_last_edited=\u00a0\u00bbon|desktop\u00a0\u00bb custom_padding=\u00a0\u00bb|300px|0px|2px|false|false\u00a0\u00bb custom_padding_tablet=\u00a0\u00bb|0px|||false|false\u00a0\u00bb custom_padding_phone=\u00a0\u00bb\u00a0\u00bb custom_padding_last_edited=\u00a0\u00bbon|desktop\u00a0\u00bb header_2_font_size_tablet=\u00a0\u00bb\u00a0\u00bb header_2_font_size_phone=\u00a0\u00bb25px\u00a0\u00bb header_2_font_size_last_edited=\u00a0\u00bbon|phone\u00a0\u00bb]<\/p>\n<h2>19 y 20 de JUNIO<\/h2>\n<h4>VIAJE DE 2 HORAS, salida desde P\u00edo Baroja (en frente del Ayuntamiento de Bilbao).<\/h4>\n<p>&nbsp;<\/p>\n<h4>\u2022 R\u00cdA DE HIERRO<\/h4>\n<p>La Ri\u0301a de Bilbao escenario de la metamorfosis metropolitana 1876 -2016.<br \/> Itinerario narrado desde una embarcacio\u0301n de sensibilizacio\u0301n con el urbanismo, el patrimonio y el paisaje de este singular espacio fluvial entre Bilbao y la desembocadura de la ri\u0301a en el Abra, 14 km. durante una hora y media mediante un relato de autor.<\/p>\n<p style=\"text-align: left;\"><span style=\"text-decoration: underline;\"><strong><\/strong><\/span><\/p>\n<p>[\/et_pb_text][et_pb_button button_url=\u00a0\u00bbhttps:\/\/www.bilboats.com\/fr\/naviguer-bilbao\/\u00a0\u00bb button_text=\u00a0\u00bbACHETER DES BILLETS\u00a0\u00bb button_alignment=\u00a0\u00bbleft\u00a0\u00bb _builder_version=\u00a0\u00bb4.0.11&Prime; custom_button=\u00a0\u00bbon\u00a0\u00bb button_text_size=\u00a0\u00bb16px\u00a0\u00bb button_text_color=\u00a0\u00bb#ffffff\u00a0\u00bb button_bg_color=\u00a0\u00bb#b82821&Prime; button_border_width=\u00a0\u00bb0px\u00a0\u00bb button_border_radius=\u00a0\u00bb3px\u00a0\u00bb button_letter_spacing=\u00a0\u00bb2px\u00a0\u00bb button_font=\u00a0\u00bbOswald||||||||\u00a0\u00bb background_layout=\u00a0\u00bbdark\u00a0\u00bb custom_margin=\u00a0\u00bb-10px||||false|false\u00a0\u00bb animation_style=\u00a0\u00bbfade\u00a0\u00bb hover_enabled=\u00a0\u00bb0&Prime;][\/et_pb_button][et_pb_divider color=\u00a0\u00bbrgba(0,0,0,0.21)\u00a0\u00bb _builder_version=\u00a0\u00bb4.0.11&Prime;][\/et_pb_divider][et_pb_text admin_label=\u00a0\u00bbTEXTO\u00a0\u00bb _builder_version=\u00a0\u00bb4.0.11&Prime; text_font=\u00a0\u00bbLato||||||||\u00a0\u00bb text_font_size=\u00a0\u00bb18px\u00a0\u00bb text_line_height=\u00a0\u00bb1.4em\u00a0\u00bb header_2_font=\u00a0\u00bbOswald|500|||||||\u00a0\u00bb header_2_text_color=\u00a0\u00bb#b82821&Prime; header_2_font_size=\u00a0\u00bb25px\u00a0\u00bb header_3_font=\u00a0\u00bbOswald||||||||\u00a0\u00bb header_3_font_size=\u00a0\u00bb25px\u00a0\u00bb header_4_font_size=\u00a0\u00bb22px\u00a0\u00bb background_color=\u00a0\u00bbrgba(0,0,0,0)\u00a0\u00bb custom_margin=\u00a0\u00bb|0px|24px||false|false\u00a0\u00bb custom_margin_tablet=\u00a0\u00bb\u00a0\u00bb custom_margin_phone=\u00a0\u00bb\u00a0\u00bb custom_margin_last_edited=\u00a0\u00bbon|desktop\u00a0\u00bb custom_padding=\u00a0\u00bb|300px|0px|2px|false|false\u00a0\u00bb custom_padding_tablet=\u00a0\u00bb|0px|||false|false\u00a0\u00bb custom_padding_phone=\u00a0\u00bb\u00a0\u00bb custom_padding_last_edited=\u00a0\u00bbon|desktop\u00a0\u00bb header_2_font_size_tablet=\u00a0\u00bb\u00a0\u00bb header_2_font_size_phone=\u00a0\u00bb25px\u00a0\u00bb header_2_font_size_last_edited=\u00a0\u00bbon|phone\u00a0\u00bb]<\/p>\n<h2>21 de JUNIO:<\/h2>\n<h4>VIAJE DE 2:15 HORAS, salida desde P\u00edo Baroja (en frente del Ayuntamiento de Bilbao).<\/h4>\n<p>&nbsp;<\/p>\n<h4>\u2022 CONMEMORACI\u00d3N DEL CONSULADO DE BILBAO EN 1511<\/h4>\n<p>Fernando V creo\u0301 el Consulado, Casa de Contratacio\u0301n y Juzgado mediante Carta Real en 1511. El Consulado se ocupo\u0301 de la conservacio\u0301n de la Ri\u0301a asi\u0301 como de las relaciones mercantiles rigie\u0301ndose por las conocidas y pioneras Ordenanzas de la Ilustre Universidad y Casa de Contratacio\u0301n de la M.N. y M.L. Villa de Bilbao. Tuvo su sede junto con el Consistorio en un mismo edificio, construido en 1675 anexo a la iglesia de San Anto\u0301n y frente a la plaza del mercado de la Villa donde permanecio\u0301 hasta su derribo en 1895.<\/p>\n<p style=\"text-align: left;\"><span style=\"text-decoration: underline;\"><strong><\/strong><\/span><\/p>\n<p>[\/et_pb_text][et_pb_button button_url=\u00a0\u00bbhttps:\/\/www.bilboats.com\/fr\/naviguer-bilbao\/\u00a0\u00bb button_text=\u00a0\u00bbACHETER DES BILLETS\u00a0\u00bb button_alignment=\u00a0\u00bbleft\u00a0\u00bb _builder_version=\u00a0\u00bb4.0.11&Prime; custom_button=\u00a0\u00bbon\u00a0\u00bb button_text_size=\u00a0\u00bb16px\u00a0\u00bb button_text_color=\u00a0\u00bb#ffffff\u00a0\u00bb button_bg_color=\u00a0\u00bb#b82821&Prime; button_border_width=\u00a0\u00bb0px\u00a0\u00bb button_border_radius=\u00a0\u00bb3px\u00a0\u00bb button_letter_spacing=\u00a0\u00bb2px\u00a0\u00bb button_font=\u00a0\u00bbOswald||||||||\u00a0\u00bb background_layout=\u00a0\u00bbdark\u00a0\u00bb custom_margin=\u00a0\u00bb-10px||||false|false\u00a0\u00bb animation_style=\u00a0\u00bbfade\u00a0\u00bb hover_enabled=\u00a0\u00bb0&Prime;][\/et_pb_button][et_pb_divider color=\u00a0\u00bbrgba(0,0,0,0.21)\u00a0\u00bb _builder_version=\u00a0\u00bb4.0.11&Prime;][\/et_pb_divider][\/et_pb_column][\/et_pb_row][\/et_pb_section][et_pb_section fb_built=\u00a0\u00bb1&Prime; fullwidth=\u00a0\u00bbon\u00a0\u00bb _builder_version=\u00a0\u00bb4.0.11&Prime; bottom_divider_color=\u00a0\u00bb#ffffff\u00a0\u00bb bottom_divider_style_tablet=\u00a0\u00bbnone\u00a0\u00bb bottom_divider_style_phone=\u00a0\u00bb\u00a0\u00bb bottom_divider_style_last_edited=\u00a0\u00bbon|phone\u00a0\u00bb][et_pb_fullwidth_image src=\u00a0\u00bbhttps:\/\/www.bilboats.com\/wp-content\/uploads\/2020\/01\/Bilboats-inicio-1.jpg\u00a0\u00bb admin_label=\u00a0\u00bbImagen anchura completa Bilboats\u00a0\u00bb _builder_version=\u00a0\u00bb4.0.11&Prime; background_enable_image=\u00a0\u00bboff\u00a0\u00bb parallax=\u00a0\u00bbon\u00a0\u00bb][\/et_pb_fullwidth_image][\/et_pb_section]<\/p>\n","protected":false},"excerpt":{"rendered":"<p>RECORRIDOS GUIADOS: 19, 20 Y 21 DE JUNIO <div style=\"width: 1080px;\" class=\"wp-video\"><video class=\"wp-video-shortcode\" id=\"video-2817-2\" width=\"1080\" height=\"820\" preload=\"metadata\" controls=\"controls\"><source type=\"video\/mp4\" src=\"https:\/\/www.bilboats.com\/wp-content\/uploads\/2020\/06\/Recorridos-guiados-Bilboats-2.mp4?_=2\" \/><a href=\"https:\/\/www.bilboats.com\/wp-content\/uploads\/2020\/06\/Recorridos-guiados-Bilboats-2.mp4\">https:\/\/www.bilboats.com\/wp-content\/uploads\/2020\/06\/Recorridos-guiados-Bilboats-2.mp4<\/a><\/video><\/div> &nbsp; CONOCE CON EL ARQUITECTO I\u00d1AKI URIARTE LOS SECRETOS DE LA R\u00cdA DE BILBAO19 y 20 de JUNIO VIAJE DE 2 HORAS, salida desde P\u00edo Baroja (en frente del Ayuntamiento de Bilbao). &nbsp; \u2022 R\u00cdA DE HIERRO La Ri\u0301a de Bilbao escenario de [&hellip;]<\/p>\n","protected":false},"author":1,"featured_media":0,"parent":0,"menu_order":0,"comment_status":"closed","ping_status":"closed","template":"","meta":{"_et_pb_use_builder":"on","_et_pb_old_content":"","_et_gb_content_width":"","footnotes":""},"class_list":["post-2817","page","type-page","status-publish","hentry"],"yoast_head":"<!-- This site is optimized with the Yoast SEO plugin v27.1.1 - https:\/\/yoast.com\/product\/yoast-seo-wordpress\/ -->\n<title>Recorridos guiados: 19-20-21 de junio - Bilboats<\/title>\n<meta name=\"robots\" content=\"index, follow, max-snippet:-1, max-image-preview:large, max-video-preview:-1\" \/>\n<link rel=\"canonical\" href=\"https:\/\/www.bilboats.com\/fr\/recorridos-guiados-19-20-21-de-junio\/\" \/>\n<meta property=\"og:locale\" content=\"fr_FR\" \/>\n<meta property=\"og:type\" content=\"article\" \/>\n<meta property=\"og:title\" content=\"Recorridos guiados: 19-20-21 de junio - Bilboats\" \/>\n<meta property=\"og:description\" content=\"RECORRIDOS GUIADOS: 19, 20 Y 21 DE JUNIO &nbsp; CONOCE CON EL ARQUITECTO I\u00d1AKI URIARTE LOS SECRETOS DE LA R\u00cdA DE BILBAO19 y 20 de JUNIO VIAJE DE 2 HORAS, salida desde P\u00edo Baroja (en frente del Ayuntamiento de Bilbao). &nbsp; \u2022 R\u00cdA DE HIERRO La Ri\u0301a de Bilbao escenario de [&hellip;]\" \/>\n<meta property=\"og:url\" content=\"https:\/\/www.bilboats.com\/fr\/recorridos-guiados-19-20-21-de-junio\/\" \/>\n<meta property=\"og:site_name\" content=\"Bilboats\" \/>\n<meta property=\"article:modified_time\" content=\"2020-06-15T09:37:59+00:00\" \/>\n<meta name=\"twitter:card\" content=\"summary_large_image\" \/>\n<meta name=\"twitter:label1\" content=\"Dur\u00e9e de lecture estim\u00e9e\" \/>\n\t<meta name=\"twitter:data1\" content=\"6 minutes\" \/>\n<script type=\"application\/ld+json\" class=\"yoast-schema-graph\">{\"@context\":\"https:\/\/schema.org\",\"@graph\":[{\"@type\":\"WebPage\",\"@id\":\"https:\/\/www.bilboats.com\/fr\/recorridos-guiados-19-20-21-de-junio\/\",\"url\":\"https:\/\/www.bilboats.com\/fr\/recorridos-guiados-19-20-21-de-junio\/\",\"name\":\"Recorridos guiados: 19-20-21 de junio - Bilboats\",\"isPartOf\":{\"@id\":\"https:\/\/www.bilboats.com\/fr\/#website\"},\"datePublished\":\"2020-06-15T09:37:58+00:00\",\"dateModified\":\"2020-06-15T09:37:59+00:00\",\"breadcrumb\":{\"@id\":\"https:\/\/www.bilboats.com\/fr\/recorridos-guiados-19-20-21-de-junio\/#breadcrumb\"},\"inLanguage\":\"fr-FR\",\"potentialAction\":[{\"@type\":\"ReadAction\",\"target\":[\"https:\/\/www.bilboats.com\/fr\/recorridos-guiados-19-20-21-de-junio\/\"]}]},{\"@type\":\"BreadcrumbList\",\"@id\":\"https:\/\/www.bilboats.com\/fr\/recorridos-guiados-19-20-21-de-junio\/#breadcrumb\",\"itemListElement\":[{\"@type\":\"ListItem\",\"position\":1,\"name\":\"Portada\",\"item\":\"https:\/\/www.bilboats.com\/fr\/\"},{\"@type\":\"ListItem\",\"position\":2,\"name\":\"Recorridos guiados: 19-20-21 de junio\"}]},{\"@type\":\"WebSite\",\"@id\":\"https:\/\/www.bilboats.com\/fr\/#website\",\"url\":\"https:\/\/www.bilboats.com\/fr\/\",\"name\":\"Bilboats\",\"description\":\"La manera m\u00e1s atractiva de conocer Bilbao\",\"potentialAction\":[{\"@type\":\"SearchAction\",\"target\":{\"@type\":\"EntryPoint\",\"urlTemplate\":\"https:\/\/www.bilboats.com\/fr\/?s={search_term_string}\"},\"query-input\":{\"@type\":\"PropertyValueSpecification\",\"valueRequired\":true,\"valueName\":\"search_term_string\"}}],\"inLanguage\":\"fr-FR\"}]}<\/script>\n<!-- \/ Yoast SEO plugin. -->","yoast_head_json":{"title":"Recorridos guiados: 19-20-21 de junio - Bilboats","robots":{"index":"index","follow":"follow","max-snippet":"max-snippet:-1","max-image-preview":"max-image-preview:large","max-video-preview":"max-video-preview:-1"},"canonical":"https:\/\/www.bilboats.com\/fr\/recorridos-guiados-19-20-21-de-junio\/","og_locale":"fr_FR","og_type":"article","og_title":"Recorridos guiados: 19-20-21 de junio - Bilboats","og_description":"RECORRIDOS GUIADOS: 19, 20 Y 21 DE JUNIO &nbsp; CONOCE CON EL ARQUITECTO I\u00d1AKI URIARTE LOS SECRETOS DE LA R\u00cdA DE BILBAO19 y 20 de JUNIO VIAJE DE 2 HORAS, salida desde P\u00edo Baroja (en frente del Ayuntamiento de Bilbao). &nbsp; \u2022 R\u00cdA DE HIERRO La Ri\u0301a de Bilbao escenario de [&hellip;]","og_url":"https:\/\/www.bilboats.com\/fr\/recorridos-guiados-19-20-21-de-junio\/","og_site_name":"Bilboats","article_modified_time":"2020-06-15T09:37:59+00:00","twitter_card":"summary_large_image","twitter_misc":{"Dur\u00e9e de lecture estim\u00e9e":"6 minutes"},"schema":{"@context":"https:\/\/schema.org","@graph":[{"@type":"WebPage","@id":"https:\/\/www.bilboats.com\/fr\/recorridos-guiados-19-20-21-de-junio\/","url":"https:\/\/www.bilboats.com\/fr\/recorridos-guiados-19-20-21-de-junio\/","name":"Recorridos guiados: 19-20-21 de junio - Bilboats","isPartOf":{"@id":"https:\/\/www.bilboats.com\/fr\/#website"},"datePublished":"2020-06-15T09:37:58+00:00","dateModified":"2020-06-15T09:37:59+00:00","breadcrumb":{"@id":"https:\/\/www.bilboats.com\/fr\/recorridos-guiados-19-20-21-de-junio\/#breadcrumb"},"inLanguage":"fr-FR","potentialAction":[{"@type":"ReadAction","target":["https:\/\/www.bilboats.com\/fr\/recorridos-guiados-19-20-21-de-junio\/"]}]},{"@type":"BreadcrumbList","@id":"https:\/\/www.bilboats.com\/fr\/recorridos-guiados-19-20-21-de-junio\/#breadcrumb","itemListElement":[{"@type":"ListItem","position":1,"name":"Portada","item":"https:\/\/www.bilboats.com\/fr\/"},{"@type":"ListItem","position":2,"name":"Recorridos guiados: 19-20-21 de junio"}]},{"@type":"WebSite","@id":"https:\/\/www.bilboats.com\/fr\/#website","url":"https:\/\/www.bilboats.com\/fr\/","name":"Bilboats","description":"La manera m\u00e1s atractiva de conocer Bilbao","potentialAction":[{"@type":"SearchAction","target":{"@type":"EntryPoint","urlTemplate":"https:\/\/www.bilboats.com\/fr\/?s={search_term_string}"},"query-input":{"@type":"PropertyValueSpecification","valueRequired":true,"valueName":"search_term_string"}}],"inLanguage":"fr-FR"}]}},"_links":{"self":[{"href":"https:\/\/www.bilboats.com\/fr\/wp-json\/wp\/v2\/pages\/2817","targetHints":{"allow":["GET"]}}],"collection":[{"href":"https:\/\/www.bilboats.com\/fr\/wp-json\/wp\/v2\/pages"}],"about":[{"href":"https:\/\/www.bilboats.com\/fr\/wp-json\/wp\/v2\/types\/page"}],"author":[{"embeddable":true,"href":"https:\/\/www.bilboats.com\/fr\/wp-json\/wp\/v2\/users\/1"}],"replies":[{"embeddable":true,"href":"https:\/\/www.bilboats.com\/fr\/wp-json\/wp\/v2\/comments?post=2817"}],"version-history":[{"count":1,"href":"https:\/\/www.bilboats.com\/fr\/wp-json\/wp\/v2\/pages\/2817\/revisions"}],"predecessor-version":[{"id":2818,"href":"https:\/\/www.bilboats.com\/fr\/wp-json\/wp\/v2\/pages\/2817\/revisions\/2818"}],"wp:attachment":[{"href":"https:\/\/www.bilboats.com\/fr\/wp-json\/wp\/v2\/media?parent=2817"}],"curies":[{"name":"wp","href":"https:\/\/api.w.org\/{rel}","templated":true}]}}