{"id":1932,"date":"2020-03-05T09:55:57","date_gmt":"2020-03-05T09:55:57","guid":{"rendered":"https:\/\/www.bilboats.com\/trabaja-en-bilboats\/"},"modified":"2020-03-05T09:55:58","modified_gmt":"2020-03-05T09:55:58","slug":"trabaja-en-bilboats","status":"publish","type":"page","link":"https:\/\/www.bilboats.com\/fr\/trabaja-en-bilboats\/","title":{"rendered":"TRABAJA EN BILBOATS"},"content":{"rendered":"<p>[et_pb_section fb_built=\u00a0\u00bb1&Prime; _builder_version=\u00a0\u00bb4.0.11&Prime; background_color=\u00a0\u00bb#930400&Prime; use_background_color_gradient=\u00a0\u00bbon\u00a0\u00bb background_color_gradient_start=\u00a0\u00bb#930400&Prime; background_color_gradient_end=\u00a0\u00bb#b82821&Prime; height=\u00a0\u00bb122px\u00a0\u00bb max_height=\u00a0\u00bb998px\u00a0\u00bb custom_padding=\u00a0\u00bb0px||0px|||\u00a0\u00bb bottom_divider_flip=\u00a0\u00bbvertical|horizontal\u00a0\u00bb border_color_all=\u00a0\u00bbrgba(51,51,51,0.13)\u00a0\u00bb border_width_top=\u00a0\u00bb2px\u00a0\u00bb border_color_top=\u00a0\u00bb#ffffff\u00a0\u00bb locked=\u00a0\u00bboff\u00a0\u00bb][et_pb_row _builder_version=\u00a0\u00bb4.0.11&Prime; custom_padding=\u00a0\u00bb10px|||||\u00a0\u00bb][et_pb_column type=\u00a0\u00bb4_4&Prime; _builder_version=\u00a0\u00bb4.0.11&Prime;][et_pb_text admin_label=\u00a0\u00bbCOMPRA TUS BILLETES\u00a0\u00bb _builder_version=\u00a0\u00bb4.0.11&Prime; text_font=\u00a0\u00bbLato|700|||||||\u00a0\u00bb text_text_color=\u00a0\u00bb#ffffff\u00a0\u00bb text_font_size=\u00a0\u00bb16px\u00a0\u00bb text_letter_spacing=\u00a0\u00bb2px\u00a0\u00bb text_line_height=\u00a0\u00bb1.6em\u00a0\u00bb header_font=\u00a0\u00bbOswald|700|||||||\u00a0\u00bb header_text_color=\u00a0\u00bb#ffffff\u00a0\u00bb header_font_size=\u00a0\u00bb32px\u00a0\u00bb header_2_font=\u00a0\u00bbOswald|700|||||||\u00a0\u00bb header_2_font_size=\u00a0\u00bb40px\u00a0\u00bb header_3_font=\u00a0\u00bbOswald||||||||\u00a0\u00bb header_3_text_color=\u00a0\u00bb#ffffff\u00a0\u00bb header_3_font_size=\u00a0\u00bb25px\u00a0\u00bb custom_margin=\u00a0\u00bb7px|0px|-33px|3px|false|false\u00a0\u00bb custom_padding=\u00a0\u00bb29px||0px|0px|false|false\u00a0\u00bb header_font_tablet=\u00a0\u00bb\u00a0\u00bb header_font_phone=\u00a0\u00bb\u00a0\u00bb header_font_last_edited=\u00a0\u00bbon|phone\u00a0\u00bb header_font_size_tablet=\u00a0\u00bb\u00a0\u00bb header_font_size_phone=\u00a0\u00bb26px\u00a0\u00bb header_font_size_last_edited=\u00a0\u00bbon|phone\u00a0\u00bb header_2_font_size_tablet=\u00a0\u00bb\u00a0\u00bb header_2_font_size_phone=\u00a0\u00bb30px\u00a0\u00bb header_2_font_size_last_edited=\u00a0\u00bbon|phone\u00a0\u00bb locked=\u00a0\u00bboff\u00a0\u00bb]<\/p>\n<h1 style=\"text-align: left;\">TRABAJA EN BILBOATS<\/h1>\n<p style=\"text-align: center;\">\n<p>[\/et_pb_text][\/et_pb_column][\/et_pb_row][\/et_pb_section][et_pb_section fb_built=\u00a0\u00bb1&Prime; admin_label=\u00a0\u00bbNAVEGANDO BILBAO\u00a0\u00bb _builder_version=\u00a0\u00bb4.0.11&Prime; background_color=\u00a0\u00bb#ffffff\u00a0\u00bb background_enable_image=\u00a0\u00bboff\u00a0\u00bb custom_padding=\u00a0\u00bb0px||0px|||\u00a0\u00bb top_divider_style=\u00a0\u00bbwave2&Prime; top_divider_color=\u00a0\u00bb#b82821&Prime; top_divider_style_tablet=\u00a0\u00bb\u00a0\u00bb top_divider_style_phone=\u00a0\u00bb\u00a0\u00bb top_divider_style_last_edited=\u00a0\u00bbon|tablet\u00a0\u00bb top_divider_height_tablet=\u00a0\u00bb75px\u00a0\u00bb top_divider_height_phone=\u00a0\u00bb52px\u00a0\u00bb top_divider_height_last_edited=\u00a0\u00bbon|tablet\u00a0\u00bb][et_pb_row admin_label=\u00a0\u00bbSection Header\u00a0\u00bb _builder_version=\u00a0\u00bb4.0.11&Prime; background_color=\u00a0\u00bbrgba(0,0,0,0)\u00a0\u00bb module_alignment=\u00a0\u00bbcenter\u00a0\u00bb custom_margin=\u00a0\u00bb|auto||519px||\u00a0\u00bb custom_padding=\u00a0\u00bb40px|0px|0px|0px||\u00a0\u00bb][et_pb_column type=\u00a0\u00bb4_4&Prime; _builder_version=\u00a0\u00bb3.25&Prime; custom_padding=\u00a0\u00bb|||\u00a0\u00bb custom_padding__hover=\u00a0\u00bb|||\u00a0\u00bb][et_pb_divider divider_weight=\u00a0\u00bb9px\u00a0\u00bb color_tablet=\u00a0\u00bb\u00a0\u00bb color_phone=\u00a0\u00bb\u00a0\u00bb color_last_edited=\u00a0\u00bbon|tablet\u00a0\u00bb show_divider_tablet=\u00a0\u00bb\u00a0\u00bb show_divider_phone=\u00a0\u00bbon\u00a0\u00bb show_divider_last_edited=\u00a0\u00bbon|desktop\u00a0\u00bb divider_weight_tablet=\u00a0\u00bb\u00a0\u00bb divider_weight_phone=\u00a0\u00bb\u00a0\u00bb divider_weight_last_edited=\u00a0\u00bbon|tablet\u00a0\u00bb _builder_version=\u00a0\u00bb4.0.11&Prime; width=\u00a0\u00bb9%\u00a0\u00bb width_tablet=\u00a0\u00bb16%\u00a0\u00bb width_phone=\u00a0\u00bb24%\u00a0\u00bb width_last_edited=\u00a0\u00bbon|phone\u00a0\u00bb max_width=\u00a0\u00bb100%\u00a0\u00bb custom_margin=\u00a0\u00bb|0px|14px||false|false\u00a0\u00bb custom_padding=\u00a0\u00bb|980px|||false|false\u00a0\u00bb][\/et_pb_divider][et_pb_text admin_label=\u00a0\u00bbNAVEGANDO BILBAO\u00a0\u00bb _builder_version=\u00a0\u00bb4.0.11&Prime; text_font=\u00a0\u00bbLato||||||||\u00a0\u00bb text_font_size=\u00a0\u00bb20px\u00a0\u00bb text_line_height=\u00a0\u00bb1em\u00a0\u00bb header_2_font=\u00a0\u00bbOswald|700|||||||\u00a0\u00bb header_2_text_color=\u00a0\u00bb#b82821&Prime; header_2_font_size=\u00a0\u00bb40px\u00a0\u00bb header_3_font=\u00a0\u00bbOswald||||||||\u00a0\u00bb header_3_text_color=\u00a0\u00bb#919191&Prime; header_3_font_size=\u00a0\u00bb25px\u00a0\u00bb header_3_line_height=\u00a0\u00bb1.2em\u00a0\u00bb custom_margin=\u00a0\u00bb|0px|24px||false|false\u00a0\u00bb custom_margin_tablet=\u00a0\u00bb\u00a0\u00bb custom_margin_phone=\u00a0\u00bb\u00a0\u00bb custom_margin_last_edited=\u00a0\u00bbon|desktop\u00a0\u00bb custom_padding=\u00a0\u00bb|300px|0px|2px|false|false\u00a0\u00bb custom_padding_tablet=\u00a0\u00bb|0px|||false|false\u00a0\u00bb custom_padding_phone=\u00a0\u00bb\u00a0\u00bb custom_padding_last_edited=\u00a0\u00bbon|desktop\u00a0\u00bb hover_enabled=\u00a0\u00bb0&Prime; header_2_font_size_tablet=\u00a0\u00bb\u00a0\u00bb header_2_font_size_phone=\u00a0\u00bb35px\u00a0\u00bb header_2_font_size_last_edited=\u00a0\u00bbon|phone\u00a0\u00bb]<\/p>\n<h3><img loading=\"lazy\" decoding=\"async\" class=\"wp-image-1267 alignnone size-full\" src=\"https:\/\/www.bilboats.com\/wp-content\/uploads\/2020\/02\/trabaja-en-Bilboats-gorria.png\" alt=\"\" width=\"94\" height=\"77\" \/><\/h3>\n<h3>Si est\u00e1s interesado o interesada en trabajar en Bilboats, env\u00edanos tu curriculum a esta direcci\u00f3n:\u00a0<a href=\"mailto:%20bilboats@billboats.com\" target=\"_blank\" rel=\"noopener noreferrer\">bilboats@billboats.com<\/a><\/h3>\n<p style=\"text-align: left;\">\n<p>[\/et_pb_text][et_pb_divider color=\u00a0\u00bbrgba(0,0,0,0.21)\u00a0\u00bb _builder_version=\u00a0\u00bb4.0.11&Prime;][\/et_pb_divider][\/et_pb_column][\/et_pb_row][\/et_pb_section][et_pb_section fb_built=\u00a0\u00bb1&Prime; fullwidth=\u00a0\u00bbon\u00a0\u00bb _builder_version=\u00a0\u00bb4.0.11&Prime; bottom_divider_color=\u00a0\u00bb#ffffff\u00a0\u00bb bottom_divider_style_tablet=\u00a0\u00bbnone\u00a0\u00bb bottom_divider_style_phone=\u00a0\u00bb\u00a0\u00bb bottom_divider_style_last_edited=\u00a0\u00bbon|phone\u00a0\u00bb][et_pb_fullwidth_image src=\u00a0\u00bbhttps:\/\/www.bilboats.com\/wp-content\/uploads\/2020\/01\/Bilboats-inicio-1.jpg\u00a0\u00bb admin_label=\u00a0\u00bbImagen anchura completa Bilboats\u00a0\u00bb _builder_version=\u00a0\u00bb4.0.11&Prime; background_enable_image=\u00a0\u00bboff\u00a0\u00bb parallax=\u00a0\u00bbon\u00a0\u00bb][\/et_pb_fullwidth_image][\/et_pb_section]<\/p>\n","protected":false},"excerpt":{"rendered":"<p>TRABAJA EN BILBOATS Si est\u00e1s interesado o interesada en trabajar en Bilboats, env\u00edanos tu curriculum a esta direcci\u00f3n:\u00a0bilboats@billboats.com<\/p>\n","protected":false},"author":1,"featured_media":0,"parent":0,"menu_order":0,"comment_status":"closed","ping_status":"closed","template":"","meta":{"_et_pb_use_builder":"on","_et_pb_old_content":"","_et_gb_content_width":"","footnotes":""},"class_list":["post-1932","page","type-page","status-publish","hentry"],"yoast_head":"<!-- This site is optimized with the Yoast SEO plugin v27.1.1 - https:\/\/yoast.com\/product\/yoast-seo-wordpress\/ -->\n<title>TRABAJA EN BILBOATS - Bilboats<\/title>\n<meta name=\"robots\" content=\"index, follow, max-snippet:-1, max-image-preview:large, max-video-preview:-1\" \/>\n<link rel=\"canonical\" href=\"https:\/\/www.bilboats.com\/fr\/trabaja-en-bilboats\/\" \/>\n<meta property=\"og:locale\" content=\"fr_FR\" \/>\n<meta property=\"og:type\" content=\"article\" \/>\n<meta property=\"og:title\" content=\"TRABAJA EN BILBOATS - Bilboats\" \/>\n<meta property=\"og:description\" content=\"TRABAJA EN BILBOATS Si est\u00e1s interesado o interesada en trabajar en Bilboats, env\u00edanos tu curriculum a esta direcci\u00f3n:\u00a0bilboats@billboats.com\" \/>\n<meta property=\"og:url\" content=\"https:\/\/www.bilboats.com\/fr\/trabaja-en-bilboats\/\" \/>\n<meta property=\"og:site_name\" content=\"Bilboats\" \/>\n<meta property=\"article:modified_time\" content=\"2020-03-05T09:55:58+00:00\" \/>\n<meta property=\"og:image\" content=\"https:\/\/www.bilboats.com\/wp-content\/uploads\/2020\/02\/trabaja-en-Bilboats-gorria.png\" \/>\n\t<meta property=\"og:image:width\" content=\"94\" \/>\n\t<meta property=\"og:image:height\" content=\"77\" \/>\n\t<meta property=\"og:image:type\" content=\"image\/png\" \/>\n<meta name=\"twitter:card\" content=\"summary_large_image\" \/>\n<meta name=\"twitter:label1\" content=\"Dur\u00e9e de lecture estim\u00e9e\" \/>\n\t<meta name=\"twitter:data1\" content=\"3 minutes\" \/>\n<script type=\"application\/ld+json\" class=\"yoast-schema-graph\">{\"@context\":\"https:\/\/schema.org\",\"@graph\":[{\"@type\":\"WebPage\",\"@id\":\"https:\/\/www.bilboats.com\/fr\/trabaja-en-bilboats\/\",\"url\":\"https:\/\/www.bilboats.com\/fr\/trabaja-en-bilboats\/\",\"name\":\"TRABAJA EN BILBOATS - Bilboats\",\"isPartOf\":{\"@id\":\"https:\/\/www.bilboats.com\/fr\/#website\"},\"primaryImageOfPage\":{\"@id\":\"https:\/\/www.bilboats.com\/fr\/trabaja-en-bilboats\/#primaryimage\"},\"image\":{\"@id\":\"https:\/\/www.bilboats.com\/fr\/trabaja-en-bilboats\/#primaryimage\"},\"thumbnailUrl\":\"https:\/\/www.bilboats.com\/wp-content\/uploads\/2020\/02\/trabaja-en-Bilboats-gorria.png\",\"datePublished\":\"2020-03-05T09:55:57+00:00\",\"dateModified\":\"2020-03-05T09:55:58+00:00\",\"breadcrumb\":{\"@id\":\"https:\/\/www.bilboats.com\/fr\/trabaja-en-bilboats\/#breadcrumb\"},\"inLanguage\":\"fr-FR\",\"potentialAction\":[{\"@type\":\"ReadAction\",\"target\":[\"https:\/\/www.bilboats.com\/fr\/trabaja-en-bilboats\/\"]}]},{\"@type\":\"ImageObject\",\"inLanguage\":\"fr-FR\",\"@id\":\"https:\/\/www.bilboats.com\/fr\/trabaja-en-bilboats\/#primaryimage\",\"url\":\"https:\/\/www.bilboats.com\/wp-content\/uploads\/2020\/02\/trabaja-en-Bilboats-gorria.png\",\"contentUrl\":\"https:\/\/www.bilboats.com\/wp-content\/uploads\/2020\/02\/trabaja-en-Bilboats-gorria.png\"},{\"@type\":\"BreadcrumbList\",\"@id\":\"https:\/\/www.bilboats.com\/fr\/trabaja-en-bilboats\/#breadcrumb\",\"itemListElement\":[{\"@type\":\"ListItem\",\"position\":1,\"name\":\"Portada\",\"item\":\"https:\/\/www.bilboats.com\/fr\/\"},{\"@type\":\"ListItem\",\"position\":2,\"name\":\"TRABAJA EN BILBOATS\"}]},{\"@type\":\"WebSite\",\"@id\":\"https:\/\/www.bilboats.com\/fr\/#website\",\"url\":\"https:\/\/www.bilboats.com\/fr\/\",\"name\":\"Bilboats\",\"description\":\"La manera m\u00e1s atractiva de conocer Bilbao\",\"potentialAction\":[{\"@type\":\"SearchAction\",\"target\":{\"@type\":\"EntryPoint\",\"urlTemplate\":\"https:\/\/www.bilboats.com\/fr\/?s={search_term_string}\"},\"query-input\":{\"@type\":\"PropertyValueSpecification\",\"valueRequired\":true,\"valueName\":\"search_term_string\"}}],\"inLanguage\":\"fr-FR\"}]}<\/script>\n<!-- \/ Yoast SEO plugin. -->","yoast_head_json":{"title":"TRABAJA EN BILBOATS - Bilboats","robots":{"index":"index","follow":"follow","max-snippet":"max-snippet:-1","max-image-preview":"max-image-preview:large","max-video-preview":"max-video-preview:-1"},"canonical":"https:\/\/www.bilboats.com\/fr\/trabaja-en-bilboats\/","og_locale":"fr_FR","og_type":"article","og_title":"TRABAJA EN BILBOATS - Bilboats","og_description":"TRABAJA EN BILBOATS Si est\u00e1s interesado o interesada en trabajar en Bilboats, env\u00edanos tu curriculum a esta direcci\u00f3n:\u00a0bilboats@billboats.com","og_url":"https:\/\/www.bilboats.com\/fr\/trabaja-en-bilboats\/","og_site_name":"Bilboats","article_modified_time":"2020-03-05T09:55:58+00:00","og_image":[{"width":94,"height":77,"url":"https:\/\/www.bilboats.com\/wp-content\/uploads\/2020\/02\/trabaja-en-Bilboats-gorria.png","type":"image\/png"}],"twitter_card":"summary_large_image","twitter_misc":{"Dur\u00e9e de lecture estim\u00e9e":"3 minutes"},"schema":{"@context":"https:\/\/schema.org","@graph":[{"@type":"WebPage","@id":"https:\/\/www.bilboats.com\/fr\/trabaja-en-bilboats\/","url":"https:\/\/www.bilboats.com\/fr\/trabaja-en-bilboats\/","name":"TRABAJA EN BILBOATS - Bilboats","isPartOf":{"@id":"https:\/\/www.bilboats.com\/fr\/#website"},"primaryImageOfPage":{"@id":"https:\/\/www.bilboats.com\/fr\/trabaja-en-bilboats\/#primaryimage"},"image":{"@id":"https:\/\/www.bilboats.com\/fr\/trabaja-en-bilboats\/#primaryimage"},"thumbnailUrl":"https:\/\/www.bilboats.com\/wp-content\/uploads\/2020\/02\/trabaja-en-Bilboats-gorria.png","datePublished":"2020-03-05T09:55:57+00:00","dateModified":"2020-03-05T09:55:58+00:00","breadcrumb":{"@id":"https:\/\/www.bilboats.com\/fr\/trabaja-en-bilboats\/#breadcrumb"},"inLanguage":"fr-FR","potentialAction":[{"@type":"ReadAction","target":["https:\/\/www.bilboats.com\/fr\/trabaja-en-bilboats\/"]}]},{"@type":"ImageObject","inLanguage":"fr-FR","@id":"https:\/\/www.bilboats.com\/fr\/trabaja-en-bilboats\/#primaryimage","url":"https:\/\/www.bilboats.com\/wp-content\/uploads\/2020\/02\/trabaja-en-Bilboats-gorria.png","contentUrl":"https:\/\/www.bilboats.com\/wp-content\/uploads\/2020\/02\/trabaja-en-Bilboats-gorria.png"},{"@type":"BreadcrumbList","@id":"https:\/\/www.bilboats.com\/fr\/trabaja-en-bilboats\/#breadcrumb","itemListElement":[{"@type":"ListItem","position":1,"name":"Portada","item":"https:\/\/www.bilboats.com\/fr\/"},{"@type":"ListItem","position":2,"name":"TRABAJA EN BILBOATS"}]},{"@type":"WebSite","@id":"https:\/\/www.bilboats.com\/fr\/#website","url":"https:\/\/www.bilboats.com\/fr\/","name":"Bilboats","description":"La manera m\u00e1s atractiva de conocer Bilbao","potentialAction":[{"@type":"SearchAction","target":{"@type":"EntryPoint","urlTemplate":"https:\/\/www.bilboats.com\/fr\/?s={search_term_string}"},"query-input":{"@type":"PropertyValueSpecification","valueRequired":true,"valueName":"search_term_string"}}],"inLanguage":"fr-FR"}]}},"_links":{"self":[{"href":"https:\/\/www.bilboats.com\/fr\/wp-json\/wp\/v2\/pages\/1932","targetHints":{"allow":["GET"]}}],"collection":[{"href":"https:\/\/www.bilboats.com\/fr\/wp-json\/wp\/v2\/pages"}],"about":[{"href":"https:\/\/www.bilboats.com\/fr\/wp-json\/wp\/v2\/types\/page"}],"author":[{"embeddable":true,"href":"https:\/\/www.bilboats.com\/fr\/wp-json\/wp\/v2\/users\/1"}],"replies":[{"embeddable":true,"href":"https:\/\/www.bilboats.com\/fr\/wp-json\/wp\/v2\/comments?post=1932"}],"version-history":[{"count":1,"href":"https:\/\/www.bilboats.com\/fr\/wp-json\/wp\/v2\/pages\/1932\/revisions"}],"predecessor-version":[{"id":1933,"href":"https:\/\/www.bilboats.com\/fr\/wp-json\/wp\/v2\/pages\/1932\/revisions\/1933"}],"wp:attachment":[{"href":"https:\/\/www.bilboats.com\/fr\/wp-json\/wp\/v2\/media?parent=1932"}],"curies":[{"name":"wp","href":"https:\/\/api.w.org\/{rel}","templated":true}]}}