{"id":1896,"date":"2020-03-05T09:45:22","date_gmt":"2020-03-05T09:45:22","guid":{"rendered":"https:\/\/www.bilboats.com\/preguntas-frecuentes\/"},"modified":"2024-01-29T10:12:38","modified_gmt":"2024-01-29T09:12:38","slug":"preguntas-frecuentes","status":"publish","type":"page","link":"https:\/\/www.bilboats.com\/fr\/preguntas-frecuentes\/","title":{"rendered":"PREGUNTAS FRECUENTES"},"content":{"rendered":"<p>[et_pb_section fb_built=\u00a0\u00bb1&Prime; _builder_version=\u00a0\u00bb4.16&Prime; background_color=\u00a0\u00bb#930400&Prime; use_background_color_gradient=\u00a0\u00bbon\u00a0\u00bb background_color_gradient_stops=\u00a0\u00bb#930400 0%|#b82821 100%\u00a0\u00bb background_color_gradient_start=\u00a0\u00bb#930400&Prime; background_color_gradient_end=\u00a0\u00bb#b82821&Prime; height=\u00a0\u00bb122px\u00a0\u00bb max_height=\u00a0\u00bb998px\u00a0\u00bb custom_padding=\u00a0\u00bb0px||0px|||\u00a0\u00bb bottom_divider_flip=\u00a0\u00bbvertical|horizontal\u00a0\u00bb border_color_all=\u00a0\u00bbrgba(51,51,51,0.13)\u00a0\u00bb border_width_top=\u00a0\u00bb2px\u00a0\u00bb border_color_top=\u00a0\u00bb#ffffff\u00a0\u00bb locked=\u00a0\u00bboff\u00a0\u00bb global_colors_info=\u00a0\u00bb{}\u00a0\u00bb][et_pb_row _builder_version=\u00a0\u00bb4.16&Prime; custom_padding=\u00a0\u00bb10px|||||\u00a0\u00bb global_colors_info=\u00a0\u00bb{}\u00a0\u00bb][et_pb_column type=\u00a0\u00bb4_4&Prime; _builder_version=\u00a0\u00bb4.16&Prime; global_colors_info=\u00a0\u00bb{}\u00a0\u00bb][et_pb_text admin_label=\u00a0\u00bbCOMPRA TUS BILLETES\u00a0\u00bb _builder_version=\u00a0\u00bb4.16&Prime; text_font=\u00a0\u00bbLato|700|||||||\u00a0\u00bb text_text_color=\u00a0\u00bb#ffffff\u00a0\u00bb text_font_size=\u00a0\u00bb16px\u00a0\u00bb text_letter_spacing=\u00a0\u00bb2px\u00a0\u00bb text_line_height=\u00a0\u00bb1.6em\u00a0\u00bb header_font=\u00a0\u00bbOswald|700|||||||\u00a0\u00bb header_text_color=\u00a0\u00bb#ffffff\u00a0\u00bb header_font_size=\u00a0\u00bb32px\u00a0\u00bb header_2_font=\u00a0\u00bbOswald|700|||||||\u00a0\u00bb header_2_font_size=\u00a0\u00bb40px\u00a0\u00bb header_3_font=\u00a0\u00bbOswald||||||||\u00a0\u00bb header_3_text_color=\u00a0\u00bb#ffffff\u00a0\u00bb header_3_font_size=\u00a0\u00bb25px\u00a0\u00bb custom_margin=\u00a0\u00bb7px|0px|-33px|3px|false|false\u00a0\u00bb custom_padding=\u00a0\u00bb29px||0px|0px|false|false\u00a0\u00bb header_font_tablet=\u00a0\u00bb\u00a0\u00bb header_font_phone=\u00a0\u00bb\u00a0\u00bb header_font_last_edited=\u00a0\u00bbon|phone\u00a0\u00bb header_font_size_tablet=\u00a0\u00bb\u00a0\u00bb header_font_size_phone=\u00a0\u00bb26px\u00a0\u00bb header_font_size_last_edited=\u00a0\u00bbon|phone\u00a0\u00bb header_2_font_size_tablet=\u00a0\u00bb\u00a0\u00bb header_2_font_size_phone=\u00a0\u00bb30px\u00a0\u00bb header_2_font_size_last_edited=\u00a0\u00bbon|phone\u00a0\u00bb locked=\u00a0\u00bboff\u00a0\u00bb global_colors_info=\u00a0\u00bb{}\u00a0\u00bb]<\/p>\n<h1 style=\"text-align: left;\">QUESTIONS FR\u00c9QUEMMENT POS\u00c9ES<\/h1>\n<p style=\"text-align: center;\">[\/et_pb_text][\/et_pb_column][\/et_pb_row][\/et_pb_section][et_pb_section fb_built=\u00a0\u00bb1&Prime; admin_label=\u00a0\u00bbNAVEGANDO BILBAO\u00a0\u00bb _builder_version=\u00a0\u00bb4.16&Prime; background_color=\u00a0\u00bb#ffffff\u00a0\u00bb background_enable_image=\u00a0\u00bboff\u00a0\u00bb custom_padding=\u00a0\u00bb0px||0px|||\u00a0\u00bb top_divider_style=\u00a0\u00bbwave2&Prime; top_divider_color=\u00a0\u00bb#b82821&Prime; top_divider_style_tablet=\u00a0\u00bb\u00a0\u00bb top_divider_style_phone=\u00a0\u00bb\u00a0\u00bb top_divider_style_last_edited=\u00a0\u00bbon|tablet\u00a0\u00bb top_divider_height_tablet=\u00a0\u00bb75px\u00a0\u00bb top_divider_height_phone=\u00a0\u00bb52px\u00a0\u00bb top_divider_height_last_edited=\u00a0\u00bbon|tablet\u00a0\u00bb global_colors_info=\u00a0\u00bb{}\u00a0\u00bb][et_pb_row admin_label=\u00a0\u00bbSection Header\u00a0\u00bb _builder_version=\u00a0\u00bb4.16&Prime; background_color=\u00a0\u00bbrgba(0,0,0,0)\u00a0\u00bb module_alignment=\u00a0\u00bbcenter\u00a0\u00bb custom_margin=\u00a0\u00bb|auto||519px||\u00a0\u00bb custom_padding=\u00a0\u00bb40px|0px|0px|0px||\u00a0\u00bb global_colors_info=\u00a0\u00bb{}\u00a0\u00bb][et_pb_column type=\u00a0\u00bb4_4&Prime; _builder_version=\u00a0\u00bb4.16&Prime; custom_padding=\u00a0\u00bb|||\u00a0\u00bb global_colors_info=\u00a0\u00bb{}\u00a0\u00bb custom_padding__hover=\u00a0\u00bb|||\u00a0\u00bb][et_pb_divider divider_weight=\u00a0\u00bb9px\u00a0\u00bb color_tablet=\u00a0\u00bb\u00a0\u00bb color_phone=\u00a0\u00bb\u00a0\u00bb color_last_edited=\u00a0\u00bbon|tablet\u00a0\u00bb show_divider_tablet=\u00a0\u00bb\u00a0\u00bb show_divider_phone=\u00a0\u00bbon\u00a0\u00bb show_divider_last_edited=\u00a0\u00bbon|desktop\u00a0\u00bb divider_weight_tablet=\u00a0\u00bb\u00a0\u00bb divider_weight_phone=\u00a0\u00bb\u00a0\u00bb divider_weight_last_edited=\u00a0\u00bbon|tablet\u00a0\u00bb _builder_version=\u00a0\u00bb4.16&Prime; width=\u00a0\u00bb9%\u00a0\u00bb width_tablet=\u00a0\u00bb16%\u00a0\u00bb width_phone=\u00a0\u00bb24%\u00a0\u00bb width_last_edited=\u00a0\u00bbon|phone\u00a0\u00bb max_width=\u00a0\u00bb100%\u00a0\u00bb custom_margin=\u00a0\u00bb|0px|14px||false|false\u00a0\u00bb custom_padding=\u00a0\u00bb|980px|||false|false\u00a0\u00bb global_colors_info=\u00a0\u00bb{}\u00a0\u00bb][\/et_pb_divider][et_pb_text admin_label=\u00a0\u00bbNAVEGANDO BILBAO\u00a0\u00bb _builder_version=\u00a0\u00bb4.16&Prime; text_font=\u00a0\u00bbLato||||||||\u00a0\u00bb text_font_size=\u00a0\u00bb16px\u00a0\u00bb text_line_height=\u00a0\u00bb1.4em\u00a0\u00bb header_2_font=\u00a0\u00bbOswald|500|||||||\u00a0\u00bb header_2_text_color=\u00a0\u00bb#b82821&Prime; header_2_font_size=\u00a0\u00bb25px\u00a0\u00bb header_3_font=\u00a0\u00bbOswald||||||||\u00a0\u00bb header_3_font_size=\u00a0\u00bb25px\u00a0\u00bb background_color=\u00a0\u00bbrgba(0,0,0,0)\u00a0\u00bb custom_margin=\u00a0\u00bb|0px|24px||false|false\u00a0\u00bb custom_margin_tablet=\u00a0\u00bb\u00a0\u00bb custom_margin_phone=\u00a0\u00bb\u00a0\u00bb custom_margin_last_edited=\u00a0\u00bbon|desktop\u00a0\u00bb custom_padding=\u00a0\u00bb|300px|0px|2px|false|false\u00a0\u00bb custom_padding_tablet=\u00a0\u00bb|0px|||false|false\u00a0\u00bb custom_padding_phone=\u00a0\u00bb\u00a0\u00bb custom_padding_last_edited=\u00a0\u00bbon|desktop\u00a0\u00bb header_2_font_size_tablet=\u00a0\u00bb\u00a0\u00bb header_2_font_size_phone=\u00a0\u00bb25px\u00a0\u00bb header_2_font_size_last_edited=\u00a0\u00bbon|phone\u00a0\u00bb global_colors_info=\u00a0\u00bb{}\u00a0\u00bb]<\/p>\n<h2><\/h2>\n<h2><\/h2>\n<h2><img loading=\"lazy\" decoding=\"async\" src=\"https:\/\/www.bilboats.com\/wp-content\/uploads\/2020\/02\/preguntas-gorria.png\" alt=\"\" class=\"wp-image-1260 alignnone size-full\" width=\"94\" height=\"77\" \/><\/h2>\n<h2><\/h2>\n<h2>F.A.Q.s<\/h2>\n<h2><\/h2>\n<h2><\/h2>\n<h2><\/h2>\n<h4><\/h4>\n<h4><\/h4>\n<p style=\"text-align: justify;\"><span style=\"color: #000000;\"><strong>Que dois-je savoir avant d&rsquo;acheter un billet?<\/strong><\/span><\/p>\n<p style=\"text-align: justify;\">Nous vous recommandons de bien conna\u00eetre le jour, l&rsquo;itin\u00e9raire choisi ainsi que l&rsquo;heure de d\u00e9part et la dur\u00e9e du trajet avant d&rsquo;acheter le billet.<\/p>\n<p style=\"text-align: justify;\"><span style=\"color: #000000;\"><strong>Comment puis-je acheter un billet?<\/strong><\/span><\/p>\n<p style=\"text-align: justify;\">Vous pouvez obtenir vos billets sur notre site web ou dans notre magasin situ\u00e9 sur la place Pio Baroja num\u00e9ro 1.<\/p>\n<p style=\"text-align: justify;\">\u00a0Nous n&rsquo;acceptons ni les r\u00e9servations ni les ventes par t\u00e9l\u00e9phone.<\/p>\n<p style=\"text-align: justify;\">Les ventes en ligne se ferment une heure avant chaque d\u00e9part, donc pass\u00e9 ce d\u00e9lai, les billets ne peuvent \u00eatre achet\u00e9s qu&rsquo;en personne dans le magasin de Pio Baroja.<\/p>\n<p style=\"text-align: justify;\">\u00a0<span style=\"color: #000000;\"><strong>Puis-je acheter mes billets en ligne et les payer plus tard sur le bateau?<\/strong><\/span><\/p>\n<p style=\"text-align: justify;\">Non, le montant total doit \u00eatre pay\u00e9 au moment de l&rsquo;achat.<\/p>\n<p style=\"text-align: justify;\">\u00a0<span style=\"color: #000000;\"><strong>Puis-je r\u00e9server des billets sans les acheter? \u00c0 quelle avance dois-je les acheter?<\/strong><\/span><\/p>\n<p style=\"text-align: justify;\">Les r\u00e9servations de billets ne sont pas possibles. Pour vous assurer une place, nous vous conseillons d&rsquo;acheter le billet le plus t\u00f4t possible, surtout pendant les p\u00e9riodes charg\u00e9es ou en haute saison, de juin \u00e0 septembre.<\/p>\n<p style=\"text-align: justify;\">\u00a0<span style=\"color: #000000;\"><strong>Est-il n\u00e9cessaire d&rsquo;imprimer le billet?<\/strong><\/span><\/p>\n<p style=\"text-align: justify;\">Non, il n&rsquo;est pas n\u00e9cessaire de l&rsquo;imprimer. Il suffit de nous montrer le code QR lors de l&#8217;embarquement.<\/p>\n<p style=\"text-align: justify;\">\u00a0<span style=\"color: #000000;\"><strong>Peut-on monter sur un bateau et revenir sur le suivant? Fait-il des arr\u00eats?<\/strong><\/span><\/p>\n<p style=\"text-align: justify;\">Non, les voyages sont aller-retour sans escale, depuis et vers le point d&rsquo;origine, le quai de P\u00edo Baroja.<\/p>\n<p style=\"text-align: justify;\">\u00a0<strong><span style=\"color: #000000;\">Les si\u00e8ges sont-ils num\u00e9rot\u00e9s? Que faire si je veux aller sur le pont sup\u00e9rieur?<\/span><\/strong><\/p>\n<p style=\"text-align: justify;\">Non, les si\u00e8ges ne sont pas num\u00e9rot\u00e9s car les pr\u00e9f\u00e9rences des passagers changent en fonction de la pluie ou du soleil. L&#8217;embarquement des passagers se fait toujours par ordre d&rsquo;arriv\u00e9e au quai, ind\u00e9pendamment du type de billet, en respectant une file unique par ordre d&rsquo;arriv\u00e9e.<\/p>\n<p style=\"text-align: justify;\">\u00a0Si vous souhaitez faire le tour sur le pont sup\u00e9rieur, vous devez \u00eatre parmi les 30 premi\u00e8res personnes (capacit\u00e9 maximale autoris\u00e9e en haut) \u00e0 embarquer. Pour cela, nous vous recommandons d&rsquo;attendre avant l&rsquo;heure d&#8217;embarquement, d\u00e8s que possible.<\/p>\n<p style=\"text-align: justify;\">\u00a0<span style=\"color: #000000;\"><strong>La suppression de l&rsquo;achat de billets est-elle possible?<\/strong><\/span><\/p>\n<p style=\"text-align: justify;\">Non, une fois l&rsquo;achat effectu\u00e9, il n&rsquo;est plus possible de l&rsquo;annuler. Les modifications sont accept\u00e9es jusqu&rsquo;\u00e0 72 heures avant le d\u00e9part.<\/p>\n<p style=\"text-align: justify;\">En cas de raisons justifi\u00e9es de force majeure, \u00e0 condition que la demande de remboursement soit faite avant l&rsquo;heure de d\u00e9part convenue, l&rsquo;entreprise envisagera la possibilit\u00e9 de remboursement. Il est indispensable d&rsquo;envoyer la justification\/document probant par courrier \u00e9lectronique \u00e0 bilboats@bilboats.com.<\/p>\n<p style=\"text-align: justify;\">En aucun cas, le retard ne sera consid\u00e9r\u00e9 comme une excuse, et ni les modifications ni les remboursements ne seront effectu\u00e9s pour non-pr\u00e9sentation \u00e0 l&rsquo;heure. De m\u00eame, aucun remboursement n&rsquo;est effectu\u00e9 pour ne pas \u00eatre arriv\u00e9 suffisamment t\u00f4t pour obtenir un si\u00e8ge sur le pont sup\u00e9rieur.<\/p>\n<p style=\"text-align: justify;\"><span style=\"color: #000000;\"><strong>Pourquoi Bilboats pourrait-il annuler mon voyage?<\/strong><\/span><\/p>\n<p style=\"text-align: justify;\">Pour des raisons de s\u00e9curit\u00e9, de m\u00e9canique et\/ou de conditions m\u00e9t\u00e9orologiques adverses pr\u00e9sentant un danger pour la s\u00e9curit\u00e9 des passagers ainsi que pour les bateaux et les travailleurs.<\/p>\n<p style=\"text-align: justify;\"><span style=\"color: #000000;\"><strong>Que se passe-t-il en cas de pluie? Le d\u00e9part est-il annul\u00e9?<\/strong><\/span><\/p>\n<p style=\"text-align: justify;\">Non, les d\u00e9parts ne sont pas annul\u00e9s pour cette raison car Bilbao est une r\u00e9gion o\u00f9 il pleut beaucoup. Notre bateau Ibai Alai est \u00e9quip\u00e9 et poss\u00e8de une zone ferm\u00e9e pouvant accueillir 50-60 personnes, o\u00f9 vous pouvez profiter du trajet sans vous mouiller.<\/p>\n<p style=\"text-align: justify;\">De plus, nous avons des ponchos de pluie en vente pour les courageux qui osent naviguer \u00e0 l&rsquo;ext\u00e9rieur ou sur le pont sup\u00e9rieur. Consultez l&rsquo;\u00e9quipage.<\/p>\n<p style=\"text-align: justify;\"><span style=\"color: #000000;\"><strong>\u00c0 quelle heure faut-il arriver pour l&#8217;embarquement?<\/strong><\/span><\/p>\n<p style=\"text-align: justify;\">Afin de garantir la ponctualit\u00e9 de nos trajets, l&#8217;embarquement commence 30 minutes avant le d\u00e9part pour les trajets de 120 minutes et 15 minutes avant pour ceux de 60 minutes. L&#8217;embarquement est ouvert jusqu&rsquo;\u00e0 l&rsquo;heure du d\u00e9part. Personne en retard ne sera attendu apr\u00e8s l&rsquo;heure convenue.<\/p>\n<p style=\"text-align: justify;\"><span style=\"color: #000000;\"><strong>Combien de temps durent les voyages? Navigue-t-on sous le pont de Bizkaia, \u00e0 Portugalete?<\/strong><\/span><\/p>\n<p style=\"text-align: justify;\">Navigation \u00e0 Bilbao : environ 1 heure.<\/p>\n<p style=\"text-align: justify;\">Navigation vers la mer : environ 2 heures.<\/p>\n<p style=\"text-align: justify;\">Pour naviguer sous le pont de Bizkaia, qui relie Portugalete \u00e0 Las Arenas, vous devez acheter des billets pour le trajet de deux heures, Navigation vers la mer.<\/p>\n<p style=\"text-align: justify;\">\u00a0<span style=\"color: #000000;\"><strong>Peut-on acc\u00e9der avec un fauteuil roulant?<\/strong><\/span><\/p>\n<p style=\"text-align: justify;\">En r\u00e9alit\u00e9, le quai de la Plaza P\u00edo Baroja n&rsquo;a pas encore \u00e9t\u00e9 adapt\u00e9 par la mairie de Bilbao pour les personnes \u00e0 mobilit\u00e9 r\u00e9duite, la rampe d&rsquo;acc\u00e8s atteint une pente dangereuse pendant la mar\u00e9e basse, rendant l&#8217;embarquement difficile et dangereux. Pour cette raison, afin de garantir la s\u00e9curit\u00e9 de tous, nous n&rsquo;autorisons l&#8217;embarquement que lorsque la mar\u00e9e est haute.<\/p>\n<p style=\"text-align: justify;\">\u00a0Il est important et indispensable que le fauteuil roulant utilis\u00e9 soit manuel, non motoris\u00e9.<\/p>\n<p style=\"text-align: justify;\">\u00a0Si vous en faites la demande \u00e0 l&rsquo;avance, nous disposons d&rsquo;un fauteuil roulant manuel au bureau pour faciliter le transfert.\u00a0<\/p>\n<p style=\"text-align: justify;\">Pour v\u00e9rifier la faisabilit\u00e9, contactez-nous au 644 442 055 ou \u00e0 bilboats@bilboats.com.<\/p>\n<p style=\"text-align: justify;\"><span style=\"color: #000000;\"><strong>Peut-on emmener des animaux \u00e0 bord?<\/strong><\/span><\/p>\n<p style=\"text-align: justify;\">Oui, \u00e0 condition qu&rsquo;il s&rsquo;agisse de petits chiens (moins de 8 kilos environ) qui voyagent dans les bras ou dans un transporteur pendant tout le trajet.<\/p>\n<p style=\"text-align: justify;\">\u00a0Les chiens-guides pourront acc\u00e9der sans probl\u00e8me.<\/p>\n<p style=\"text-align: justify;\">\u00a0Dans les deux cas, veuillez nous informer \u00e0 l&rsquo;avance au 644 442 055 ou \u00e0 bilboats@bilboats.com.<\/p>\n<p style=\"text-align: justify;\">\u00a0<span style=\"color: #000000;\"><strong>Peut-on emmener des poussettes sur le bateau?<\/strong><\/span><\/p>\n<p style=\"text-align: justify;\">Oui, vous pouvez les emmener. L&rsquo;\u00e9quipage vous indiquera o\u00f9 les placer.<\/p>\n<p style=\"text-align: justify;\">\u00a0<span style=\"color: #000000;\"><strong>Existen-t-ils des offres ou des r\u00e9ductions?<\/strong><\/span><\/p>\n<p style=\"text-align: justify;\">Oui, nous avons un tarif sp\u00e9cial pour les enfants de 0 \u00e0 4 ans, les enfants de 5 \u00e0 10 ans, les personnes de plus de 65 ans et les personnes handicap\u00e9es.<\/p>\n<p style=\"text-align: justify;\">\u00a0R\u00e9duction pour les groupes de 10 personnes ou plus, que ce soit sur le site web ou au bureau de vente directe, la r\u00e9duction de<\/p>\n<p style=\"text-align: justify;\">\u00a0\u00a010% sera appliqu\u00e9e uniquement en cas de paiement unique.<\/p>\n<p style=\"text-align: justify;\">\u00a0De plus, si vous achetez votre billet en ligne, vous b\u00e9n\u00e9ficierez d&rsquo;une r\u00e9duction de 30% sur le prix des boissons au bar du bateau. Pour ce faire, vous devez pr\u00e9senter le billet au personnel. Cette promotion s&rsquo;applique uniquement aux trajets Navigation \u00e0 Bilbao et Navigation vers la mer.<\/p>\n<p style=\"text-align: justify;\">\u00a0<span style=\"color: #000000;\"><strong>Les mineurs peuvent-ils voyager sans la compagnie d&rsquo;un adulte?<\/strong><\/span><\/p>\n<p style=\"text-align: justify;\">Non, les mineurs de moins de 18 ans doivent toujours \u00eatre accompagn\u00e9s d&rsquo;un adulte.<\/p>\n<p style=\"text-align: justify;\">\u00a0<strong><span style=\"color: #000000;\">Comment obtenir la facture de mon voyage?<\/span><\/strong><\/p>\n<p style=\"text-align: justify;\">Si vous avez besoin d&rsquo;une facture, vous devez remplir les donn\u00e9es de la r\u00e9servation (formulaire) avec les informations que vous souhaitez voir appara\u00eetre. Une fois que vous recevrez le billet d&rsquo;achat, vous trouverez un lien en bas pour la t\u00e9l\u00e9charger.<\/p>\n<p style=\"text-align: justify;\"><strong><span style=\"color: #000000;\">Peut-on r\u00e9server le service pour une f\u00eate priv\u00e9e?<\/span><\/strong><\/p>\n<p style=\"text-align: justify;\">Bien s\u00fbr. Il vous suffit de nous contacter et de nous dire quel est votre plan, et nous vous aiderons \u00e0 le r\u00e9aliser.<\/p>\n<p style=\"text-align: justify;\"><span style=\"color: #000000;\"><strong>Organisez-vous des voyages sp\u00e9ciaux pour les groupes?<\/strong><\/span><\/p>\n<p style=\"text-align: justify;\">Oui. Contactez-nous \u00e0 bilboats@bilboats.com, dites-nous ce que vous aimeriez faire et nous vous expliquerons toutes les possibilit\u00e9s.<\/p>\n<p style=\"text-align: left;\">\n<p>[\/et_pb_text][et_pb_divider color=\u00a0\u00bbrgba(0,0,0,0.21)\u00a0\u00bb _builder_version=\u00a0\u00bb4.16&Prime; global_colors_info=\u00a0\u00bb{}\u00a0\u00bb][\/et_pb_divider][\/et_pb_column][\/et_pb_row][\/et_pb_section][et_pb_section fb_built=\u00a0\u00bb1&Prime; fullwidth=\u00a0\u00bbon\u00a0\u00bb _builder_version=\u00a0\u00bb4.16&Prime; bottom_divider_color=\u00a0\u00bb#ffffff\u00a0\u00bb bottom_divider_style_tablet=\u00a0\u00bbnone\u00a0\u00bb bottom_divider_style_phone=\u00a0\u00bb\u00a0\u00bb bottom_divider_style_last_edited=\u00a0\u00bbon|phone\u00a0\u00bb global_colors_info=\u00a0\u00bb{}\u00a0\u00bb][et_pb_fullwidth_image src=\u00a0\u00bbhttps:\/\/www.bilboats.com\/wp-content\/uploads\/2020\/01\/Bilboats-inicio-1.jpg\u00a0\u00bb admin_label=\u00a0\u00bbImagen anchura completa Bilboats\u00a0\u00bb _builder_version=\u00a0\u00bb4.16&Prime; background_enable_image=\u00a0\u00bboff\u00a0\u00bb parallax=\u00a0\u00bbon\u00a0\u00bb global_colors_info=\u00a0\u00bb{}\u00a0\u00bb][\/et_pb_fullwidth_image][\/et_pb_section]<\/p>\n","protected":false},"excerpt":{"rendered":"<p>QUESTIONS FR\u00c9QUEMMENT POS\u00c9ES F.A.Q.s Que dois-je savoir avant d&rsquo;acheter un billet? Nous vous recommandons de bien conna\u00eetre le jour, l&rsquo;itin\u00e9raire choisi ainsi que l&rsquo;heure de d\u00e9part et la dur\u00e9e du trajet avant d&rsquo;acheter le billet. Comment puis-je acheter un billet? Vous pouvez obtenir vos billets sur notre site web ou dans notre magasin situ\u00e9 sur [&hellip;]<\/p>\n","protected":false},"author":1,"featured_media":0,"parent":0,"menu_order":0,"comment_status":"closed","ping_status":"closed","template":"","meta":{"_et_pb_use_builder":"on","_et_pb_old_content":"","_et_gb_content_width":"","footnotes":""},"class_list":["post-1896","page","type-page","status-publish","hentry"],"yoast_head":"<!-- This site is optimized with the Yoast SEO plugin v27.1.1 - https:\/\/yoast.com\/product\/yoast-seo-wordpress\/ -->\n<title>PREGUNTAS FRECUENTES - Bilboats<\/title>\n<meta name=\"robots\" content=\"noindex, nofollow\" \/>\n<meta property=\"og:locale\" content=\"fr_FR\" \/>\n<meta property=\"og:type\" content=\"article\" \/>\n<meta property=\"og:title\" content=\"PREGUNTAS FRECUENTES - Bilboats\" \/>\n<meta property=\"og:description\" content=\"QUESTIONS FR\u00c9QUEMMENT POS\u00c9ES F.A.Q.s Que dois-je savoir avant d&#039;acheter un billet? Nous vous recommandons de bien conna\u00eetre le jour, l&#039;itin\u00e9raire choisi ainsi que l&#039;heure de d\u00e9part et la dur\u00e9e du trajet avant d&#039;acheter le billet. Comment puis-je acheter un billet? Vous pouvez obtenir vos billets sur notre site web ou dans notre magasin situ\u00e9 sur [&hellip;]\" \/>\n<meta property=\"og:url\" content=\"https:\/\/www.bilboats.com\/fr\/preguntas-frecuentes\/\" \/>\n<meta property=\"og:site_name\" content=\"Bilboats\" \/>\n<meta property=\"article:modified_time\" content=\"2024-01-29T09:12:38+00:00\" \/>\n<meta property=\"og:image\" content=\"https:\/\/www.bilboats.com\/wp-content\/uploads\/2020\/02\/preguntas-gorria.png\" \/>\n<meta name=\"twitter:card\" content=\"summary_large_image\" \/>\n<meta name=\"twitter:label1\" content=\"Dur\u00e9e de lecture estim\u00e9e\" \/>\n\t<meta name=\"twitter:data1\" content=\"9 minutes\" \/>\n<script type=\"application\/ld+json\" class=\"yoast-schema-graph\">{\"@context\":\"https:\/\/schema.org\",\"@graph\":[{\"@type\":\"WebPage\",\"@id\":\"https:\/\/www.bilboats.com\/fr\/preguntas-frecuentes\/\",\"url\":\"https:\/\/www.bilboats.com\/fr\/preguntas-frecuentes\/\",\"name\":\"PREGUNTAS FRECUENTES - Bilboats\",\"isPartOf\":{\"@id\":\"https:\/\/www.bilboats.com\/fr\/#website\"},\"primaryImageOfPage\":{\"@id\":\"https:\/\/www.bilboats.com\/fr\/preguntas-frecuentes\/#primaryimage\"},\"image\":{\"@id\":\"https:\/\/www.bilboats.com\/fr\/preguntas-frecuentes\/#primaryimage\"},\"thumbnailUrl\":\"https:\/\/www.bilboats.com\/wp-content\/uploads\/2020\/02\/preguntas-gorria.png\",\"datePublished\":\"2020-03-05T09:45:22+00:00\",\"dateModified\":\"2024-01-29T09:12:38+00:00\",\"breadcrumb\":{\"@id\":\"https:\/\/www.bilboats.com\/fr\/preguntas-frecuentes\/#breadcrumb\"},\"inLanguage\":\"fr-FR\",\"potentialAction\":[{\"@type\":\"ReadAction\",\"target\":[\"https:\/\/www.bilboats.com\/fr\/preguntas-frecuentes\/\"]}]},{\"@type\":\"ImageObject\",\"inLanguage\":\"fr-FR\",\"@id\":\"https:\/\/www.bilboats.com\/fr\/preguntas-frecuentes\/#primaryimage\",\"url\":\"https:\/\/www.bilboats.com\/wp-content\/uploads\/2020\/02\/preguntas-gorria.png\",\"contentUrl\":\"https:\/\/www.bilboats.com\/wp-content\/uploads\/2020\/02\/preguntas-gorria.png\"},{\"@type\":\"BreadcrumbList\",\"@id\":\"https:\/\/www.bilboats.com\/fr\/preguntas-frecuentes\/#breadcrumb\",\"itemListElement\":[{\"@type\":\"ListItem\",\"position\":1,\"name\":\"Portada\",\"item\":\"https:\/\/www.bilboats.com\/fr\/\"},{\"@type\":\"ListItem\",\"position\":2,\"name\":\"PREGUNTAS FRECUENTES\"}]},{\"@type\":\"WebSite\",\"@id\":\"https:\/\/www.bilboats.com\/fr\/#website\",\"url\":\"https:\/\/www.bilboats.com\/fr\/\",\"name\":\"Bilboats\",\"description\":\"La manera m\u00e1s atractiva de conocer Bilbao\",\"potentialAction\":[{\"@type\":\"SearchAction\",\"target\":{\"@type\":\"EntryPoint\",\"urlTemplate\":\"https:\/\/www.bilboats.com\/fr\/?s={search_term_string}\"},\"query-input\":{\"@type\":\"PropertyValueSpecification\",\"valueRequired\":true,\"valueName\":\"search_term_string\"}}],\"inLanguage\":\"fr-FR\"}]}<\/script>\n<!-- \/ Yoast SEO plugin. -->","yoast_head_json":{"title":"PREGUNTAS FRECUENTES - Bilboats","robots":{"index":"noindex","follow":"nofollow"},"og_locale":"fr_FR","og_type":"article","og_title":"PREGUNTAS FRECUENTES - Bilboats","og_description":"QUESTIONS FR\u00c9QUEMMENT POS\u00c9ES F.A.Q.s Que dois-je savoir avant d'acheter un billet? Nous vous recommandons de bien conna\u00eetre le jour, l'itin\u00e9raire choisi ainsi que l'heure de d\u00e9part et la dur\u00e9e du trajet avant d'acheter le billet. Comment puis-je acheter un billet? Vous pouvez obtenir vos billets sur notre site web ou dans notre magasin situ\u00e9 sur [&hellip;]","og_url":"https:\/\/www.bilboats.com\/fr\/preguntas-frecuentes\/","og_site_name":"Bilboats","article_modified_time":"2024-01-29T09:12:38+00:00","og_image":[{"url":"https:\/\/www.bilboats.com\/wp-content\/uploads\/2020\/02\/preguntas-gorria.png","type":"","width":"","height":""}],"twitter_card":"summary_large_image","twitter_misc":{"Dur\u00e9e de lecture estim\u00e9e":"9 minutes"},"schema":{"@context":"https:\/\/schema.org","@graph":[{"@type":"WebPage","@id":"https:\/\/www.bilboats.com\/fr\/preguntas-frecuentes\/","url":"https:\/\/www.bilboats.com\/fr\/preguntas-frecuentes\/","name":"PREGUNTAS FRECUENTES - Bilboats","isPartOf":{"@id":"https:\/\/www.bilboats.com\/fr\/#website"},"primaryImageOfPage":{"@id":"https:\/\/www.bilboats.com\/fr\/preguntas-frecuentes\/#primaryimage"},"image":{"@id":"https:\/\/www.bilboats.com\/fr\/preguntas-frecuentes\/#primaryimage"},"thumbnailUrl":"https:\/\/www.bilboats.com\/wp-content\/uploads\/2020\/02\/preguntas-gorria.png","datePublished":"2020-03-05T09:45:22+00:00","dateModified":"2024-01-29T09:12:38+00:00","breadcrumb":{"@id":"https:\/\/www.bilboats.com\/fr\/preguntas-frecuentes\/#breadcrumb"},"inLanguage":"fr-FR","potentialAction":[{"@type":"ReadAction","target":["https:\/\/www.bilboats.com\/fr\/preguntas-frecuentes\/"]}]},{"@type":"ImageObject","inLanguage":"fr-FR","@id":"https:\/\/www.bilboats.com\/fr\/preguntas-frecuentes\/#primaryimage","url":"https:\/\/www.bilboats.com\/wp-content\/uploads\/2020\/02\/preguntas-gorria.png","contentUrl":"https:\/\/www.bilboats.com\/wp-content\/uploads\/2020\/02\/preguntas-gorria.png"},{"@type":"BreadcrumbList","@id":"https:\/\/www.bilboats.com\/fr\/preguntas-frecuentes\/#breadcrumb","itemListElement":[{"@type":"ListItem","position":1,"name":"Portada","item":"https:\/\/www.bilboats.com\/fr\/"},{"@type":"ListItem","position":2,"name":"PREGUNTAS FRECUENTES"}]},{"@type":"WebSite","@id":"https:\/\/www.bilboats.com\/fr\/#website","url":"https:\/\/www.bilboats.com\/fr\/","name":"Bilboats","description":"La manera m\u00e1s atractiva de conocer Bilbao","potentialAction":[{"@type":"SearchAction","target":{"@type":"EntryPoint","urlTemplate":"https:\/\/www.bilboats.com\/fr\/?s={search_term_string}"},"query-input":{"@type":"PropertyValueSpecification","valueRequired":true,"valueName":"search_term_string"}}],"inLanguage":"fr-FR"}]}},"_links":{"self":[{"href":"https:\/\/www.bilboats.com\/fr\/wp-json\/wp\/v2\/pages\/1896","targetHints":{"allow":["GET"]}}],"collection":[{"href":"https:\/\/www.bilboats.com\/fr\/wp-json\/wp\/v2\/pages"}],"about":[{"href":"https:\/\/www.bilboats.com\/fr\/wp-json\/wp\/v2\/types\/page"}],"author":[{"embeddable":true,"href":"https:\/\/www.bilboats.com\/fr\/wp-json\/wp\/v2\/users\/1"}],"replies":[{"embeddable":true,"href":"https:\/\/www.bilboats.com\/fr\/wp-json\/wp\/v2\/comments?post=1896"}],"version-history":[{"count":6,"href":"https:\/\/www.bilboats.com\/fr\/wp-json\/wp\/v2\/pages\/1896\/revisions"}],"predecessor-version":[{"id":4848,"href":"https:\/\/www.bilboats.com\/fr\/wp-json\/wp\/v2\/pages\/1896\/revisions\/4848"}],"wp:attachment":[{"href":"https:\/\/www.bilboats.com\/fr\/wp-json\/wp\/v2\/media?parent=1896"}],"curies":[{"name":"wp","href":"https:\/\/api.w.org\/{rel}","templated":true}]}}