{"id":1642,"date":"2020-02-18T07:58:02","date_gmt":"2020-02-18T07:58:02","guid":{"rendered":"https:\/\/www.bilboats.com\/cookies\/"},"modified":"2020-02-18T07:58:16","modified_gmt":"2020-02-18T07:58:16","slug":"cookies","status":"publish","type":"page","link":"https:\/\/www.bilboats.com\/fr\/cookies\/","title":{"rendered":"COOKIES"},"content":{"rendered":"\n\n[et_pb_section fb_built=\u00a0\u00bb1&Prime; _builder_version=\u00a0\u00bb4.0.11&Prime; background_color=\u00a0\u00bb#930400&Prime; use_background_color_gradient=\u00a0\u00bbon\u00a0\u00bb background_color_gradient_start=\u00a0\u00bb#930400&Prime; background_color_gradient_end=\u00a0\u00bb#b82821&Prime; height=\u00a0\u00bb122px\u00a0\u00bb max_height=\u00a0\u00bb998px\u00a0\u00bb custom_padding=\u00a0\u00bb0px||0px|||\u00a0\u00bb bottom_divider_flip=\u00a0\u00bbvertical|horizontal\u00a0\u00bb border_color_all=\u00a0\u00bbrgba(51,51,51,0.13)\u00a0\u00bb border_width_top=\u00a0\u00bb2px\u00a0\u00bb border_color_top=\u00a0\u00bb#ffffff\u00a0\u00bb locked=\u00a0\u00bboff\u00a0\u00bb][et_pb_row _builder_version=\u00a0\u00bb4.0.11&Prime; custom_padding=\u00a0\u00bb10px|||||\u00a0\u00bb][et_pb_column type=\u00a0\u00bb4_4&Prime; _builder_version=\u00a0\u00bb4.0.11&Prime;][et_pb_text admin_label=\u00a0\u00bbCOMPRA TUS BILLETES\u00a0\u00bb _builder_version=\u00a0\u00bb4.0.11&Prime; text_font=\u00a0\u00bbLato|700|||||||\u00a0\u00bb text_text_color=\u00a0\u00bb#ffffff\u00a0\u00bb text_font_size=\u00a0\u00bb16px\u00a0\u00bb text_letter_spacing=\u00a0\u00bb2px\u00a0\u00bb text_line_height=\u00a0\u00bb1.6em\u00a0\u00bb header_font=\u00a0\u00bbOswald|700|||||||\u00a0\u00bb header_text_color=\u00a0\u00bb#ffffff\u00a0\u00bb header_font_size=\u00a0\u00bb32px\u00a0\u00bb header_2_font=\u00a0\u00bbOswald|700|||||||\u00a0\u00bb header_2_font_size=\u00a0\u00bb40px\u00a0\u00bb header_3_font=\u00a0\u00bbOswald||||||||\u00a0\u00bb header_3_text_color=\u00a0\u00bb#ffffff\u00a0\u00bb header_3_font_size=\u00a0\u00bb25px\u00a0\u00bb custom_margin=\u00a0\u00bb7px|0px|-33px|3px|false|false\u00a0\u00bb custom_padding=\u00a0\u00bb29px||0px|0px|false|false\u00a0\u00bb header_font_tablet=\u00a0\u00bb\u00a0\u00bb header_font_phone=\u00a0\u00bb\u00a0\u00bb header_font_last_edited=\u00a0\u00bbon|phone\u00a0\u00bb header_font_size_tablet=\u00a0\u00bb\u00a0\u00bb header_font_size_phone=\u00a0\u00bb26px\u00a0\u00bb header_font_size_last_edited=\u00a0\u00bbon|phone\u00a0\u00bb header_2_font_size_tablet=\u00a0\u00bb\u00a0\u00bb header_2_font_size_phone=\u00a0\u00bb30px\u00a0\u00bb header_2_font_size_last_edited=\u00a0\u00bbon|phone\u00a0\u00bb locked=\u00a0\u00bboff\u00a0\u00bb]<h1 style=\"text-align: left;\">COOKIES LEGACY<\/h1>\r\n<p style=\"text-align: center;\"><\/p>[\/et_pb_text][\/et_pb_column][\/et_pb_row][\/et_pb_section][et_pb_section fb_built=\u00a0\u00bb1&Prime; admin_label=\u00a0\u00bbNAVEGANDO BILBAO\u00a0\u00bb _builder_version=\u00a0\u00bb4.0.11&Prime; background_color=\u00a0\u00bb#ffffff\u00a0\u00bb background_enable_image=\u00a0\u00bboff\u00a0\u00bb custom_padding=\u00a0\u00bb0px||0px|||\u00a0\u00bb top_divider_style=\u00a0\u00bbwave2&Prime; top_divider_color=\u00a0\u00bb#b82821&Prime; top_divider_style_tablet=\u00a0\u00bb\u00a0\u00bb top_divider_style_phone=\u00a0\u00bb\u00a0\u00bb top_divider_style_last_edited=\u00a0\u00bbon|tablet\u00a0\u00bb top_divider_height_tablet=\u00a0\u00bb75px\u00a0\u00bb top_divider_height_phone=\u00a0\u00bb52px\u00a0\u00bb top_divider_height_last_edited=\u00a0\u00bbon|tablet\u00a0\u00bb][et_pb_row admin_label=\u00a0\u00bbSection Header\u00a0\u00bb _builder_version=\u00a0\u00bb4.0.11&Prime; background_color=\u00a0\u00bbrgba(0,0,0,0)\u00a0\u00bb module_alignment=\u00a0\u00bbcenter\u00a0\u00bb custom_margin=\u00a0\u00bb|auto||519px||\u00a0\u00bb custom_padding=\u00a0\u00bb40px|0px|0px|0px||\u00a0\u00bb][et_pb_column type=\u00a0\u00bb4_4&Prime; _builder_version=\u00a0\u00bb3.25&Prime; custom_padding=\u00a0\u00bb|||\u00a0\u00bb custom_padding__hover=\u00a0\u00bb|||\u00a0\u00bb][et_pb_divider divider_weight=\u00a0\u00bb9px\u00a0\u00bb color_tablet=\u00a0\u00bb\u00a0\u00bb color_phone=\u00a0\u00bb\u00a0\u00bb color_last_edited=\u00a0\u00bbon|tablet\u00a0\u00bb show_divider_tablet=\u00a0\u00bb\u00a0\u00bb show_divider_phone=\u00a0\u00bbon\u00a0\u00bb show_divider_last_edited=\u00a0\u00bbon|desktop\u00a0\u00bb divider_weight_tablet=\u00a0\u00bb\u00a0\u00bb divider_weight_phone=\u00a0\u00bb\u00a0\u00bb divider_weight_last_edited=\u00a0\u00bbon|tablet\u00a0\u00bb _builder_version=\u00a0\u00bb4.0.11&Prime; width=\u00a0\u00bb9%\u00a0\u00bb width_tablet=\u00a0\u00bb16%\u00a0\u00bb width_phone=\u00a0\u00bb24%\u00a0\u00bb width_last_edited=\u00a0\u00bbon|phone\u00a0\u00bb max_width=\u00a0\u00bb100%\u00a0\u00bb custom_margin=\u00a0\u00bb|0px|14px||false|false\u00a0\u00bb custom_padding=\u00a0\u00bb|980px|||false|false\u00a0\u00bb][\/et_pb_divider][et_pb_text admin_label=\u00a0\u00bbNAVEGANDO BILBAO\u00a0\u00bb _builder_version=\u00a0\u00bb4.0.11&Prime; text_font=\u00a0\u00bbLato||||||||\u00a0\u00bb text_font_size=\u00a0\u00bb16px\u00a0\u00bb text_line_height=\u00a0\u00bb1.4em\u00a0\u00bb header_2_font=\u00a0\u00bbOswald|500|||||||\u00a0\u00bb header_2_text_color=\u00a0\u00bb#b82821&Prime; header_2_font_size=\u00a0\u00bb25px\u00a0\u00bb header_3_font=\u00a0\u00bbOswald||||||||\u00a0\u00bb header_3_font_size=\u00a0\u00bb25px\u00a0\u00bb background_color=\u00a0\u00bbrgba(0,0,0,0)\u00a0\u00bb custom_margin=\u00a0\u00bb|0px|24px||false|false\u00a0\u00bb custom_margin_tablet=\u00a0\u00bb\u00a0\u00bb custom_margin_phone=\u00a0\u00bb\u00a0\u00bb custom_margin_last_edited=\u00a0\u00bbon|desktop\u00a0\u00bb custom_padding=\u00a0\u00bb|300px|0px|2px|false|false\u00a0\u00bb custom_padding_tablet=\u00a0\u00bb|0px|||false|false\u00a0\u00bb custom_padding_phone=\u00a0\u00bb\u00a0\u00bb custom_padding_last_edited=\u00a0\u00bbon|desktop\u00a0\u00bb hover_enabled=\u00a0\u00bb0&Prime; header_2_font_size_tablet=\u00a0\u00bb\u00a0\u00bb header_2_font_size_phone=\u00a0\u00bb25px\u00a0\u00bb header_2_font_size_last_edited=\u00a0\u00bbon|phone\u00a0\u00bb]<h2><span style=\"color: #333333; font-size: 18px;\">\r\n1.\u00a0INFORMACI\u00d3N SOBRE COOKIES<\/span><\/h2>\r\n<span style=\"font-size: 16px;\">Debido a la entrada en vigor de la referente modificaci\u00f3n de la \u201cLey de Servicios de la Sociedad de la Informaci\u00f3n\u201d (LSSICE) establecida por el Real Decreto 13\/2012, es de obligaci\u00f3n obtener el consentimiento expreso del usuario de todas las p\u00e1ginas web que usan cookies prescindibles, antes de que \u00e9ste navegue por ellas.<\/span>\r\n\r\n&nbsp;\r\n\r\n&nbsp;\r\n<h4>2. DERECHOS DE PROPIEDAD INTELECTUAL E INDUSTRIAL<\/h4>\r\nLas cookies y otras tecnolog\u00edas similares tales como local shared objects, flash cookies o p\u00edxeles, son herramientas empleadas por los servidores Web para almacenar y recuperar informaci\u00f3n acerca de sus visitantes, as\u00ed como para ofrecer un correcto funcionamiento del sitio.\r\n\r\nMediante el uso de estos dispositivos se permite al servidor Web recordar algunos datos concernientes al usuario, como sus preferencias para la visualizaci\u00f3n de las p\u00e1ginas de ese servidor, nombre y contrase\u00f1a, productos que m\u00e1s le interesan, etc.\r\n\r\n&nbsp;\r\n<h4>3. COOKIES AFECTADAS POR LA NORMATIVA Y COOKIES EXCEPTUADAS<\/h4>\r\nSeg\u00fan la directiva de la UE, las cookies que requieren el consentimiento informado por parte del usuario son las cookies de anal\u00edtica y las de publicidad y afiliaci\u00f3n, quedando exceptuadas las de car\u00e1cter t\u00e9cnico y las necesarias para el funcionamiento del sitio web o la prestaci\u00f3n de servicios expresamente solicitados por el usuario.\r\n\r\n&nbsp;\r\n<h4>4.\u00a0\u00bfQU\u00c9 TIPOS DE COOKIES EXISTEN?<\/h4>\r\nSobre los tipos de cookies, existen cinco grandes grupos:\r\n<ul>\r\n \t<li>Cookies anal\u00edticas: recogen informaci\u00f3n del uso que se realiza del sitio web.Cookies anal\u00edticas: recogen informaci\u00f3n del uso que se realiza del sitio web.<\/li>\r\n \t<li>Cookies sociales: son aquellas necesarias para redes sociales externas.<\/li>\r\n \t<li>Cookies de afiliados: permiten hacer un seguimiento de las visitas procedentes de otras webs, con las que el sitio web establece un contrato de afiliaci\u00f3n (empresas de afiliaci\u00f3n).<\/li>\r\n \t<li>Cookies de publicidad y comportamentales: recogen informaci\u00f3n sobre las preferencias y elecciones personales del usuario (retargeting).<\/li>\r\n \t<li>Cookies t\u00e9cnicas y funcionales: son las estrictamente necesarias para el uso del sitio web y para la prestaci\u00f3n del servicio contratado.<\/li>\r\n<\/ul>\r\n&nbsp;\r\n<h4>5. COOKIES QUE SE UTILIZAN EN ESTE SITIO WEB<\/h4>\r\n<ul>\r\n \t<li>PHPSESSID: cookie t\u00e9cnica y estrictamente necesaria que contiene el identificador de la sesi\u00f3n. Se elimina al cerrar el navegador.<\/li>\r\n \t<li>_lang: cookie t\u00e9cnica y estrictamente necesaria que contiene el idioma de la sesi\u00f3n. Se elimina al cerrar el navegador.<\/li>\r\n \t<li>ac_cookies: cookie t\u00e9cnica y estrictamente necesaria que contiene el valor de si se ha aceptado la instalaci\u00f3n de cookies. Caduca en 1 a\u00f1o desde la \u00faltima actualizaci\u00f3n.<\/li>\r\n \t<li>_utma: cookie de Google Analytics que registra la fecha de la primera y \u00faltima vez que el usuario visti\u00f3 el sitio web. Caduca a los 2 a\u00f1os desde la \u00faltima actualizaci\u00f3n.<\/li>\r\n \t<li>_utmb: cookie de Google Analytics que registra la hora de llegada a la p\u00e1gina web. Caduca a los 30 minutos desde la \u00faltima actualizaci\u00f3n.<\/li>\r\n \t<li>_utmc: cookie de Google Analytics utilizada para la interoperabilidad con el c\u00f3digo de seguimiento urchin.js. Se elimina al cerrar el navegador.<\/li>\r\n \t<li>_utmt: cookie de Google Analytics. Esta cookie se utiliza para procesar el tipo de solicitud pedida por el usuario. Caduca al finalizar la sesi\u00f3n.<\/li>\r\n \t<li>_utmv: cookie de Google Analytics. Esta cookie se utiliza para segmentar datos demogr\u00e1ficos. Caduca al finalizar la sesi\u00f3n.<\/li>\r\n \t<li>_utmz: cookie de Google Analytics que almacena la fuente de tr\u00e1fico o una campa\u00f1a para explicar c\u00f3mo el usuario lleg\u00f3 al sitio web. Caduca a los 6 meses desde la \u00faltima actualizaci\u00f3n.<\/li>\r\n<\/ul>\r\n&nbsp;\r\n<h4>6. REVOCACI\u00d3N DEL CONSENTIMIENTO PARA INSTALAR COOKIES. C\u00d3MO ELIMINAR LAS COOKIES DEL NAVEGADOR<\/h4>\r\n<strong>Chrome<\/strong>\r\n1. Selecciona el icono de Herramientas\r\n2. Haz clic en Configuraci\u00f3n.\r\n3. Haz clic en Mostrar Opciones Avanzadas.\r\n4. En la secci\u00f3n \u00ab\u00a0Privacidad\u00a0\u00bb haz clic en Configuraci\u00f3n de contenido.\u2028\u2022 Eliminar cookies: Haz clic en Todas las cookies y los datos de sitios\u2026\u2028\u2022 No permitir que se almacenen cookies.\r\n5. Haz clic en Eliminar datos de navegaci\u00f3n (vaciar la Cach\u00e9).\r\n6. Cierra y reinicia el navegador.\r\nPara m\u00e1s informaci\u00f3n sobre Chrome pulse aqu\u00ed:\u00a0<a href=\"http:\/\/support.google.com\/chrome\/answer\/95647?hl=es\">http:\/\/support.google.com\/chrome\/answer\/95647?hl=es<\/a>\r\n\r\n<strong>\u2028Internet Explorer. Versi\u00f3n 11<\/strong>\r\n1. Selecciona Herramientas | Opciones de Internet.\r\n2. Haz clic en la ficha General.\r\n3. En la secci\u00f3n \u00ab\u00a0Historial de exploraci\u00f3n\u00a0\u00bb, haz clic en Eliminar el historial de exploraci\u00f3n al salir.\r\n4. Seleccionar Eliminar archivos.\r\n5. Seleccionar Eliminar cookies.\r\n6. Haz clic en Eliminar.\r\n7. Haz clic en Aceptar.\r\n8. Cierra y reinicia el navegador.\r\nPara m\u00e1s informaci\u00f3n sobre Internet Explorer pulse aqu\u00ed:\u00a0<a href=\"https:\/\/support.microsoft.com\/es-es\/kb\/278835\">https:\/\/support.microsoft.com\/es-es\/kb\/278835<\/a>\r\n\r\n<strong>Firefox. Versi\u00f3n 18<\/strong>\r\n1. Selecciona Firefox | Historial | Limpiar el historial reciente.\r\n2. Al lado de \u00ab\u00a0Detalles\u00a0\u00bb, haz clic en la flecha hacia abajo.\r\n3. Selecciona las siguientes casillas de verificaci\u00f3n: Cookies, Cach\u00e9, Inicios de sesi\u00f3n activos\r\n4. Usando el \u00ab\u00a0Intervalo de tiempo para borrar\u00a0\u00bb en el men\u00fa desplegable, selecciona Todo.\r\n5. Haz clic en Borrar ahora.\r\n6. Cierra y reinicia el navegador.\u2028Puede aceptar o rechazar las cookies individualmente en las Preferencias de Firefox, en la secci\u00f3n Historial disponible en\u2028Herramientas &gt; Opciones &gt; Privacidad.\r\nPara m\u00e1s informaci\u00f3n sobre Mozilla Firefox pulse aqu\u00ed:\u00a0<a href=\"https:\/\/www.mozilla.org\/es-ES\/privacy\/websites\/#cookies\">https:\/\/www.mozilla.org\/es-ES\/privacy\/websites\/#cookies<\/a>\r\n\r\n<strong>\u2028Safari Versi\u00f3n 5.1\r\n<\/strong>1. Selecciona el icono de Safari \/ Editar | Restaurar Safari.\r\n2. Selecciona las siguientes casillas de verificaci\u00f3n: Borrar el historial, Eliminar todos los datos de sitio web\r\n3. Haz clic en Restablecer.\u20284. Cierra y reinicia el navegador.\r\nPara m\u00e1s informaci\u00f3n sobre Safari pulse aqu\u00ed:\u00a0<a href=\"https:\/\/support.apple.com\/kb\/ph21411?locale=es_ES\">https:\/\/support.apple.com\/kb\/ph21411?locale=es_ES<\/a>\r\n\r\n<strong>Opera<\/strong>\r\nOpciones &#8211; Avanzado &#8211; Cookies.\u2028Las opciones de cookies controlan el modo en que Opera los maneja y por lo tanto su aceptaci\u00f3n o rechazo.\u2028Para m\u00e1s informaci\u00f3n sobre \u00d3pera pulse aqu\u00ed:\u00a0https:\/\/help.opera.com\/en\/latest\/security-and-privacy\/#clearBrowsingData\r\n\r\n<strong>Otros navegadores\u2028\u2028<\/strong>\r\nConsulte la documentaci\u00f3n del navegador que tenga instalado.\r\n\r\n&nbsp;\r\n\r\n&nbsp;\r\n<p style=\"text-align: left;\"><\/p>[\/et_pb_text][et_pb_divider color=\u00a0\u00bbrgba(0,0,0,0.21)\u00a0\u00bb _builder_version=\u00a0\u00bb4.0.11&Prime;][\/et_pb_divider][\/et_pb_column][\/et_pb_row][\/et_pb_section][et_pb_section fb_built=\u00a0\u00bb1&Prime; fullwidth=\u00a0\u00bbon\u00a0\u00bb _builder_version=\u00a0\u00bb4.0.11&Prime; bottom_divider_color=\u00a0\u00bb#ffffff\u00a0\u00bb bottom_divider_style_tablet=\u00a0\u00bbnone\u00a0\u00bb bottom_divider_style_phone=\u00a0\u00bb\u00a0\u00bb bottom_divider_style_last_edited=\u00a0\u00bbon|phone\u00a0\u00bb][et_pb_fullwidth_image src=\u00a0\u00bbhttps:\/\/www.bilboats.com\/wp-content\/uploads\/2020\/01\/Bilboats-inicio-1.jpg\u00a0\u00bb admin_label=\u00a0\u00bbImagen anchura completa Bilboats\u00a0\u00bb _builder_version=\u00a0\u00bb4.0.11&Prime; background_enable_image=\u00a0\u00bboff\u00a0\u00bb parallax=\u00a0\u00bbon\u00a0\u00bb][\/et_pb_fullwidth_image][\/et_pb_section]\n\n","protected":false},"excerpt":{"rendered":"<p>COOKIES LEGACY 1.\u00a0INFORMACI\u00d3N SOBRE COOKIES Debido a la entrada en vigor de la referente modificaci\u00f3n de la \u201cLey de Servicios de la Sociedad de la Informaci\u00f3n\u201d (LSSICE) establecida por el Real Decreto 13\/2012, es de obligaci\u00f3n obtener el consentimiento expreso del usuario de todas las p\u00e1ginas web que usan cookies prescindibles, antes de que \u00e9ste [&hellip;]<\/p>\n","protected":false},"author":1,"featured_media":0,"parent":0,"menu_order":0,"comment_status":"closed","ping_status":"closed","template":"","meta":{"_et_pb_use_builder":"on","_et_pb_old_content":"","_et_gb_content_width":"","footnotes":""},"class_list":["post-1642","page","type-page","status-publish","hentry"],"yoast_head":"<!-- This site is optimized with the Yoast SEO plugin v27.1.1 - https:\/\/yoast.com\/product\/yoast-seo-wordpress\/ -->\n<title>COOKIES - Bilboats<\/title>\n<meta name=\"robots\" content=\"noindex, nofollow\" \/>\n<meta property=\"og:locale\" content=\"fr_FR\" \/>\n<meta property=\"og:type\" content=\"article\" \/>\n<meta property=\"og:title\" content=\"COOKIES - Bilboats\" \/>\n<meta property=\"og:description\" content=\"COOKIES LEGACY 1.\u00a0INFORMACI\u00d3N SOBRE COOKIES Debido a la entrada en vigor de la referente modificaci\u00f3n de la \u201cLey de Servicios de la Sociedad de la Informaci\u00f3n\u201d (LSSICE) establecida por el Real Decreto 13\/2012, es de obligaci\u00f3n obtener el consentimiento expreso del usuario de todas las p\u00e1ginas web que usan cookies prescindibles, antes de que \u00e9ste [&hellip;]\" \/>\n<meta property=\"og:url\" content=\"https:\/\/www.bilboats.com\/fr\/cookies\/\" \/>\n<meta property=\"og:site_name\" content=\"Bilboats\" \/>\n<meta property=\"article:modified_time\" content=\"2020-02-18T07:58:16+00:00\" \/>\n<meta name=\"twitter:card\" content=\"summary_large_image\" \/>\n<meta name=\"twitter:label1\" content=\"Dur\u00e9e de lecture estim\u00e9e\" \/>\n\t<meta name=\"twitter:data1\" content=\"8 minutes\" \/>\n<script type=\"application\/ld+json\" class=\"yoast-schema-graph\">{\"@context\":\"https:\/\/schema.org\",\"@graph\":[{\"@type\":\"WebPage\",\"@id\":\"https:\/\/www.bilboats.com\/fr\/cookies\/\",\"url\":\"https:\/\/www.bilboats.com\/fr\/cookies\/\",\"name\":\"COOKIES - Bilboats\",\"isPartOf\":{\"@id\":\"https:\/\/www.bilboats.com\/fr\/#website\"},\"datePublished\":\"2020-02-18T07:58:02+00:00\",\"dateModified\":\"2020-02-18T07:58:16+00:00\",\"breadcrumb\":{\"@id\":\"https:\/\/www.bilboats.com\/fr\/cookies\/#breadcrumb\"},\"inLanguage\":\"fr-FR\",\"potentialAction\":[{\"@type\":\"ReadAction\",\"target\":[\"https:\/\/www.bilboats.com\/fr\/cookies\/\"]}]},{\"@type\":\"BreadcrumbList\",\"@id\":\"https:\/\/www.bilboats.com\/fr\/cookies\/#breadcrumb\",\"itemListElement\":[{\"@type\":\"ListItem\",\"position\":1,\"name\":\"Portada\",\"item\":\"https:\/\/www.bilboats.com\/fr\/\"},{\"@type\":\"ListItem\",\"position\":2,\"name\":\"COOKIES\"}]},{\"@type\":\"WebSite\",\"@id\":\"https:\/\/www.bilboats.com\/fr\/#website\",\"url\":\"https:\/\/www.bilboats.com\/fr\/\",\"name\":\"Bilboats\",\"description\":\"La manera m\u00e1s atractiva de conocer Bilbao\",\"potentialAction\":[{\"@type\":\"SearchAction\",\"target\":{\"@type\":\"EntryPoint\",\"urlTemplate\":\"https:\/\/www.bilboats.com\/fr\/?s={search_term_string}\"},\"query-input\":{\"@type\":\"PropertyValueSpecification\",\"valueRequired\":true,\"valueName\":\"search_term_string\"}}],\"inLanguage\":\"fr-FR\"}]}<\/script>\n<!-- \/ Yoast SEO plugin. -->","yoast_head_json":{"title":"COOKIES - Bilboats","robots":{"index":"noindex","follow":"nofollow"},"og_locale":"fr_FR","og_type":"article","og_title":"COOKIES - Bilboats","og_description":"COOKIES LEGACY 1.\u00a0INFORMACI\u00d3N SOBRE COOKIES Debido a la entrada en vigor de la referente modificaci\u00f3n de la \u201cLey de Servicios de la Sociedad de la Informaci\u00f3n\u201d (LSSICE) establecida por el Real Decreto 13\/2012, es de obligaci\u00f3n obtener el consentimiento expreso del usuario de todas las p\u00e1ginas web que usan cookies prescindibles, antes de que \u00e9ste [&hellip;]","og_url":"https:\/\/www.bilboats.com\/fr\/cookies\/","og_site_name":"Bilboats","article_modified_time":"2020-02-18T07:58:16+00:00","twitter_card":"summary_large_image","twitter_misc":{"Dur\u00e9e de lecture estim\u00e9e":"8 minutes"},"schema":{"@context":"https:\/\/schema.org","@graph":[{"@type":"WebPage","@id":"https:\/\/www.bilboats.com\/fr\/cookies\/","url":"https:\/\/www.bilboats.com\/fr\/cookies\/","name":"COOKIES - Bilboats","isPartOf":{"@id":"https:\/\/www.bilboats.com\/fr\/#website"},"datePublished":"2020-02-18T07:58:02+00:00","dateModified":"2020-02-18T07:58:16+00:00","breadcrumb":{"@id":"https:\/\/www.bilboats.com\/fr\/cookies\/#breadcrumb"},"inLanguage":"fr-FR","potentialAction":[{"@type":"ReadAction","target":["https:\/\/www.bilboats.com\/fr\/cookies\/"]}]},{"@type":"BreadcrumbList","@id":"https:\/\/www.bilboats.com\/fr\/cookies\/#breadcrumb","itemListElement":[{"@type":"ListItem","position":1,"name":"Portada","item":"https:\/\/www.bilboats.com\/fr\/"},{"@type":"ListItem","position":2,"name":"COOKIES"}]},{"@type":"WebSite","@id":"https:\/\/www.bilboats.com\/fr\/#website","url":"https:\/\/www.bilboats.com\/fr\/","name":"Bilboats","description":"La manera m\u00e1s atractiva de conocer Bilbao","potentialAction":[{"@type":"SearchAction","target":{"@type":"EntryPoint","urlTemplate":"https:\/\/www.bilboats.com\/fr\/?s={search_term_string}"},"query-input":{"@type":"PropertyValueSpecification","valueRequired":true,"valueName":"search_term_string"}}],"inLanguage":"fr-FR"}]}},"_links":{"self":[{"href":"https:\/\/www.bilboats.com\/fr\/wp-json\/wp\/v2\/pages\/1642","targetHints":{"allow":["GET"]}}],"collection":[{"href":"https:\/\/www.bilboats.com\/fr\/wp-json\/wp\/v2\/pages"}],"about":[{"href":"https:\/\/www.bilboats.com\/fr\/wp-json\/wp\/v2\/types\/page"}],"author":[{"embeddable":true,"href":"https:\/\/www.bilboats.com\/fr\/wp-json\/wp\/v2\/users\/1"}],"replies":[{"embeddable":true,"href":"https:\/\/www.bilboats.com\/fr\/wp-json\/wp\/v2\/comments?post=1642"}],"version-history":[{"count":5,"href":"https:\/\/www.bilboats.com\/fr\/wp-json\/wp\/v2\/pages\/1642\/revisions"}],"predecessor-version":[{"id":1647,"href":"https:\/\/www.bilboats.com\/fr\/wp-json\/wp\/v2\/pages\/1642\/revisions\/1647"}],"wp:attachment":[{"href":"https:\/\/www.bilboats.com\/fr\/wp-json\/wp\/v2\/media?parent=1642"}],"curies":[{"name":"wp","href":"https:\/\/api.w.org\/{rel}","templated":true}]}}