{"id":1622,"date":"2020-02-18T06:04:22","date_gmt":"2020-02-18T06:04:22","guid":{"rendered":"https:\/\/www.bilboats.com\/location\/"},"modified":"2024-01-29T11:39:55","modified_gmt":"2024-01-29T10:39:55","slug":"location","status":"publish","type":"page","link":"https:\/\/www.bilboats.com\/fr\/location\/","title":{"rendered":"Location"},"content":{"rendered":"<p>[et_pb_section fb_built=\u00a0\u00bb1&Prime; fullwidth=\u00a0\u00bbon\u00a0\u00bb admin_label=\u00a0\u00bbHeader Section\u00a0\u00bb _builder_version=\u00a0\u00bb4.16&Prime; background_color=\u00a0\u00bb#000000&Prime; custom_padding=\u00a0\u00bb|||\u00a0\u00bb global_colors_info=\u00a0\u00bb{}\u00a0\u00bb][et_pb_fullwidth_header title=\u00a0\u00bbLOCATION\u00a0\u00bb subhead=\u00a0\u00bbGROUPES-\u00c9V\u00c9NEMENTS-AFFAIRES\u00a0\u00bb text_orientation=\u00a0\u00bbcenter\u00a0\u00bb header_fullscreen=\u00a0\u00bbon\u00a0\u00bb header_scroll_down=\u00a0\u00bbon\u00a0\u00bb scroll_down_icon=\u00a0\u00bb%%2%%\u00a0\u00bb scroll_down_icon_color=\u00a0\u00bb#ffffff\u00a0\u00bb button_one_url=\u00a0\u00bb#ancla1&Prime; background_overlay_color=\u00a0\u00bbrgba(0,0,0,0.6)\u00a0\u00bb content_max_width=\u00a0\u00bb51%\u00a0\u00bb content_max_width_tablet=\u00a0\u00bb100%\u00a0\u00bb content_max_width_phone=\u00a0\u00bb\u00a0\u00bb content_max_width_last_edited=\u00a0\u00bbon|desktop\u00a0\u00bb admin_label=\u00a0\u00bbImagen Salidas Regulares\u00a0\u00bb _builder_version=\u00a0\u00bb4.16&Prime; title_font=\u00a0\u00bbOswald|700||on|||||\u00a0\u00bb title_text_align=\u00a0\u00bbcenter\u00a0\u00bb title_font_size=\u00a0\u00bb54px\u00a0\u00bb title_letter_spacing=\u00a0\u00bb0em\u00a0\u00bb content_font=\u00a0\u00bbLato||||||||\u00a0\u00bb content_font_size=\u00a0\u00bb20px\u00a0\u00bb subhead_font=\u00a0\u00bbOswald|600|||||||\u00a0\u00bb subhead_font_size=\u00a0\u00bb26px\u00a0\u00bb subhead_line_height=\u00a0\u00bb1.9em\u00a0\u00bb background_color=\u00a0\u00bb#000000&Prime; background_image=\u00a0\u00bbhttps:\/\/www.bilboats.com\/wp-content\/uploads\/2020\/01\/Bilboats-Alquiler-Barco.jpg\u00a0\u00bb parallax=\u00a0\u00bbon\u00a0\u00bb parallax_method=\u00a0\u00bbon\u00a0\u00bb background_enable_video_mp4=\u00a0\u00bboff\u00a0\u00bb custom_button_one=\u00a0\u00bbon\u00a0\u00bb button_one_text_size=\u00a0\u00bb15px\u00a0\u00bb button_one_bg_color=\u00a0\u00bb#b82821&Prime; button_one_border_width=\u00a0\u00bb10px\u00a0\u00bb button_one_border_color=\u00a0\u00bb#b82821&Prime; button_one_border_radius=\u00a0\u00bb0px\u00a0\u00bb button_one_letter_spacing=\u00a0\u00bb3px\u00a0\u00bb button_one_font=\u00a0\u00bbOswald|||on|\u00a0\u00bb button_one_use_icon=\u00a0\u00bboff\u00a0\u00bb animation_style=\u00a0\u00bbfade\u00a0\u00bb title_font_size_tablet=\u00a0\u00bb60px\u00a0\u00bb title_font_size_phone=\u00a0\u00bb40px\u00a0\u00bb title_font_size_last_edited=\u00a0\u00bbon|tablet\u00a0\u00bb subhead_line_height_tablet=\u00a0\u00bb\u00a0\u00bb subhead_line_height_phone=\u00a0\u00bb1.2em\u00a0\u00bb subhead_line_height_last_edited=\u00a0\u00bbon|phone\u00a0\u00bb button_one_border_color_hover=\u00a0\u00bb#c99872&Prime; button_one_border_radius_hover=\u00a0\u00bb0px\u00a0\u00bb button_one_letter_spacing_hover=\u00a0\u00bb3px\u00a0\u00bb button_one_bg_color_hover=\u00a0\u00bb#c99872&Prime; global_colors_info=\u00a0\u00bb{}\u00a0\u00bb button_one_text_size__hover_enabled=\u00a0\u00bboff\u00a0\u00bb button_two_text_size__hover_enabled=\u00a0\u00bboff\u00a0\u00bb button_one_text_color__hover_enabled=\u00a0\u00bboff\u00a0\u00bb button_two_text_color__hover_enabled=\u00a0\u00bboff\u00a0\u00bb button_one_border_width__hover_enabled=\u00a0\u00bboff\u00a0\u00bb button_two_border_width__hover_enabled=\u00a0\u00bboff\u00a0\u00bb button_one_border_color__hover_enabled=\u00a0\u00bbon\u00a0\u00bb button_one_border_color__hover=\u00a0\u00bb#c99872&Prime; button_two_border_color__hover_enabled=\u00a0\u00bboff\u00a0\u00bb button_one_border_radius__hover_enabled=\u00a0\u00bbon\u00a0\u00bb button_one_border_radius__hover=\u00a0\u00bb0px\u00a0\u00bb button_two_border_radius__hover_enabled=\u00a0\u00bboff\u00a0\u00bb button_one_letter_spacing__hover_enabled=\u00a0\u00bbon\u00a0\u00bb button_one_letter_spacing__hover=\u00a0\u00bb3px\u00a0\u00bb button_two_letter_spacing__hover_enabled=\u00a0\u00bboff\u00a0\u00bb button_one_bg_color__hover_enabled=\u00a0\u00bbon|hover\u00a0\u00bb button_one_bg_color__hover=\u00a0\u00bbrgba(115,33,15,0.28)\u00a0\u00bb button_two_bg_color__hover_enabled=\u00a0\u00bboff\u00a0\u00bb button_one_bg_enable_color__hover=\u00a0\u00bbon\u00a0\u00bb]<\/p>\n<p>Bilboats a deux bateaux diff\u00e9rents, pour faire des groupes de vacances, des \u00e9v\u00e9nements, des r\u00e9unions d\u2019affaires, des pr\u00e9sentations, etc.\u00a0<\/p>\n<p>[\/et_pb_fullwidth_header][\/et_pb_section][et_pb_section fb_built=\u00a0\u00bb1&Prime; _builder_version=\u00a0\u00bb4.16&Prime; background_color=\u00a0\u00bb#930400&Prime; use_background_color_gradient=\u00a0\u00bbon\u00a0\u00bb background_color_gradient_stops=\u00a0\u00bb#930400 0%|#b82821 100%\u00a0\u00bb background_color_gradient_start=\u00a0\u00bb#930400&Prime; background_color_gradient_end=\u00a0\u00bb#b82821&Prime; custom_padding=\u00a0\u00bb0px||0px|||\u00a0\u00bb border_color_all=\u00a0\u00bbrgba(51,51,51,0.13)\u00a0\u00bb border_width_top=\u00a0\u00bb2px\u00a0\u00bb border_color_top=\u00a0\u00bb#ffffff\u00a0\u00bb locked=\u00a0\u00bboff\u00a0\u00bb global_colors_info=\u00a0\u00bb{}\u00a0\u00bb][et_pb_row _builder_version=\u00a0\u00bb4.16&Prime; custom_padding=\u00a0\u00bb10px|||||\u00a0\u00bb global_colors_info=\u00a0\u00bb{}\u00a0\u00bb][et_pb_column type=\u00a0\u00bb4_4&Prime; _builder_version=\u00a0\u00bb4.16&Prime; global_colors_info=\u00a0\u00bb{}\u00a0\u00bb][et_pb_text admin_label=\u00a0\u00bbCOMPRA TUS BILLETES\u00a0\u00bb _builder_version=\u00a0\u00bb4.16&Prime; text_font=\u00a0\u00bbLato|700|||||||\u00a0\u00bb text_text_color=\u00a0\u00bb#ffffff\u00a0\u00bb text_font_size=\u00a0\u00bb16px\u00a0\u00bb text_letter_spacing=\u00a0\u00bb2px\u00a0\u00bb text_line_height=\u00a0\u00bb1.6em\u00a0\u00bb header_2_font=\u00a0\u00bbOswald|700|||||||\u00a0\u00bb header_2_font_size=\u00a0\u00bb40px\u00a0\u00bb header_3_font=\u00a0\u00bbOswald||||||||\u00a0\u00bb header_3_text_color=\u00a0\u00bb#ffffff\u00a0\u00bb header_3_font_size=\u00a0\u00bb25px\u00a0\u00bb custom_margin=\u00a0\u00bb7px|0px|-33px|3px|false|false\u00a0\u00bb custom_padding=\u00a0\u00bb||0px|0px|false|false\u00a0\u00bb header_2_font_size_tablet=\u00a0\u00bb\u00a0\u00bb header_2_font_size_phone=\u00a0\u00bb30px\u00a0\u00bb header_2_font_size_last_edited=\u00a0\u00bbon|phone\u00a0\u00bb locked=\u00a0\u00bboff\u00a0\u00bb global_colors_info=\u00a0\u00bb{}\u00a0\u00bb]<\/p>\n<p style=\"text-align: left;\">LOCATION<\/p>\n<p style=\"text-align: center;\">\n<p>[\/et_pb_text][\/et_pb_column][\/et_pb_row][\/et_pb_section][et_pb_section fb_built=\u00a0\u00bb1&Prime; admin_label=\u00a0\u00bbNAVEGANDO BILBAO\u00a0\u00bb _builder_version=\u00a0\u00bb4.16&Prime; background_color=\u00a0\u00bb#ffffff\u00a0\u00bb background_enable_image=\u00a0\u00bboff\u00a0\u00bb custom_padding=\u00a0\u00bb0px||0px|||\u00a0\u00bb global_colors_info=\u00a0\u00bb{}\u00a0\u00bb][et_pb_row admin_label=\u00a0\u00bbSection Header\u00a0\u00bb _builder_version=\u00a0\u00bb4.16&Prime; background_color=\u00a0\u00bb#ffffff\u00a0\u00bb module_alignment=\u00a0\u00bbcenter\u00a0\u00bb custom_margin=\u00a0\u00bb|auto||520px||\u00a0\u00bb custom_padding=\u00a0\u00bb40px|0px|0px|0px||\u00a0\u00bb global_colors_info=\u00a0\u00bb{}\u00a0\u00bb][et_pb_column type=\u00a0\u00bb4_4&Prime; _builder_version=\u00a0\u00bb4.16&Prime; custom_padding=\u00a0\u00bb|||\u00a0\u00bb global_colors_info=\u00a0\u00bb{}\u00a0\u00bb custom_padding__hover=\u00a0\u00bb|||\u00a0\u00bb][et_pb_divider divider_weight=\u00a0\u00bb9px\u00a0\u00bb show_divider_tablet=\u00a0\u00bb\u00a0\u00bb show_divider_phone=\u00a0\u00bbon\u00a0\u00bb show_divider_last_edited=\u00a0\u00bbon|desktop\u00a0\u00bb divider_weight_tablet=\u00a0\u00bb\u00a0\u00bb divider_weight_phone=\u00a0\u00bb\u00a0\u00bb divider_weight_last_edited=\u00a0\u00bbon|tablet\u00a0\u00bb _builder_version=\u00a0\u00bb4.16&Prime; width=\u00a0\u00bb9%\u00a0\u00bb width_tablet=\u00a0\u00bb16%\u00a0\u00bb width_phone=\u00a0\u00bb24%\u00a0\u00bb width_last_edited=\u00a0\u00bbon|phone\u00a0\u00bb max_width=\u00a0\u00bb100%\u00a0\u00bb custom_margin=\u00a0\u00bb|0px|14px||false|false\u00a0\u00bb custom_padding=\u00a0\u00bb|980px|||false|false\u00a0\u00bb global_colors_info=\u00a0\u00bb{}\u00a0\u00bb][\/et_pb_divider][et_pb_text admin_label=\u00a0\u00bbNAVEGANDO BILBAO\u00a0\u00bb _builder_version=\u00a0\u00bb4.16&Prime; text_font=\u00a0\u00bbLato||||||||\u00a0\u00bb text_font_size=\u00a0\u00bb20px\u00a0\u00bb text_line_height=\u00a0\u00bb1em\u00a0\u00bb header_2_font=\u00a0\u00bbOswald|700|||||||\u00a0\u00bb header_2_text_color=\u00a0\u00bb#b82821&Prime; header_2_font_size=\u00a0\u00bb40px\u00a0\u00bb header_3_font=\u00a0\u00bbOswald||||||||\u00a0\u00bb header_3_font_size=\u00a0\u00bb25px\u00a0\u00bb custom_margin=\u00a0\u00bb|0px|24px||false|false\u00a0\u00bb custom_margin_tablet=\u00a0\u00bb\u00a0\u00bb custom_margin_phone=\u00a0\u00bb\u00a0\u00bb custom_margin_last_edited=\u00a0\u00bbon|desktop\u00a0\u00bb custom_padding=\u00a0\u00bb|300px|0px|2px|false|false\u00a0\u00bb custom_padding_tablet=\u00a0\u00bb|0px|||false|false\u00a0\u00bb custom_padding_phone=\u00a0\u00bb\u00a0\u00bb custom_padding_last_edited=\u00a0\u00bbon|desktop\u00a0\u00bb header_2_font_size_tablet=\u00a0\u00bb\u00a0\u00bb header_2_font_size_phone=\u00a0\u00bb35px\u00a0\u00bb header_2_font_size_last_edited=\u00a0\u00bbon|phone\u00a0\u00bb global_colors_info=\u00a0\u00bb{}\u00a0\u00bb]<\/p>\n<p>Voici les tarifs de location de nos deux bateaux, IBAI ALAI et IBAI EDER, pour les circuits r\u00e9guliers:<\/p>\n<p><span style=\"color: #000000;\"><strong>1- NAVIGUER BILBAO: dur\u00e9e 1 heure, visite du centre de Bilbao:<\/strong><\/span><\/p>\n<p>Tarif bateau<strong> Ibai Eder: 450 \u20ac + 10% TVA<\/strong><\/p>\n<p>Tarif bateau <strong>Ibai Alai: 600 \u20ac + 10% TVA<\/strong>\u00a0<\/p>\n<p>&nbsp;<\/p>\n<p><span style=\"color: #000000;\"><strong>2- NAVIGANT LA MERE: dur\u00e9e 2 heures, itin\u00e9raire Bilbao-Getxo-Bilbao, sans arr\u00eats:<\/strong><\/span><\/p>\n<p>Tarif bateau<strong> Ibai Eder: 650 \u20ac + 10% TVA<\/strong><\/p>\n<p>Tarif bateau <strong>Ibai Alai: 900 \u20ac + 10% TVA<\/strong><\/p>\n<p>&nbsp;<\/p>\n<p><span style=\"color: #000000;\"><strong>3- Route de Bilbao \u00e0 Getxo ou Getxo \u00e0 Bilbao: dur\u00e9e 1 heure:<\/strong><\/span><\/p>\n<p>Tarif bateau<strong> Ibai Eder: 550 \u20ac + 10% TVA<\/strong><\/p>\n<p>Tarif bateau <strong>Ibai Alai: 900 \u20ac + 10% TVA<\/strong><\/p>\n<p><strong><\/strong><\/p>\n<p><strong><\/strong><\/p>\n<p>Pour les itin\u00e9raires, <strong><a href=\"https:\/\/www.bilboats.com\/fr\/departs-reguliers\/\">CLIQUEZ SUR CE LIEN <\/a><\/strong><\/p>\n<p>Capacit\u00e9 de chaque bateau: 80 pax. Caract\u00e9ristiques bateaux: <strong><a href=\"https:\/\/www.bilboats.com\/fr\/bateaux\/\">ICI <\/a><\/strong><\/p>\n<p style=\"text-align: justify;\"><strong><span style=\"color: #000000;\">DEMANDEZ UN DEVIS<\/span><\/strong>, envoyez-nous un e-mail via le <a href=\"https:\/\/www.bilboats.com\/fr\/informations-emplacement\/\"><strong>FORMULAIRE DE CONTACT<\/strong><\/a> ou \u00e0 <a target=\"_new\" rel=\"noopener\">bilboats@bilboats.com<\/a> et nous vous contacterons.<\/p>\n<p style=\"text-align: justify;\">Le prix de la location comprend, si vous \u00eates int\u00e9ress\u00e9, le service d&rsquo;audioguide \u00e0 bord avec haut-parleurs, pr\u00e9sentant des informations sur les points les plus int\u00e9ressants et l&rsquo;histoire de l&rsquo;estuaire, disponible en plusieurs langues : espagnol, basque, anglais, fran\u00e7ais, allemand et italien. De plus, vous pouvez choisir de mettre de la musique, que ce soit du client (une cl\u00e9 USB avec des fichiers MP3 est recommand\u00e9e) ou la n\u00f4tre.<\/p>\n<p style=\"text-align: justify;\">Nous proposons un service de bar et de restauration \u00e0 bord. N&rsquo;h\u00e9sitez pas \u00e0 nous consulter.<\/p>\n<p>[\/et_pb_text][et_pb_divider color=\u00a0\u00bbrgba(0,0,0,0.21)\u00a0\u00bb _builder_version=\u00a0\u00bb4.16&Prime; global_colors_info=\u00a0\u00bb{}\u00a0\u00bb][\/et_pb_divider][\/et_pb_column][\/et_pb_row][\/et_pb_section][et_pb_section fb_built=\u00a0\u00bb1&Prime; prev_background_color=\u00a0\u00bb#ffffff\u00a0\u00bb module_id=\u00a0\u00bbancla1&Prime; _builder_version=\u00a0\u00bb4.16&Prime; background_color=\u00a0\u00bb#930400&Prime; use_background_color_gradient=\u00a0\u00bbon\u00a0\u00bb background_color_gradient_stops=\u00a0\u00bb#930400 0%|#b82821 100%\u00a0\u00bb background_color_gradient_start=\u00a0\u00bb#930400&Prime; background_color_gradient_end=\u00a0\u00bb#b82821&Prime; custom_padding=\u00a0\u00bb0px||0px|||\u00a0\u00bb top_divider_style=\u00a0\u00bbwave2&Prime; border_color_all=\u00a0\u00bbrgba(51,51,51,0.13)\u00a0\u00bb border_width_top=\u00a0\u00bb2px\u00a0\u00bb border_color_top=\u00a0\u00bb#ffffff\u00a0\u00bb global_colors_info=\u00a0\u00bb{}\u00a0\u00bb][et_pb_row _builder_version=\u00a0\u00bb4.16&Prime; global_colors_info=\u00a0\u00bb{}\u00a0\u00bb][et_pb_column type=\u00a0\u00bb4_4&Prime; _builder_version=\u00a0\u00bb4.16&Prime; global_colors_info=\u00a0\u00bb{}\u00a0\u00bb][et_pb_image src=\u00a0\u00bbhttps:\/\/www.bilboats.com\/wp-content\/uploads\/2020\/01\/Consultar.png\u00a0\u00bb url=\u00a0\u00bbhttps:\/\/www.bilboats.com\/fr\/informations-emplacement\/\u00a0\u00bb _builder_version=\u00a0\u00bb4.16&Prime; width=\u00a0\u00bb7%\u00a0\u00bb width_tablet=\u00a0\u00bb60px\u00a0\u00bb width_phone=\u00a0\u00bb\u00a0\u00bb width_last_edited=\u00a0\u00bbon|desktop\u00a0\u00bb animation_style=\u00a0\u00bbbounce\u00a0\u00bb global_colors_info=\u00a0\u00bb{}\u00a0\u00bb][\/et_pb_image][et_pb_text admin_label=\u00a0\u00bbCOMPRA TUS BILLETES\u00a0\u00bb _builder_version=\u00a0\u00bb4.16&Prime; text_font=\u00a0\u00bbLato||||||||\u00a0\u00bb text_text_color=\u00a0\u00bb#ffffff\u00a0\u00bb text_font_size=\u00a0\u00bb20px\u00a0\u00bb text_line_height=\u00a0\u00bb1.6em\u00a0\u00bb header_2_font=\u00a0\u00bbOswald|700|||||||\u00a0\u00bb header_2_font_size=\u00a0\u00bb40px\u00a0\u00bb header_3_font=\u00a0\u00bbOswald||||||||\u00a0\u00bb header_3_text_color=\u00a0\u00bb#ffffff\u00a0\u00bb header_3_font_size=\u00a0\u00bb25px\u00a0\u00bb custom_margin=\u00a0\u00bb||5px|||\u00a0\u00bb custom_padding=\u00a0\u00bb||0px|2px||\u00a0\u00bb link_option_url=\u00a0\u00bbhttps:\/\/www.bilboats.com\/fr\/informations-emplacement\/\u00a0\u00bb header_2_font_size_tablet=\u00a0\u00bb\u00a0\u00bb header_2_font_size_phone=\u00a0\u00bb30px\u00a0\u00bb header_2_font_size_last_edited=\u00a0\u00bbon|phone\u00a0\u00bb global_colors_info=\u00a0\u00bb{}\u00a0\u00bb]<\/p>\n<h3 style=\"text-align: left;\">INFORMATIONS<\/h3>\n<p>[\/et_pb_text][et_pb_text admin_label=\u00a0\u00bbCOMPRA TUS BILLETES\u00a0\u00bb _builder_version=\u00a0\u00bb4.16&Prime; text_font=\u00a0\u00bbLato||||||||\u00a0\u00bb text_text_color=\u00a0\u00bb#ffffff\u00a0\u00bb text_font_size=\u00a0\u00bb16px\u00a0\u00bb text_line_height=\u00a0\u00bb1.6em\u00a0\u00bb header_2_font=\u00a0\u00bbOswald|700|||||||\u00a0\u00bb header_2_font_size=\u00a0\u00bb40px\u00a0\u00bb header_3_font=\u00a0\u00bbOswald||||||||\u00a0\u00bb header_3_text_color=\u00a0\u00bb#ffffff\u00a0\u00bb header_3_font_size=\u00a0\u00bb25px\u00a0\u00bb custom_margin=\u00a0\u00bb|0px|21px|0px|false|false\u00a0\u00bb custom_padding=\u00a0\u00bb||0px|0px|false|false\u00a0\u00bb link_option_url=\u00a0\u00bbhttps:\/\/www.bilboats.com\/fr\/informations-emplacement\/\u00a0\u00bb header_2_font_size_tablet=\u00a0\u00bb\u00a0\u00bb header_2_font_size_phone=\u00a0\u00bb30px\u00a0\u00bb header_2_font_size_last_edited=\u00a0\u00bbon|phone\u00a0\u00bb locked=\u00a0\u00bboff\u00a0\u00bb global_colors_info=\u00a0\u00bb{}\u00a0\u00bb]<\/p>\n<p style=\"text-align: left;\">Consultez sans engagement nos services, horaires et frais de scolarit\u00e9<\/p>\n<p style=\"text-align: center;\">[\/et_pb_text][et_pb_button button_url=\u00a0\u00bbhttps:\/\/www.bilboats.com\/fr\/informations-emplacement\/\u00a0\u00bb button_text=\u00a0\u00bbContacto\u00a0\u00bb button_alignment=\u00a0\u00bbleft\u00a0\u00bb _builder_version=\u00a0\u00bb4.16&Prime; custom_button=\u00a0\u00bbon\u00a0\u00bb button_text_size=\u00a0\u00bb17px\u00a0\u00bb button_text_color=\u00a0\u00bb#ffffff\u00a0\u00bb button_bg_color=\u00a0\u00bbrgba(0,0,0,0.22)\u00a0\u00bb button_border_width=\u00a0\u00bb0px\u00a0\u00bb button_border_radius=\u00a0\u00bb3px\u00a0\u00bb button_letter_spacing=\u00a0\u00bb0px\u00a0\u00bb button_font=\u00a0\u00bbOswald||||||||\u00a0\u00bb background_layout=\u00a0\u00bbdark\u00a0\u00bb custom_margin=\u00a0\u00bb-20px||||false|false\u00a0\u00bb locked=\u00a0\u00bboff\u00a0\u00bb global_colors_info=\u00a0\u00bb{}\u00a0\u00bb][\/et_pb_button][\/et_pb_column][\/et_pb_row][\/et_pb_section][et_pb_section fb_built=\u00a0\u00bb1&Prime; fullwidth=\u00a0\u00bbon\u00a0\u00bb _builder_version=\u00a0\u00bb4.16&Prime; bottom_divider_color=\u00a0\u00bb#ffffff\u00a0\u00bb bottom_divider_style_tablet=\u00a0\u00bbnone\u00a0\u00bb bottom_divider_style_phone=\u00a0\u00bb\u00a0\u00bb bottom_divider_style_last_edited=\u00a0\u00bbon|phone\u00a0\u00bb global_colors_info=\u00a0\u00bb{}\u00a0\u00bb][et_pb_fullwidth_image src=\u00a0\u00bbhttps:\/\/www.bilboats.com\/wp-content\/uploads\/2020\/01\/Bilboats-inicio-1.jpg\u00a0\u00bb admin_label=\u00a0\u00bbImagen anchura completa Bilboats\u00a0\u00bb _builder_version=\u00a0\u00bb4.16&Prime; background_enable_image=\u00a0\u00bboff\u00a0\u00bb parallax=\u00a0\u00bbon\u00a0\u00bb custom_margin=\u00a0\u00bb||0px||false|false\u00a0\u00bb custom_padding=\u00a0\u00bb||0px||false|false\u00a0\u00bb global_colors_info=\u00a0\u00bb{}\u00a0\u00bb][\/et_pb_fullwidth_image][\/et_pb_section]<\/p>\n","protected":false},"excerpt":{"rendered":"<p>Bilboats a deux bateaux diff\u00e9rents, pour faire des groupes de vacances, des \u00e9v\u00e9nements, des r\u00e9unions d\u2019affaires, des pr\u00e9sentations, etc.\u00a0LOCATION Voici les tarifs de location de nos deux bateaux, IBAI ALAI et IBAI EDER, pour les circuits r\u00e9guliers: 1- NAVIGUER BILBAO: dur\u00e9e 1 heure, visite du centre de Bilbao: Tarif bateau Ibai Eder: 450 \u20ac + [&hellip;]<\/p>\n","protected":false},"author":1,"featured_media":0,"parent":0,"menu_order":0,"comment_status":"closed","ping_status":"closed","template":"","meta":{"_et_pb_use_builder":"on","_et_pb_old_content":"","_et_gb_content_width":"","footnotes":""},"class_list":["post-1622","page","type-page","status-publish","hentry"],"yoast_head":"<!-- This site is optimized with the Yoast SEO plugin v27.1.1 - https:\/\/yoast.com\/product\/yoast-seo-wordpress\/ -->\n<title>Location de bateaux pour groupes, \u00e9v\u00e9nements, entreprises, etc. \u00e0 Bilbao<\/title>\n<meta name=\"description\" content=\"Bilboats dispose de deux bateaux diff\u00e9rents, pour pouvoir faire des locations de groupe, des \u00e9v\u00e9nements, des r\u00e9unions d&#039;affaires, des pr\u00e9sentations, des c\u00e9l\u00e9brations\" \/>\n<meta name=\"robots\" content=\"index, follow, max-snippet:-1, max-image-preview:large, max-video-preview:-1\" \/>\n<link rel=\"canonical\" href=\"https:\/\/www.bilboats.com\/fr\/location\/\" \/>\n<meta property=\"og:locale\" content=\"fr_FR\" \/>\n<meta property=\"og:type\" content=\"article\" \/>\n<meta property=\"og:title\" content=\"Location de bateaux pour groupes, \u00e9v\u00e9nements, entreprises, etc. \u00e0 Bilbao\" \/>\n<meta property=\"og:description\" content=\"Bilboats dispose de deux bateaux diff\u00e9rents, pour pouvoir faire des locations de groupe, des \u00e9v\u00e9nements, des r\u00e9unions d&#039;affaires, des pr\u00e9sentations, des c\u00e9l\u00e9brations\" \/>\n<meta property=\"og:url\" content=\"https:\/\/www.bilboats.com\/fr\/location\/\" \/>\n<meta property=\"og:site_name\" content=\"Bilboats\" \/>\n<meta property=\"article:modified_time\" content=\"2024-01-29T10:39:55+00:00\" \/>\n<meta name=\"twitter:card\" content=\"summary_large_image\" \/>\n<meta name=\"twitter:label1\" content=\"Dur\u00e9e de lecture estim\u00e9e\" \/>\n\t<meta name=\"twitter:data1\" content=\"7 minutes\" \/>\n<script type=\"application\/ld+json\" class=\"yoast-schema-graph\">{\"@context\":\"https:\/\/schema.org\",\"@graph\":[{\"@type\":\"WebPage\",\"@id\":\"https:\/\/www.bilboats.com\/fr\/location\/\",\"url\":\"https:\/\/www.bilboats.com\/fr\/location\/\",\"name\":\"Location de bateaux pour groupes, \u00e9v\u00e9nements, entreprises, etc. \u00e0 Bilbao\",\"isPartOf\":{\"@id\":\"https:\/\/www.bilboats.com\/fr\/#website\"},\"datePublished\":\"2020-02-18T06:04:22+00:00\",\"dateModified\":\"2024-01-29T10:39:55+00:00\",\"description\":\"Bilboats dispose de deux bateaux diff\u00e9rents, pour pouvoir faire des locations de groupe, des \u00e9v\u00e9nements, des r\u00e9unions d'affaires, des pr\u00e9sentations, des c\u00e9l\u00e9brations\",\"breadcrumb\":{\"@id\":\"https:\/\/www.bilboats.com\/fr\/location\/#breadcrumb\"},\"inLanguage\":\"fr-FR\",\"potentialAction\":[{\"@type\":\"ReadAction\",\"target\":[\"https:\/\/www.bilboats.com\/fr\/location\/\"]}]},{\"@type\":\"BreadcrumbList\",\"@id\":\"https:\/\/www.bilboats.com\/fr\/location\/#breadcrumb\",\"itemListElement\":[{\"@type\":\"ListItem\",\"position\":1,\"name\":\"Portada\",\"item\":\"https:\/\/www.bilboats.com\/fr\/\"},{\"@type\":\"ListItem\",\"position\":2,\"name\":\"Location\"}]},{\"@type\":\"WebSite\",\"@id\":\"https:\/\/www.bilboats.com\/fr\/#website\",\"url\":\"https:\/\/www.bilboats.com\/fr\/\",\"name\":\"Bilboats\",\"description\":\"La manera m\u00e1s atractiva de conocer Bilbao\",\"potentialAction\":[{\"@type\":\"SearchAction\",\"target\":{\"@type\":\"EntryPoint\",\"urlTemplate\":\"https:\/\/www.bilboats.com\/fr\/?s={search_term_string}\"},\"query-input\":{\"@type\":\"PropertyValueSpecification\",\"valueRequired\":true,\"valueName\":\"search_term_string\"}}],\"inLanguage\":\"fr-FR\"}]}<\/script>\n<!-- \/ Yoast SEO plugin. -->","yoast_head_json":{"title":"Location de bateaux pour groupes, \u00e9v\u00e9nements, entreprises, etc. \u00e0 Bilbao","description":"Bilboats dispose de deux bateaux diff\u00e9rents, pour pouvoir faire des locations de groupe, des \u00e9v\u00e9nements, des r\u00e9unions d'affaires, des pr\u00e9sentations, des c\u00e9l\u00e9brations","robots":{"index":"index","follow":"follow","max-snippet":"max-snippet:-1","max-image-preview":"max-image-preview:large","max-video-preview":"max-video-preview:-1"},"canonical":"https:\/\/www.bilboats.com\/fr\/location\/","og_locale":"fr_FR","og_type":"article","og_title":"Location de bateaux pour groupes, \u00e9v\u00e9nements, entreprises, etc. \u00e0 Bilbao","og_description":"Bilboats dispose de deux bateaux diff\u00e9rents, pour pouvoir faire des locations de groupe, des \u00e9v\u00e9nements, des r\u00e9unions d'affaires, des pr\u00e9sentations, des c\u00e9l\u00e9brations","og_url":"https:\/\/www.bilboats.com\/fr\/location\/","og_site_name":"Bilboats","article_modified_time":"2024-01-29T10:39:55+00:00","twitter_card":"summary_large_image","twitter_misc":{"Dur\u00e9e de lecture estim\u00e9e":"7 minutes"},"schema":{"@context":"https:\/\/schema.org","@graph":[{"@type":"WebPage","@id":"https:\/\/www.bilboats.com\/fr\/location\/","url":"https:\/\/www.bilboats.com\/fr\/location\/","name":"Location de bateaux pour groupes, \u00e9v\u00e9nements, entreprises, etc. \u00e0 Bilbao","isPartOf":{"@id":"https:\/\/www.bilboats.com\/fr\/#website"},"datePublished":"2020-02-18T06:04:22+00:00","dateModified":"2024-01-29T10:39:55+00:00","description":"Bilboats dispose de deux bateaux diff\u00e9rents, pour pouvoir faire des locations de groupe, des \u00e9v\u00e9nements, des r\u00e9unions d'affaires, des pr\u00e9sentations, des c\u00e9l\u00e9brations","breadcrumb":{"@id":"https:\/\/www.bilboats.com\/fr\/location\/#breadcrumb"},"inLanguage":"fr-FR","potentialAction":[{"@type":"ReadAction","target":["https:\/\/www.bilboats.com\/fr\/location\/"]}]},{"@type":"BreadcrumbList","@id":"https:\/\/www.bilboats.com\/fr\/location\/#breadcrumb","itemListElement":[{"@type":"ListItem","position":1,"name":"Portada","item":"https:\/\/www.bilboats.com\/fr\/"},{"@type":"ListItem","position":2,"name":"Location"}]},{"@type":"WebSite","@id":"https:\/\/www.bilboats.com\/fr\/#website","url":"https:\/\/www.bilboats.com\/fr\/","name":"Bilboats","description":"La manera m\u00e1s atractiva de conocer Bilbao","potentialAction":[{"@type":"SearchAction","target":{"@type":"EntryPoint","urlTemplate":"https:\/\/www.bilboats.com\/fr\/?s={search_term_string}"},"query-input":{"@type":"PropertyValueSpecification","valueRequired":true,"valueName":"search_term_string"}}],"inLanguage":"fr-FR"}]}},"_links":{"self":[{"href":"https:\/\/www.bilboats.com\/fr\/wp-json\/wp\/v2\/pages\/1622","targetHints":{"allow":["GET"]}}],"collection":[{"href":"https:\/\/www.bilboats.com\/fr\/wp-json\/wp\/v2\/pages"}],"about":[{"href":"https:\/\/www.bilboats.com\/fr\/wp-json\/wp\/v2\/types\/page"}],"author":[{"embeddable":true,"href":"https:\/\/www.bilboats.com\/fr\/wp-json\/wp\/v2\/users\/1"}],"replies":[{"embeddable":true,"href":"https:\/\/www.bilboats.com\/fr\/wp-json\/wp\/v2\/comments?post=1622"}],"version-history":[{"count":26,"href":"https:\/\/www.bilboats.com\/fr\/wp-json\/wp\/v2\/pages\/1622\/revisions"}],"predecessor-version":[{"id":4862,"href":"https:\/\/www.bilboats.com\/fr\/wp-json\/wp\/v2\/pages\/1622\/revisions\/4862"}],"wp:attachment":[{"href":"https:\/\/www.bilboats.com\/fr\/wp-json\/wp\/v2\/media?parent=1622"}],"curies":[{"name":"wp","href":"https:\/\/api.w.org\/{rel}","templated":true}]}}