{"id":1677,"date":"2020-02-18T10:14:36","date_gmt":"2020-02-18T10:14:36","guid":{"rendered":"https:\/\/www.bilboats.com\/como-llegar\/"},"modified":"2020-02-18T10:31:32","modified_gmt":"2020-02-18T10:31:32","slug":"como-llegar","status":"publish","type":"page","link":"https:\/\/www.bilboats.com\/eu\/como-llegar\/","title":{"rendered":"C\u00f3mo llegar"},"content":{"rendered":"\n[et_pb_section fb_built=&#8221;1&#8243; fullwidth=&#8221;on&#8221; admin_label=&#8221;Header Section&#8221; _builder_version=&#8221;4.0.11&#8243; background_color=&#8221;#000000&#8243; custom_padding=&#8221;|||&#8221; animation_style=&#8221;fade&#8221;][et_pb_fullwidth_header title=&#8221;NOLA HELDU&#8221; subhead=&#8221;PLAZA PIO BAROJA&#8221; text_orientation=&#8221;center&#8221; header_fullscreen=&#8221;on&#8221; header_scroll_down=&#8221;on&#8221; scroll_down_icon=&#8221;%%2%%&#8221; scroll_down_icon_color=&#8221;#ffffff&#8221; button_one_url=&#8221;#ancla1&#8243; background_overlay_color=&#8221;rgba(0,0,0,0.52)&#8221; content_max_width=&#8221;43%&#8221; content_max_width_tablet=&#8221;100%&#8221; content_max_width_phone=&#8221;&#8221; content_max_width_last_edited=&#8221;on|desktop&#8221; admin_label=&#8221;Imagen Salidas Regulares&#8221; _builder_version=&#8221;4.0.11&#8243; title_font=&#8221;Oswald|700||on|||||&#8221; title_text_align=&#8221;center&#8221; title_font_size=&#8221;54px&#8221; title_letter_spacing=&#8221;0em&#8221; content_font=&#8221;Lato||||||||&#8221; content_font_size=&#8221;20px&#8221; subhead_font=&#8221;Oswald|600|||||||&#8221; subhead_font_size=&#8221;26px&#8221; subhead_line_height=&#8221;1.9em&#8221; background_color=&#8221;#000000&#8243; background_image=&#8221;https:\/\/www.bilboats.com\/wp-content\/uploads\/2020\/01\/pantalan-bilboats.jpg&#8221; background_enable_video_mp4=&#8221;off&#8221; custom_button_one=&#8221;on&#8221; button_one_text_size=&#8221;15px&#8221; button_one_bg_color=&#8221;#b82821&#8243; button_one_border_width=&#8221;10px&#8221; button_one_border_color=&#8221;#b82821&#8243; button_one_border_radius=&#8221;0px&#8221; button_one_letter_spacing=&#8221;3px&#8221; button_one_font=&#8221;Oswald|||on|&#8221; button_one_use_icon=&#8221;off&#8221; title_font_size_tablet=&#8221;60px&#8221; title_font_size_phone=&#8221;40px&#8221; title_font_size_last_edited=&#8221;on|tablet&#8221; subhead_line_height_tablet=&#8221;&#8221; subhead_line_height_phone=&#8221;1.2em&#8221; subhead_line_height_last_edited=&#8221;on|phone&#8221; button_one_border_color_hover=&#8221;#c99872&#8243; button_one_border_radius_hover=&#8221;0px&#8221; button_one_letter_spacing_hover=&#8221;3px&#8221; button_one_bg_color_hover=&#8221;#c99872&#8243; button_one_text_size__hover_enabled=&#8221;off&#8221; button_two_text_size__hover_enabled=&#8221;off&#8221; button_one_text_color__hover_enabled=&#8221;off&#8221; button_two_text_color__hover_enabled=&#8221;off&#8221; button_one_border_width__hover_enabled=&#8221;off&#8221; button_two_border_width__hover_enabled=&#8221;off&#8221; button_one_border_color__hover_enabled=&#8221;on&#8221; button_one_border_color__hover=&#8221;#c99872&#8243; button_two_border_color__hover_enabled=&#8221;off&#8221; button_one_border_radius__hover_enabled=&#8221;on&#8221; button_one_border_radius__hover=&#8221;0px&#8221; button_two_border_radius__hover_enabled=&#8221;off&#8221; button_one_letter_spacing__hover_enabled=&#8221;on&#8221; button_one_letter_spacing__hover=&#8221;3px&#8221; button_two_letter_spacing__hover_enabled=&#8221;off&#8221; button_one_bg_color__hover_enabled=&#8221;on|hover&#8221; button_one_bg_color__hover=&#8221;rgba(115,33,15,0.28)&#8221; button_two_bg_color__hover_enabled=&#8221;off&#8221; button_one_bg_enable_color__hover=&#8221;on&#8221;]El atraque elegido se encuentra junto al puente del Ayuntamiento, en la plaza P\u00edo Baroja.[\/et_pb_fullwidth_header][\/et_pb_section][et_pb_section fb_built=&#8221;1&#8243; _builder_version=&#8221;4.0.11&#8243; background_color=&#8221;#930400&#8243; use_background_color_gradient=&#8221;on&#8221; background_color_gradient_start=&#8221;#930400&#8243; background_color_gradient_end=&#8221;#b82821&#8243; custom_padding=&#8221;0px||0px|||&#8221; border_color_all=&#8221;rgba(51,51,51,0.13)&#8221; border_width_top=&#8221;2px&#8221; border_color_top=&#8221;#ffffff&#8221; locked=&#8221;off&#8221;][et_pb_row _builder_version=&#8221;4.0.11&#8243; custom_padding=&#8221;10px|||||&#8221;][et_pb_column type=&#8221;4_4&#8243; _builder_version=&#8221;4.0.11&#8243;][et_pb_text admin_label=&#8221;C\u00d3MO LLEGAR&#8221; _builder_version=&#8221;4.0.11&#8243; text_font=&#8221;Lato|700|||||||&#8221; text_text_color=&#8221;#ffffff&#8221; text_font_size=&#8221;16px&#8221; text_letter_spacing=&#8221;2px&#8221; text_line_height=&#8221;1.6em&#8221; header_2_font=&#8221;Oswald|700|||||||&#8221; header_2_font_size=&#8221;40px&#8221; header_3_font=&#8221;Oswald||||||||&#8221; header_3_text_color=&#8221;#ffffff&#8221; header_3_font_size=&#8221;25px&#8221; custom_margin=&#8221;7px|0px|-33px|3px|false|false&#8221; custom_padding=&#8221;||0px|0px|false|false&#8221; header_2_font_size_tablet=&#8221;&#8221; header_2_font_size_phone=&#8221;30px&#8221; header_2_font_size_last_edited=&#8221;on|phone&#8221; locked=&#8221;off&#8221;]<p style=\"text-align: left;\">C\u00d3MO LLEGAR<\/p>\r\n<p style=\"text-align: center;\"><\/p>[\/et_pb_text][\/et_pb_column][\/et_pb_row][\/et_pb_section][et_pb_section fb_built=&#8221;1&#8243; admin_label=&#8221;NAVEGANDO BILBAO&#8221; _builder_version=&#8221;4.0.11&#8243; background_color=&#8221;#ffffff&#8221; background_enable_image=&#8221;off&#8221; custom_padding=&#8221;0px||0px|||&#8221;][et_pb_row admin_label=&#8221;Section Header&#8221; _builder_version=&#8221;4.0.11&#8243; background_color=&#8221;#ffffff&#8221; module_alignment=&#8221;center&#8221; custom_margin=&#8221;|auto||520px||&#8221; custom_padding=&#8221;40px|0px|0px|0px||&#8221;][et_pb_column type=&#8221;4_4&#8243; _builder_version=&#8221;3.25&#8243; custom_padding=&#8221;|||&#8221; custom_padding__hover=&#8221;|||&#8221;][et_pb_divider divider_weight=&#8221;9px&#8221; show_divider_tablet=&#8221;&#8221; show_divider_phone=&#8221;on&#8221; show_divider_last_edited=&#8221;on|desktop&#8221; divider_weight_tablet=&#8221;&#8221; divider_weight_phone=&#8221;&#8221; divider_weight_last_edited=&#8221;on|tablet&#8221; _builder_version=&#8221;4.0.11&#8243; width=&#8221;9%&#8221; width_tablet=&#8221;16%&#8221; width_phone=&#8221;24%&#8221; width_last_edited=&#8221;on|phone&#8221; max_width=&#8221;100%&#8221; custom_margin=&#8221;|0px|14px||false|false&#8221; custom_padding=&#8221;|980px|||false|false&#8221;][\/et_pb_divider][et_pb_text admin_label=&#8221;NAVEGANDO BILBAO&#8221; _builder_version=&#8221;4.0.11&#8243; text_font=&#8221;Lato||||||||&#8221; text_font_size=&#8221;20px&#8221; text_line_height=&#8221;1em&#8221; header_2_font=&#8221;Oswald|700|||||||&#8221; header_2_text_color=&#8221;#b82821&#8243; header_2_font_size=&#8221;40px&#8221; header_3_font=&#8221;Oswald||||||||&#8221; header_3_font_size=&#8221;25px&#8221; custom_margin=&#8221;|0px|24px||false|false&#8221; custom_margin_tablet=&#8221;&#8221; custom_margin_phone=&#8221;&#8221; custom_margin_last_edited=&#8221;on|desktop&#8221; custom_padding=&#8221;|300px|0px|2px|false|false&#8221; custom_padding_tablet=&#8221;|0px|||false|false&#8221; custom_padding_phone=&#8221;&#8221; custom_padding_last_edited=&#8221;on|desktop&#8221; header_2_font_size_tablet=&#8221;&#8221; header_2_font_size_phone=&#8221;35px&#8221; header_2_font_size_last_edited=&#8221;on|phone&#8221;]<span style=\"font-size: 20px;\"><img loading=\"lazy\" decoding=\"async\" class=\"wp-image-1679 alignnone size-full\" src=\"https:\/\/www.bilboats.com\/wp-content\/uploads\/2020\/02\/como-llegar-gorria.png\" alt=\"\" width=\"94\" height=\"77\" \/><\/span>\r\n\r\n<span style=\"font-size: 20px;\">Se trata de un atraque con muy buena accesibilidad desde cualquier punto de la ciudad al estar muy bien comunicado con los diferentes medios de transporte existentes:<\/span>\r\n<ul>\r\n \t<li>Tranv\u00eda, parada P\u00edo Baroja.<\/li>\r\n \t<li>Metro Bilbao, parada Abando. Salida m\u00e1s cercana Berastegi.<\/li>\r\n \t<li>Renfe, parada Abando.<\/li>\r\n \t<li>Taxi.<\/li>\r\n<\/ul>\r\nEn el siguiente mapa puedes ver el \u00e1rea de la zona de atraque:\r\n<p style=\"text-align: left;\"><\/p>[\/et_pb_text][et_pb_code _builder_version=&#8221;4.0.11&#8243; animation_style=&#8221;flip&#8221;]<iframe loading=\"lazy\" src=\"https:\/\/www.google.com\/maps\/d\/embed?mid=12jOrDyYqjlVDEdHAkXvNWEQQ8zN1oCLs\" width=\"640\" height=\"480\"><\/iframe>[\/et_pb_code][et_pb_divider color=&#8221;rgba(0,0,0,0.21)&#8221; _builder_version=&#8221;4.0.11&#8243;][\/et_pb_divider][\/et_pb_column][\/et_pb_row][\/et_pb_section][et_pb_section fb_built=&#8221;1&#8243; fullwidth=&#8221;on&#8221; _builder_version=&#8221;4.0.11&#8243; bottom_divider_color=&#8221;#ffffff&#8221; bottom_divider_style_tablet=&#8221;none&#8221; bottom_divider_style_phone=&#8221;&#8221; bottom_divider_style_last_edited=&#8221;on|phone&#8221;][et_pb_fullwidth_image src=&#8221;https:\/\/www.bilboats.com\/wp-content\/uploads\/2020\/01\/Bilboats-inicio-1.jpg&#8221; admin_label=&#8221;Imagen anchura completa Bilboats&#8221; _builder_version=&#8221;4.0.11&#8243; background_enable_image=&#8221;off&#8221; parallax=&#8221;on&#8221;][\/et_pb_fullwidth_image][\/et_pb_section]\n","protected":false},"excerpt":{"rendered":"<p>El atraque elegido se encuentra junto al puente del Ayuntamiento, en la plaza P\u00edo Baroja.C\u00d3MO LLEGAR Se trata de un atraque con muy buena accesibilidad desde cualquier punto de la ciudad al estar muy bien comunicado con los diferentes medios de transporte existentes: Tranv\u00eda, parada P\u00edo Baroja. Metro Bilbao, parada Abando. Salida m\u00e1s cercana Berastegi. [&hellip;]<\/p>\n","protected":false},"author":1,"featured_media":0,"parent":0,"menu_order":0,"comment_status":"closed","ping_status":"closed","template":"page-template-blank.php","meta":{"_et_pb_use_builder":"on","_et_pb_old_content":"","_et_gb_content_width":"","footnotes":""},"class_list":["post-1677","page","type-page","status-publish","hentry"],"yoast_head":"<!-- This site is optimized with the Yoast SEO plugin v27.1.1 - https:\/\/yoast.com\/product\/yoast-seo-wordpress\/ -->\n<title>El embarque de Bilboats est\u00e1 junto al Ayuntamiento de Bilbao<\/title>\n<meta name=\"description\" content=\"El embarque de Bilboats est\u00e1 junto al Ayuntamiento de Bilbao en la plaza Pio Baroja. Se trata de un atraque con muy buena accesibilidad desde cualquier punto de la ciudad al estar muy bien comunicado con los diferentes medios de transporte existentes.\" \/>\n<meta name=\"robots\" content=\"noindex, follow\" \/>\n<meta property=\"og:locale\" content=\"en_US\" \/>\n<meta property=\"og:type\" content=\"article\" \/>\n<meta property=\"og:title\" content=\"El embarque de Bilboats est\u00e1 junto al Ayuntamiento de Bilbao\" \/>\n<meta property=\"og:description\" content=\"El embarque de Bilboats est\u00e1 junto al Ayuntamiento de Bilbao en la plaza Pio Baroja. Se trata de un atraque con muy buena accesibilidad desde cualquier punto de la ciudad al estar muy bien comunicado con los diferentes medios de transporte existentes.\" \/>\n<meta property=\"og:url\" content=\"https:\/\/www.bilboats.com\/eu\/como-llegar\/\" \/>\n<meta property=\"og:site_name\" content=\"Bilboats\" \/>\n<meta property=\"article:modified_time\" content=\"2020-02-18T10:31:32+00:00\" \/>\n<meta property=\"og:image\" content=\"https:\/\/www.bilboats.com\/wp-content\/uploads\/2020\/02\/como-llegar-gorria.png\" \/>\n\t<meta property=\"og:image:width\" content=\"94\" \/>\n\t<meta property=\"og:image:height\" content=\"77\" \/>\n\t<meta property=\"og:image:type\" content=\"image\/png\" \/>\n<meta name=\"twitter:card\" content=\"summary_large_image\" \/>\n<meta name=\"twitter:label1\" content=\"Est. reading time\" \/>\n\t<meta name=\"twitter:data1\" content=\"5 minutua\" \/>\n<script type=\"application\/ld+json\" class=\"yoast-schema-graph\">{\"@context\":\"https:\/\/schema.org\",\"@graph\":[{\"@type\":\"WebPage\",\"@id\":\"https:\/\/www.bilboats.com\/eu\/como-llegar\/\",\"url\":\"https:\/\/www.bilboats.com\/eu\/como-llegar\/\",\"name\":\"El embarque de Bilboats est\u00e1 junto al Ayuntamiento de Bilbao\",\"isPartOf\":{\"@id\":\"https:\/\/www.bilboats.com\/eu\/#website\"},\"primaryImageOfPage\":{\"@id\":\"https:\/\/www.bilboats.com\/eu\/como-llegar\/#primaryimage\"},\"image\":{\"@id\":\"https:\/\/www.bilboats.com\/eu\/como-llegar\/#primaryimage\"},\"thumbnailUrl\":\"https:\/\/www.bilboats.com\/wp-content\/uploads\/2020\/02\/como-llegar-gorria.png\",\"datePublished\":\"2020-02-18T10:14:36+00:00\",\"dateModified\":\"2020-02-18T10:31:32+00:00\",\"description\":\"El embarque de Bilboats est\u00e1 junto al Ayuntamiento de Bilbao en la plaza Pio Baroja. Se trata de un atraque con muy buena accesibilidad desde cualquier punto de la ciudad al estar muy bien comunicado con los diferentes medios de transporte existentes.\",\"breadcrumb\":{\"@id\":\"https:\/\/www.bilboats.com\/eu\/como-llegar\/#breadcrumb\"},\"inLanguage\":\"eu\",\"potentialAction\":[{\"@type\":\"ReadAction\",\"target\":[\"https:\/\/www.bilboats.com\/eu\/como-llegar\/\"]}]},{\"@type\":\"ImageObject\",\"inLanguage\":\"eu\",\"@id\":\"https:\/\/www.bilboats.com\/eu\/como-llegar\/#primaryimage\",\"url\":\"https:\/\/www.bilboats.com\/wp-content\/uploads\/2020\/02\/como-llegar-gorria.png\",\"contentUrl\":\"https:\/\/www.bilboats.com\/wp-content\/uploads\/2020\/02\/como-llegar-gorria.png\"},{\"@type\":\"BreadcrumbList\",\"@id\":\"https:\/\/www.bilboats.com\/eu\/como-llegar\/#breadcrumb\",\"itemListElement\":[{\"@type\":\"ListItem\",\"position\":1,\"name\":\"Portada\",\"item\":\"https:\/\/www.bilboats.com\/eu\/\"},{\"@type\":\"ListItem\",\"position\":2,\"name\":\"C\u00f3mo llegar\"}]},{\"@type\":\"WebSite\",\"@id\":\"https:\/\/www.bilboats.com\/eu\/#website\",\"url\":\"https:\/\/www.bilboats.com\/eu\/\",\"name\":\"Bilboats\",\"description\":\"La manera m\u00e1s atractiva de conocer Bilbao\",\"potentialAction\":[{\"@type\":\"SearchAction\",\"target\":{\"@type\":\"EntryPoint\",\"urlTemplate\":\"https:\/\/www.bilboats.com\/eu\/?s={search_term_string}\"},\"query-input\":{\"@type\":\"PropertyValueSpecification\",\"valueRequired\":true,\"valueName\":\"search_term_string\"}}],\"inLanguage\":\"eu\"}]}<\/script>\n<!-- \/ Yoast SEO plugin. -->","yoast_head_json":{"title":"El embarque de Bilboats est\u00e1 junto al Ayuntamiento de Bilbao","description":"El embarque de Bilboats est\u00e1 junto al Ayuntamiento de Bilbao en la plaza Pio Baroja. Se trata de un atraque con muy buena accesibilidad desde cualquier punto de la ciudad al estar muy bien comunicado con los diferentes medios de transporte existentes.","robots":{"index":"noindex","follow":"follow"},"og_locale":"en_US","og_type":"article","og_title":"El embarque de Bilboats est\u00e1 junto al Ayuntamiento de Bilbao","og_description":"El embarque de Bilboats est\u00e1 junto al Ayuntamiento de Bilbao en la plaza Pio Baroja. Se trata de un atraque con muy buena accesibilidad desde cualquier punto de la ciudad al estar muy bien comunicado con los diferentes medios de transporte existentes.","og_url":"https:\/\/www.bilboats.com\/eu\/como-llegar\/","og_site_name":"Bilboats","article_modified_time":"2020-02-18T10:31:32+00:00","og_image":[{"width":94,"height":77,"url":"https:\/\/www.bilboats.com\/wp-content\/uploads\/2020\/02\/como-llegar-gorria.png","type":"image\/png"}],"twitter_card":"summary_large_image","twitter_misc":{"Est. reading time":"5 minutua"},"schema":{"@context":"https:\/\/schema.org","@graph":[{"@type":"WebPage","@id":"https:\/\/www.bilboats.com\/eu\/como-llegar\/","url":"https:\/\/www.bilboats.com\/eu\/como-llegar\/","name":"El embarque de Bilboats est\u00e1 junto al Ayuntamiento de Bilbao","isPartOf":{"@id":"https:\/\/www.bilboats.com\/eu\/#website"},"primaryImageOfPage":{"@id":"https:\/\/www.bilboats.com\/eu\/como-llegar\/#primaryimage"},"image":{"@id":"https:\/\/www.bilboats.com\/eu\/como-llegar\/#primaryimage"},"thumbnailUrl":"https:\/\/www.bilboats.com\/wp-content\/uploads\/2020\/02\/como-llegar-gorria.png","datePublished":"2020-02-18T10:14:36+00:00","dateModified":"2020-02-18T10:31:32+00:00","description":"El embarque de Bilboats est\u00e1 junto al Ayuntamiento de Bilbao en la plaza Pio Baroja. Se trata de un atraque con muy buena accesibilidad desde cualquier punto de la ciudad al estar muy bien comunicado con los diferentes medios de transporte existentes.","breadcrumb":{"@id":"https:\/\/www.bilboats.com\/eu\/como-llegar\/#breadcrumb"},"inLanguage":"eu","potentialAction":[{"@type":"ReadAction","target":["https:\/\/www.bilboats.com\/eu\/como-llegar\/"]}]},{"@type":"ImageObject","inLanguage":"eu","@id":"https:\/\/www.bilboats.com\/eu\/como-llegar\/#primaryimage","url":"https:\/\/www.bilboats.com\/wp-content\/uploads\/2020\/02\/como-llegar-gorria.png","contentUrl":"https:\/\/www.bilboats.com\/wp-content\/uploads\/2020\/02\/como-llegar-gorria.png"},{"@type":"BreadcrumbList","@id":"https:\/\/www.bilboats.com\/eu\/como-llegar\/#breadcrumb","itemListElement":[{"@type":"ListItem","position":1,"name":"Portada","item":"https:\/\/www.bilboats.com\/eu\/"},{"@type":"ListItem","position":2,"name":"C\u00f3mo llegar"}]},{"@type":"WebSite","@id":"https:\/\/www.bilboats.com\/eu\/#website","url":"https:\/\/www.bilboats.com\/eu\/","name":"Bilboats","description":"La manera m\u00e1s atractiva de conocer Bilbao","potentialAction":[{"@type":"SearchAction","target":{"@type":"EntryPoint","urlTemplate":"https:\/\/www.bilboats.com\/eu\/?s={search_term_string}"},"query-input":{"@type":"PropertyValueSpecification","valueRequired":true,"valueName":"search_term_string"}}],"inLanguage":"eu"}]}},"_links":{"self":[{"href":"https:\/\/www.bilboats.com\/eu\/wp-json\/wp\/v2\/pages\/1677","targetHints":{"allow":["GET"]}}],"collection":[{"href":"https:\/\/www.bilboats.com\/eu\/wp-json\/wp\/v2\/pages"}],"about":[{"href":"https:\/\/www.bilboats.com\/eu\/wp-json\/wp\/v2\/types\/page"}],"author":[{"embeddable":true,"href":"https:\/\/www.bilboats.com\/eu\/wp-json\/wp\/v2\/users\/1"}],"replies":[{"embeddable":true,"href":"https:\/\/www.bilboats.com\/eu\/wp-json\/wp\/v2\/comments?post=1677"}],"version-history":[{"count":3,"href":"https:\/\/www.bilboats.com\/eu\/wp-json\/wp\/v2\/pages\/1677\/revisions"}],"predecessor-version":[{"id":1699,"href":"https:\/\/www.bilboats.com\/eu\/wp-json\/wp\/v2\/pages\/1677\/revisions\/1699"}],"wp:attachment":[{"href":"https:\/\/www.bilboats.com\/eu\/wp-json\/wp\/v2\/media?parent=1677"}],"curies":[{"name":"wp","href":"https:\/\/api.w.org\/{rel}","templated":true}]}}