{"id":1650,"date":"2020-02-18T08:52:05","date_gmt":"2020-02-18T08:52:05","guid":{"rendered":"https:\/\/www.bilboats.com\/txartel-erosketa\/"},"modified":"2023-07-28T17:26:33","modified_gmt":"2023-07-28T16:26:33","slug":"txartel-erosketa","status":"publish","type":"page","link":"https:\/\/www.bilboats.com\/eu\/txartel-erosketa\/","title":{"rendered":"Txartel-Erosketa"},"content":{"rendered":"<p>[et_pb_section fb_built=&#8221;1&#8243; fullwidth=&#8221;on&#8221; admin_label=&#8221;Header Section&#8221; _builder_version=&#8221;4.16&#8243; background_color=&#8221;#000000&#8243; custom_padding=&#8221;|||&#8221; global_colors_info=&#8221;{}&#8221;][et_pb_fullwidth_header title=&#8221;SARRERAK EROSI&#8221; text_orientation=&#8221;center&#8221; header_fullscreen=&#8221;on&#8221; header_scroll_down=&#8221;on&#8221; scroll_down_icon=&#8221;%%2%%&#8221; scroll_down_icon_color=&#8221;#ffffff&#8221; button_one_text=&#8221;SARRERAK EROSI&#8221; button_one_url=&#8221;https:\/\/www.reservaonline.support\/bilboats\/index.html?id_idioma=8&#8243; background_overlay_color=&#8221;rgba(0,0,0,0.52)&#8221; content_max_width=&#8221;44%&#8221; content_max_width_tablet=&#8221;100%&#8221; content_max_width_phone=&#8221;&#8221; content_max_width_last_edited=&#8221;on|desktop&#8221; admin_label=&#8221;Imagen Salidas Regulares&#8221; _builder_version=&#8221;4.21.0&#8243; title_font=&#8221;Oswald|700||on|||||&#8221; title_text_align=&#8221;center&#8221; title_font_size=&#8221;54px&#8221; title_letter_spacing=&#8221;0em&#8221; content_font=&#8221;Lato||||||||&#8221; content_font_size=&#8221;20px&#8221; subhead_font=&#8221;Oswald|600|||||||&#8221; subhead_font_size=&#8221;26px&#8221; subhead_line_height=&#8221;1.9em&#8221; background_color=&#8221;#000000&#8243; background_image=&#8221;https:\/\/www.bilboats.com\/wp-content\/uploads\/2020\/01\/Navegando-Bilbao-1.jpg&#8221; parallax=&#8221;on&#8221; parallax_method=&#8221;on&#8221; background_enable_video_mp4=&#8221;off&#8221; custom_button_one=&#8221;on&#8221; button_one_text_size=&#8221;15px&#8221; button_one_bg_color=&#8221;#b82821&#8243; button_one_border_width=&#8221;10px&#8221; button_one_border_color=&#8221;#b82821&#8243; button_one_border_radius=&#8221;0px&#8221; button_one_letter_spacing=&#8221;3px&#8221; button_one_font=&#8221;Oswald|||on|&#8221; link_option_url_new_window=&#8221;on&#8221; hover_enabled=&#8221;0&#8243; title_font_size_tablet=&#8221;60px&#8221; title_font_size_phone=&#8221;40px&#8221; title_font_size_last_edited=&#8221;on|tablet&#8221; subhead_line_height_tablet=&#8221;&#8221; subhead_line_height_phone=&#8221;1.2em&#8221; subhead_line_height_last_edited=&#8221;on|phone&#8221; button_one_text_size_tablet=&#8221;&#8221; button_one_text_size_phone=&#8221;13px&#8221; button_one_text_size_last_edited=&#8221;on|phone&#8221; button_one_border_color_hover=&#8221;#c99872&#8243; button_one_border_radius_hover=&#8221;0px&#8221; button_one_letter_spacing_hover=&#8221;3px&#8221; button_one_bg_color_hover=&#8221;#c99872&#8243; global_colors_info=&#8221;{}&#8221; button_one_text_size__hover_enabled=&#8221;off&#8221; button_two_text_size__hover_enabled=&#8221;off&#8221; button_one_text_color__hover_enabled=&#8221;off&#8221; button_two_text_color__hover_enabled=&#8221;off&#8221; button_one_border_width__hover_enabled=&#8221;off&#8221; button_two_border_width__hover_enabled=&#8221;off&#8221; button_one_border_color__hover_enabled=&#8221;on|hover&#8221; button_one_border_color__hover=&#8221;#ffffff&#8221; button_two_border_color__hover_enabled=&#8221;off&#8221; button_one_border_radius__hover_enabled=&#8221;on&#8221; button_one_border_radius__hover=&#8221;0px&#8221; button_two_border_radius__hover_enabled=&#8221;off&#8221; button_one_letter_spacing__hover_enabled=&#8221;on&#8221; button_one_letter_spacing__hover=&#8221;3px&#8221; button_two_letter_spacing__hover_enabled=&#8221;off&#8221; button_one_bg_color__hover_enabled=&#8221;on|hover&#8221; button_one_bg_color__hover=&#8221;rgba(115,33,15,0.28)&#8221; button_two_bg_color__hover_enabled=&#8221;off&#8221; button_one_bg_enable_color__hover=&#8221;on&#8221; sticky_enabled=&#8221;0&#8243;]<\/p>\n<p>On-line bidezko txartel salmenta aplikazioan sartzen ari zara. Txartelak erosteko sartu lotura honetan:<\/p>\n<p>[\/et_pb_fullwidth_header][\/et_pb_section][et_pb_section fb_built=&#8221;1&#8243; _builder_version=&#8221;4.16&#8243; background_color=&#8221;#930400&#8243; use_background_color_gradient=&#8221;on&#8221; background_color_gradient_stops=&#8221;#930400 0%|#b82821 100%&#8221; background_color_gradient_start=&#8221;#930400&#8243; background_color_gradient_end=&#8221;#b82821&#8243; custom_padding=&#8221;0px||0px|||&#8221; border_color_all=&#8221;rgba(51,51,51,0.13)&#8221; border_width_top=&#8221;2px&#8221; border_color_top=&#8221;#ffffff&#8221; locked=&#8221;off&#8221; global_colors_info=&#8221;{}&#8221;][et_pb_row _builder_version=&#8221;4.16&#8243; custom_padding=&#8221;10px|||||&#8221; global_colors_info=&#8221;{}&#8221;][et_pb_column type=&#8221;4_4&#8243; _builder_version=&#8221;4.16&#8243; global_colors_info=&#8221;{}&#8221;][et_pb_text admin_label=&#8221;COMPRA TUS BILLETES&#8221; _builder_version=&#8221;4.16&#8243; text_font=&#8221;Lato|700|||||||&#8221; text_text_color=&#8221;#ffffff&#8221; text_font_size=&#8221;16px&#8221; text_letter_spacing=&#8221;2px&#8221; text_line_height=&#8221;1.6em&#8221; header_2_font=&#8221;Oswald|700|||||||&#8221; header_2_font_size=&#8221;40px&#8221; header_3_font=&#8221;Oswald||||||||&#8221; header_3_text_color=&#8221;#ffffff&#8221; header_3_font_size=&#8221;25px&#8221; custom_margin=&#8221;7px|0px|-33px|3px|false|false&#8221; custom_padding=&#8221;||0px|0px|false|false&#8221; header_2_font_size_tablet=&#8221;&#8221; header_2_font_size_phone=&#8221;30px&#8221; header_2_font_size_last_edited=&#8221;on|phone&#8221; locked=&#8221;off&#8221; global_colors_info=&#8221;{}&#8221;]<\/p>\n<p style=\"text-align: left;\">TXARTEL EROSKETA<\/p>\n<p style=\"text-align: center;\">\n<p>[\/et_pb_text][\/et_pb_column][\/et_pb_row][\/et_pb_section][et_pb_section fb_built=&#8221;1&#8243; admin_label=&#8221;NAVEGANDO BILBAO&#8221; _builder_version=&#8221;4.16&#8243; background_color=&#8221;#ffffff&#8221; background_enable_image=&#8221;off&#8221; custom_padding=&#8221;0px||0px|||&#8221; global_colors_info=&#8221;{}&#8221;][et_pb_row admin_label=&#8221;Section Header&#8221; _builder_version=&#8221;4.16&#8243; background_color=&#8221;#ffffff&#8221; module_alignment=&#8221;center&#8221; custom_margin=&#8221;|auto||520px||&#8221; custom_padding=&#8221;40px|0px|0px|0px||&#8221; global_colors_info=&#8221;{}&#8221;][et_pb_column type=&#8221;4_4&#8243; _builder_version=&#8221;4.16&#8243; custom_padding=&#8221;|||&#8221; global_colors_info=&#8221;{}&#8221; custom_padding__hover=&#8221;|||&#8221;][et_pb_divider divider_weight=&#8221;9px&#8221; show_divider_tablet=&#8221;&#8221; show_divider_phone=&#8221;on&#8221; show_divider_last_edited=&#8221;on|desktop&#8221; divider_weight_tablet=&#8221;&#8221; divider_weight_phone=&#8221;&#8221; divider_weight_last_edited=&#8221;on|tablet&#8221; _builder_version=&#8221;4.16&#8243; width=&#8221;9%&#8221; width_tablet=&#8221;16%&#8221; width_phone=&#8221;24%&#8221; width_last_edited=&#8221;on|phone&#8221; max_width=&#8221;100%&#8221; custom_margin=&#8221;|0px|14px||false|false&#8221; custom_padding=&#8221;|980px|||false|false&#8221; global_colors_info=&#8221;{}&#8221;][\/et_pb_divider][et_pb_text admin_label=&#8221;NAVEGANDO BILBAO&#8221; _builder_version=&#8221;4.16&#8243; text_font=&#8221;Lato||||||||&#8221; text_font_size=&#8221;20px&#8221; text_line_height=&#8221;1em&#8221; header_text_color=&#8221;#b82821&#8243; header_2_font=&#8221;Oswald|700|||||||&#8221; header_2_text_color=&#8221;#b82821&#8243; header_2_font_size=&#8221;40px&#8221; header_3_font=&#8221;Oswald||||||||&#8221; header_3_text_color=&#8221;#b82821&#8243; header_3_font_size=&#8221;25px&#8221; custom_margin=&#8221;|0px|24px||false|false&#8221; custom_margin_tablet=&#8221;&#8221; custom_margin_phone=&#8221;&#8221; custom_margin_last_edited=&#8221;on|desktop&#8221; custom_padding=&#8221;|300px|0px|2px|false|false&#8221; custom_padding_tablet=&#8221;|0px|||false|false&#8221; custom_padding_phone=&#8221;&#8221; custom_padding_last_edited=&#8221;on|desktop&#8221; header_2_font_size_tablet=&#8221;&#8221; header_2_font_size_phone=&#8221;35px&#8221; header_2_font_size_last_edited=&#8221;on|phone&#8221; global_colors_info=&#8221;{}&#8221;]<\/p>\n<h3><img loading=\"lazy\" decoding=\"async\" src=\"https:\/\/www.bilboats.com\/wp-content\/uploads\/2020\/02\/comprar-billetes-gorria.png\" width=\"94\" height=\"77\" alt=\"\" class=\"wp-image-1652 alignnone size-full\" \/><\/h3>\n<h3>PREGUNTAS FRECUENTES<\/h3>\n<p>&nbsp;<\/p>\n<ul>\n<li><strong>\u00bfHay que imprimir los billetes online en papel?<br \/> <\/strong>NO ES NECESARIO IMPRIMIR EL BILLETE, VALE CON QUE NOS MUESTRES EL C\u00d3DIGO QR QUE TE ENVIAMOS AL E-MAIL.<\/li>\n<\/ul>\n<ul>\n<li><strong>\u00bfQu\u00e9 necesito saber antes de comprar un billete?<br \/> <\/strong>Te recomendamos que antes de comprar el billete tengas claro: el d\u00eda, la ruta elegida, as\u00ed como la hora de salida y duraci\u00f3n de la misma.<\/li>\n<\/ul>\n<ul>\n<li><strong>\u00bfC\u00f3mo puedo comprar un billete?<br \/> <\/strong>Lo puedes comprar por dos v\u00edas:<br \/> 1. A trav\u00e9s de nuestra p\u00e1gina web.<br \/> 2. En la oficina de Bilboats, en la plaza P\u00edo Baroja 1, en horario comercial.<\/li>\n<\/ul>\n<ul>\n<li><strong>Los billetes comprados online tienen un descuento de un 30% en el precio de las consumiciones en el bar. Ense\u00f1ando el tiket al personal del barco, podr\u00e1n disponer de este descuento.<\/strong><\/li>\n<\/ul>\n<ul>\n<li><strong>IMPORTANTE:<\/strong> Los asientos no son numerados por lo que la compra de billetes garantiza tu plaza en el barco, <strong>NO UN ASIENTO CONCRETO.<\/strong> El embarque del pasaje se realizar\u00e1 siempre por extricto orden de llegada al muelle, indiferentemente del tipo de billete que tengan, respetando una \u00fanica fila por orden de llegada.<\/li>\n<\/ul>\n<ul>\n<li><strong>\u00bfPuedo comprar mis billetes por internet y despu\u00e9s pagarlos en el barco?<br \/> <\/strong>No, en el momento de hacer la compra online,deber\u00e1s abonar la totalidad del billete con una tarjeta de cr\u00e9dito o d\u00e9bito.<\/li>\n<\/ul>\n<ul>\n<li><strong>\u00bfPuedo realizar un reserva de billetes sin comprarlos?<br \/> <\/strong>No se realizan reservas, por lo que para asegurarte tu billete anticipadamente, deber\u00e1s realizar la compra del mismo a trav\u00e9s de la web <a href=\"http:\/\/www.bilboats.com\">www.bilboats.com<\/a>.<\/li>\n<\/ul>\n<ul>\n<li><strong>\u00bfSe puede salir en un barco y volver en el siguiente?<br \/> <\/strong>No. Los viajes son de ida y vuelta sin paradas, desde el punto de origen, el pantal\u00e1n de P\u00edo Baroja.<\/li>\n<\/ul>\n<ul>\n<li><strong>\u00bfSe puede anular la compra de billetes?<br \/> <\/strong>No. Una vez realizada la compra ya no puedes anular la reserva.<\/li>\n<\/ul>\n<ul>\n<li><strong>\u00bfSi por alg\u00fan motivo la empresa decide no realizar el viaje, se reembolsa el importe del billete?<br \/> <\/strong>Si el viaje no se realiza, se te reembolsar\u00e1 el importe \u00edntegro.<\/li>\n<\/ul>\n<ul>\n<li><strong>\u00bfCon cu\u00e1nto tiempo de antelaci\u00f3n se debe llegar al embarque?<br \/> <\/strong>El embarque comienza 30 minutos antes para garantizar la puntualidad de nuestras rutas y est\u00e1 abierto hasta la hora de la salida.<\/li>\n<\/ul>\n<ul>\n<li><strong>\u00bfCu\u00e1nto tiempo duran los viajes?<br \/> <\/strong>Navegando Bilbao: 1 hora aproximadamente.<br \/> Navegando al Mar: 2 horas aproximadamente.<\/li>\n<\/ul>\n<ul>\n<li><strong>\u00bfSe pueden llevar animales en el barco?<br \/> <\/strong>No, el barco transporta \u00fanicamente pasajeros.<\/li>\n<\/ul>\n<ul>\n<li><strong>\u00bfSe pueden llevar carritos de ni\u00f1o en el barco?<br \/> <\/strong>S\u00ed.<\/li>\n<\/ul>\n<ul>\n<li><strong>\u00bfExisten ofertas o descuentos?<\/strong><br \/> La compra de 10 o m\u00e1s billetes, tanto en la p\u00e1gina web como en la oficina, tienen un descuento del 10%.<\/li>\n<\/ul>\n<ul>\n<li><strong>\u00bfLos menores pueden viajar sin la compa\u00f1\u00eda de un adulto?<br \/> <\/strong>No, siempre deben ir acompa\u00f1ados de un adulto.<\/li>\n<\/ul>\n<ul>\n<li><strong>\u00bfC\u00f3mo puedo obtener la factura de mi viaje?<\/strong>En caso de requerir una factura, deber\u00e1s solicitarla por e-mail, indicando el d\u00eda de compra, importe, y dem\u00e1s datos de la compra realizada.<\/li>\n<\/ul>\n<ul>\n<li><strong>\u00bfSe puede contratar el servicio para una fiesta privada?<\/strong>Por supuesto. Solo tienes que contactar con nosotros y contarnos c\u00faal es tu plan y te ayudaremos a realizarlo.<\/li>\n<\/ul>\n<ul>\n<li><strong>\u00bfSe organizan viajes especiales para grupos?<\/strong>S\u00ed. Contacta con nosotros y te explicaremos todas las posibilidades.<\/li>\n<\/ul>\n<ul><\/ul>\n<p>[\/et_pb_text][et_pb_divider color=&#8221;rgba(0,0,0,0.21)&#8221; _builder_version=&#8221;4.16&#8243; global_colors_info=&#8221;{}&#8221;][\/et_pb_divider][\/et_pb_column][\/et_pb_row][\/et_pb_section][et_pb_section fb_built=&#8221;1&#8243; prev_background_color=&#8221;#ffffff&#8221; module_id=&#8221;ancla1&#8243; _builder_version=&#8221;4.16&#8243; background_color=&#8221;#930400&#8243; use_background_color_gradient=&#8221;on&#8221; background_color_gradient_stops=&#8221;#930400 0%|#b82821 100%&#8221; background_color_gradient_start=&#8221;#930400&#8243; background_color_gradient_end=&#8221;#b82821&#8243; custom_padding=&#8221;0px||0px|||&#8221; top_divider_style=&#8221;wave2&#8243; top_divider_height=&#8221;72px&#8221; top_divider_style_tablet=&#8221;&#8221; top_divider_style_phone=&#8221;&#8221; top_divider_style_last_edited=&#8221;on|desktop&#8221; border_color_all=&#8221;rgba(51,51,51,0.13)&#8221; border_width_top=&#8221;2px&#8221; border_color_top=&#8221;#ffffff&#8221; global_colors_info=&#8221;{}&#8221;][et_pb_row _builder_version=&#8221;4.16&#8243; global_colors_info=&#8221;{}&#8221;][et_pb_column type=&#8221;4_4&#8243; _builder_version=&#8221;4.16&#8243; global_colors_info=&#8221;{}&#8221;][et_pb_image src=&#8221;https:\/\/www.bilboats.com\/wp-content\/uploads\/2020\/01\/billetes-online-zuria.png&#8221; _builder_version=&#8221;4.16&#8243; width=&#8221;7%&#8221; width_tablet=&#8221;60px&#8221; width_phone=&#8221;&#8221; width_last_edited=&#8221;on|desktop&#8221; animation_style=&#8221;bounce&#8221; global_colors_info=&#8221;{}&#8221;][\/et_pb_image][et_pb_text admin_label=&#8221;COMPRA TUS BILLETES&#8221; _builder_version=&#8221;4.16&#8243; text_font=&#8221;Lato||||||||&#8221; text_text_color=&#8221;#ffffff&#8221; text_font_size=&#8221;18px&#8221; text_line_height=&#8221;1.6em&#8221; header_2_font=&#8221;Oswald|700|||||||&#8221; header_2_font_size=&#8221;40px&#8221; header_3_font=&#8221;Oswald||||||||&#8221; header_3_text_color=&#8221;#ffffff&#8221; header_3_font_size=&#8221;25px&#8221; custom_margin=&#8221;||5px|||&#8221; custom_padding=&#8221;||0px|2px||&#8221; header_2_font_size_tablet=&#8221;&#8221; header_2_font_size_phone=&#8221;30px&#8221; header_2_font_size_last_edited=&#8221;on|phone&#8221; global_colors_info=&#8221;{}&#8221;]<\/p>\n<h3 style=\"text-align: left;\">SARRERAK EROSI<\/h3>\n<p>[\/et_pb_text][et_pb_text admin_label=&#8221;COMPRA TUS BILLETES&#8221; _builder_version=&#8221;4.16&#8243; text_font=&#8221;Lato||||||||&#8221; text_text_color=&#8221;#ffffff&#8221; text_font_size=&#8221;16px&#8221; text_line_height=&#8221;1.6em&#8221; header_2_font=&#8221;Oswald|700|||||||&#8221; header_2_font_size=&#8221;40px&#8221; header_3_font=&#8221;Oswald||||||||&#8221; header_3_text_color=&#8221;#ffffff&#8221; header_3_font_size=&#8221;25px&#8221; custom_margin=&#8221;|0px|21px|0px|false|false&#8221; custom_padding=&#8221;||0px|0px|false|false&#8221; header_2_font_size_tablet=&#8221;&#8221; header_2_font_size_phone=&#8221;30px&#8221; header_2_font_size_last_edited=&#8221;on|phone&#8221; locked=&#8221;off&#8221; global_colors_info=&#8221;{}&#8221;]<\/p>\n<p style=\"text-align: left;\">On-line bidezko txartel salmenta aplikazioan sartzen ari zara. Txartelak erosteko sartu lotura honetan:<\/p>\n<p style=\"text-align: center;\">\n<p>[\/et_pb_text][et_pb_button button_url=&#8221;https:\/\/www.reservaonline.support\/bilboats\/index.html&#8221; url_new_window=&#8221;on&#8221; button_text=&#8221;Online salmenta&#8221; button_alignment=&#8221;left&#8221; _builder_version=&#8221;4.16&#8243; custom_button=&#8221;on&#8221; button_text_size=&#8221;17px&#8221; button_text_color=&#8221;#ffffff&#8221; button_bg_color=&#8221;rgba(0,0,0,0.22)&#8221; button_border_width=&#8221;0px&#8221; button_border_radius=&#8221;3px&#8221; button_letter_spacing=&#8221;0px&#8221; button_font=&#8221;Oswald||||||||&#8221; background_layout=&#8221;dark&#8221; custom_margin=&#8221;-20px||||false|false&#8221; locked=&#8221;off&#8221; global_colors_info=&#8221;{}&#8221;][\/et_pb_button][\/et_pb_column][\/et_pb_row][\/et_pb_section][et_pb_section fb_built=&#8221;1&#8243; fullwidth=&#8221;on&#8221; _builder_version=&#8221;4.16&#8243; background_color=&#8221;#930400&#8243; use_background_color_gradient=&#8221;on&#8221; background_color_gradient_stops=&#8221;#930400 0%|#b82821 100%&#8221; background_color_gradient_start=&#8221;#930400&#8243; background_color_gradient_end=&#8221;#b82821&#8243; top_divider_height=&#8221;72px&#8221; top_divider_style_tablet=&#8221;&#8221; top_divider_style_phone=&#8221;&#8221; top_divider_style_last_edited=&#8221;on|desktop&#8221; global_colors_info=&#8221;{}&#8221;][et_pb_fullwidth_image src=&#8221;https:\/\/www.bilboats.com\/wp-content\/uploads\/2020\/01\/Bilboats-inicio-1.jpg&#8221; admin_label=&#8221;Imagen anchura completa Bilboats&#8221; _builder_version=&#8221;4.16&#8243; background_color=&#8221;#930400&#8243; use_background_color_gradient=&#8221;on&#8221; background_color_gradient_stops=&#8221;#930400 0%|#b82821 100%&#8221; background_color_gradient_start=&#8221;#930400&#8243; background_color_gradient_end=&#8221;#b82821&#8243; global_colors_info=&#8221;{}&#8221;][\/et_pb_fullwidth_image][\/et_pb_section]<\/p>\n","protected":false},"excerpt":{"rendered":"<p>On-line bidezko txartel salmenta aplikazioan sartzen ari zara. Txartelak erosteko sartu lotura honetan:TXARTEL EROSKETA PREGUNTAS FRECUENTES &nbsp; \u00bfHay que imprimir los billetes online en papel? NO ES NECESARIO IMPRIMIR EL BILLETE, VALE CON QUE NOS MUESTRES EL C\u00d3DIGO QR QUE TE ENVIAMOS AL E-MAIL. \u00bfQu\u00e9 necesito saber antes de comprar un billete? Te recomendamos que [&hellip;]<\/p>\n","protected":false},"author":1,"featured_media":0,"parent":0,"menu_order":0,"comment_status":"closed","ping_status":"closed","template":"","meta":{"_et_pb_use_builder":"on","_et_pb_old_content":"","_et_gb_content_width":"","footnotes":""},"class_list":["post-1650","page","type-page","status-publish","hentry"],"yoast_head":"<!-- This site is optimized with the Yoast SEO plugin v27.1.1 - https:\/\/yoast.com\/product\/yoast-seo-wordpress\/ -->\n<title>Bilboatseko itsasontzi-ibilbideetako online sarreren erosketa<\/title>\n<meta name=\"description\" content=\"Bilboatsek Bilboko itsasadarrean egiten dituen ibilbide turistikoetako txartelak online saltzeko aplikazioa\" \/>\n<meta name=\"robots\" content=\"index, follow, max-snippet:-1, max-image-preview:large, max-video-preview:-1\" \/>\n<link rel=\"canonical\" href=\"https:\/\/www.bilboats.com\/eu\/txartel-erosketa\/\" \/>\n<meta property=\"og:locale\" content=\"en_US\" \/>\n<meta property=\"og:type\" content=\"article\" \/>\n<meta property=\"og:title\" content=\"Bilboatseko itsasontzi-ibilbideetako online sarreren erosketa\" \/>\n<meta property=\"og:description\" content=\"Bilboatsek Bilboko itsasadarrean egiten dituen ibilbide turistikoetako txartelak online saltzeko aplikazioa\" \/>\n<meta property=\"og:url\" content=\"https:\/\/www.bilboats.com\/eu\/txartel-erosketa\/\" \/>\n<meta property=\"og:site_name\" content=\"Bilboats\" \/>\n<meta property=\"article:modified_time\" content=\"2023-07-28T16:26:33+00:00\" \/>\n<meta property=\"og:image\" content=\"https:\/\/www.bilboats.com\/wp-content\/uploads\/2020\/02\/comprar-billetes-gorria.png\" \/>\n<meta name=\"twitter:card\" content=\"summary_large_image\" \/>\n<meta name=\"twitter:label1\" content=\"Est. reading time\" \/>\n\t<meta name=\"twitter:data1\" content=\"9 minutua\" \/>\n<script type=\"application\/ld+json\" class=\"yoast-schema-graph\">{\"@context\":\"https:\/\/schema.org\",\"@graph\":[{\"@type\":\"WebPage\",\"@id\":\"https:\/\/www.bilboats.com\/eu\/txartel-erosketa\/\",\"url\":\"https:\/\/www.bilboats.com\/eu\/txartel-erosketa\/\",\"name\":\"Bilboatseko itsasontzi-ibilbideetako online sarreren erosketa\",\"isPartOf\":{\"@id\":\"https:\/\/www.bilboats.com\/eu\/#website\"},\"primaryImageOfPage\":{\"@id\":\"https:\/\/www.bilboats.com\/eu\/txartel-erosketa\/#primaryimage\"},\"image\":{\"@id\":\"https:\/\/www.bilboats.com\/eu\/txartel-erosketa\/#primaryimage\"},\"thumbnailUrl\":\"https:\/\/www.bilboats.com\/wp-content\/uploads\/2020\/02\/comprar-billetes-gorria.png\",\"datePublished\":\"2020-02-18T08:52:05+00:00\",\"dateModified\":\"2023-07-28T16:26:33+00:00\",\"description\":\"Bilboatsek Bilboko itsasadarrean egiten dituen ibilbide turistikoetako txartelak online saltzeko aplikazioa\",\"breadcrumb\":{\"@id\":\"https:\/\/www.bilboats.com\/eu\/txartel-erosketa\/#breadcrumb\"},\"inLanguage\":\"eu\",\"potentialAction\":[{\"@type\":\"ReadAction\",\"target\":[\"https:\/\/www.bilboats.com\/eu\/txartel-erosketa\/\"]}]},{\"@type\":\"ImageObject\",\"inLanguage\":\"eu\",\"@id\":\"https:\/\/www.bilboats.com\/eu\/txartel-erosketa\/#primaryimage\",\"url\":\"https:\/\/www.bilboats.com\/wp-content\/uploads\/2020\/02\/comprar-billetes-gorria.png\",\"contentUrl\":\"https:\/\/www.bilboats.com\/wp-content\/uploads\/2020\/02\/comprar-billetes-gorria.png\"},{\"@type\":\"BreadcrumbList\",\"@id\":\"https:\/\/www.bilboats.com\/eu\/txartel-erosketa\/#breadcrumb\",\"itemListElement\":[{\"@type\":\"ListItem\",\"position\":1,\"name\":\"Portada\",\"item\":\"https:\/\/www.bilboats.com\/eu\/\"},{\"@type\":\"ListItem\",\"position\":2,\"name\":\"Txartel-Erosketa\"}]},{\"@type\":\"WebSite\",\"@id\":\"https:\/\/www.bilboats.com\/eu\/#website\",\"url\":\"https:\/\/www.bilboats.com\/eu\/\",\"name\":\"Bilboats\",\"description\":\"La manera m\u00e1s atractiva de conocer Bilbao\",\"potentialAction\":[{\"@type\":\"SearchAction\",\"target\":{\"@type\":\"EntryPoint\",\"urlTemplate\":\"https:\/\/www.bilboats.com\/eu\/?s={search_term_string}\"},\"query-input\":{\"@type\":\"PropertyValueSpecification\",\"valueRequired\":true,\"valueName\":\"search_term_string\"}}],\"inLanguage\":\"eu\"}]}<\/script>\n<!-- \/ Yoast SEO plugin. -->","yoast_head_json":{"title":"Bilboatseko itsasontzi-ibilbideetako online sarreren erosketa","description":"Bilboatsek Bilboko itsasadarrean egiten dituen ibilbide turistikoetako txartelak online saltzeko aplikazioa","robots":{"index":"index","follow":"follow","max-snippet":"max-snippet:-1","max-image-preview":"max-image-preview:large","max-video-preview":"max-video-preview:-1"},"canonical":"https:\/\/www.bilboats.com\/eu\/txartel-erosketa\/","og_locale":"en_US","og_type":"article","og_title":"Bilboatseko itsasontzi-ibilbideetako online sarreren erosketa","og_description":"Bilboatsek Bilboko itsasadarrean egiten dituen ibilbide turistikoetako txartelak online saltzeko aplikazioa","og_url":"https:\/\/www.bilboats.com\/eu\/txartel-erosketa\/","og_site_name":"Bilboats","article_modified_time":"2023-07-28T16:26:33+00:00","og_image":[{"url":"https:\/\/www.bilboats.com\/wp-content\/uploads\/2020\/02\/comprar-billetes-gorria.png","type":"","width":"","height":""}],"twitter_card":"summary_large_image","twitter_misc":{"Est. reading time":"9 minutua"},"schema":{"@context":"https:\/\/schema.org","@graph":[{"@type":"WebPage","@id":"https:\/\/www.bilboats.com\/eu\/txartel-erosketa\/","url":"https:\/\/www.bilboats.com\/eu\/txartel-erosketa\/","name":"Bilboatseko itsasontzi-ibilbideetako online sarreren erosketa","isPartOf":{"@id":"https:\/\/www.bilboats.com\/eu\/#website"},"primaryImageOfPage":{"@id":"https:\/\/www.bilboats.com\/eu\/txartel-erosketa\/#primaryimage"},"image":{"@id":"https:\/\/www.bilboats.com\/eu\/txartel-erosketa\/#primaryimage"},"thumbnailUrl":"https:\/\/www.bilboats.com\/wp-content\/uploads\/2020\/02\/comprar-billetes-gorria.png","datePublished":"2020-02-18T08:52:05+00:00","dateModified":"2023-07-28T16:26:33+00:00","description":"Bilboatsek Bilboko itsasadarrean egiten dituen ibilbide turistikoetako txartelak online saltzeko aplikazioa","breadcrumb":{"@id":"https:\/\/www.bilboats.com\/eu\/txartel-erosketa\/#breadcrumb"},"inLanguage":"eu","potentialAction":[{"@type":"ReadAction","target":["https:\/\/www.bilboats.com\/eu\/txartel-erosketa\/"]}]},{"@type":"ImageObject","inLanguage":"eu","@id":"https:\/\/www.bilboats.com\/eu\/txartel-erosketa\/#primaryimage","url":"https:\/\/www.bilboats.com\/wp-content\/uploads\/2020\/02\/comprar-billetes-gorria.png","contentUrl":"https:\/\/www.bilboats.com\/wp-content\/uploads\/2020\/02\/comprar-billetes-gorria.png"},{"@type":"BreadcrumbList","@id":"https:\/\/www.bilboats.com\/eu\/txartel-erosketa\/#breadcrumb","itemListElement":[{"@type":"ListItem","position":1,"name":"Portada","item":"https:\/\/www.bilboats.com\/eu\/"},{"@type":"ListItem","position":2,"name":"Txartel-Erosketa"}]},{"@type":"WebSite","@id":"https:\/\/www.bilboats.com\/eu\/#website","url":"https:\/\/www.bilboats.com\/eu\/","name":"Bilboats","description":"La manera m\u00e1s atractiva de conocer Bilbao","potentialAction":[{"@type":"SearchAction","target":{"@type":"EntryPoint","urlTemplate":"https:\/\/www.bilboats.com\/eu\/?s={search_term_string}"},"query-input":{"@type":"PropertyValueSpecification","valueRequired":true,"valueName":"search_term_string"}}],"inLanguage":"eu"}]}},"_links":{"self":[{"href":"https:\/\/www.bilboats.com\/eu\/wp-json\/wp\/v2\/pages\/1650","targetHints":{"allow":["GET"]}}],"collection":[{"href":"https:\/\/www.bilboats.com\/eu\/wp-json\/wp\/v2\/pages"}],"about":[{"href":"https:\/\/www.bilboats.com\/eu\/wp-json\/wp\/v2\/types\/page"}],"author":[{"embeddable":true,"href":"https:\/\/www.bilboats.com\/eu\/wp-json\/wp\/v2\/users\/1"}],"replies":[{"embeddable":true,"href":"https:\/\/www.bilboats.com\/eu\/wp-json\/wp\/v2\/comments?post=1650"}],"version-history":[{"count":19,"href":"https:\/\/www.bilboats.com\/eu\/wp-json\/wp\/v2\/pages\/1650\/revisions"}],"predecessor-version":[{"id":4678,"href":"https:\/\/www.bilboats.com\/eu\/wp-json\/wp\/v2\/pages\/1650\/revisions\/4678"}],"wp:attachment":[{"href":"https:\/\/www.bilboats.com\/eu\/wp-json\/wp\/v2\/media?parent=1650"}],"curies":[{"name":"wp","href":"https:\/\/api.w.org\/{rel}","templated":true}]}}