{"id":1950,"date":"2020-03-05T10:51:52","date_gmt":"2020-03-05T10:51:52","guid":{"rendered":"https:\/\/www.bilboats.com\/regular-trips\/"},"modified":"2021-09-27T07:48:33","modified_gmt":"2021-09-27T06:48:33","slug":"regular-trips","status":"publish","type":"page","link":"https:\/\/www.bilboats.com\/en\/regular-trips\/","title":{"rendered":"Regular Trips"},"content":{"rendered":"<p>[et_pb_section fb_built=&#8221;1&#8243; fullwidth=&#8221;on&#8221; admin_label=&#8221;Header Section&#8221; _builder_version=&#8221;4.0.11&#8243; background_color=&#8221;#000000&#8243; custom_padding=&#8221;|||&#8221; animation_style=&#8221;fade&#8221;][et_pb_fullwidth_header title=&#8221;REGULAR TRIPS&#8221; subhead=&#8221;2 trip differents.&#8221; text_orientation=&#8221;center&#8221; header_fullscreen=&#8221;on&#8221; header_scroll_down=&#8221;on&#8221; scroll_down_icon=&#8221;%%2%%&#8221; scroll_down_icon_color=&#8221;#ffffff&#8221; button_one_text=&#8221;Tickets Purchase&#8221; button_one_url=&#8221;https:\/\/www.bilboats.com\/en\/ticket-purchase\/&#8221; background_overlay_color=&#8221;rgba(0,0,0,0.74)&#8221; content_max_width_last_edited=&#8221;off|desktop&#8221; admin_label=&#8221;Imagen Salidas Regulares&#8221; _builder_version=&#8221;4.0.11&#8243; title_font=&#8221;Oswald|700||on|||||&#8221; title_text_align=&#8221;center&#8221; title_font_size=&#8221;54px&#8221; title_letter_spacing=&#8221;0em&#8221; subhead_font=&#8221;Lato|600|||||||&#8221; subhead_font_size=&#8221;20px&#8221; subhead_line_height=&#8221;1.9em&#8221; background_color=&#8221;#000000&#8243; background_image=&#8221;https:\/\/www.bilboats.com\/wp-content\/uploads\/2020\/01\/Bilboats-Contacto-Harremanetan.jpg&#8221; parallax=&#8221;on&#8221; parallax_method=&#8221;on&#8221; background_enable_video_mp4=&#8221;off&#8221; custom_button_one=&#8221;on&#8221; button_one_text_size=&#8221;15px&#8221; button_one_bg_color=&#8221;#b82821&#8243; button_one_border_width=&#8221;10px&#8221; button_one_border_color=&#8221;#b82821&#8243; button_one_border_radius=&#8221;0px&#8221; button_one_letter_spacing=&#8221;3px&#8221; button_one_font=&#8221;Oswald|||on|&#8221; title_font_size_tablet=&#8221;60px&#8221; title_font_size_phone=&#8221;40px&#8221; title_font_size_last_edited=&#8221;on|tablet&#8221; subhead_line_height_tablet=&#8221;&#8221; subhead_line_height_phone=&#8221;1.2em&#8221; subhead_line_height_last_edited=&#8221;on|phone&#8221; button_one_text_size_tablet=&#8221;&#8221; button_one_text_size_phone=&#8221;13px&#8221; button_one_text_size_last_edited=&#8221;on|phone&#8221; button_one_border_color_hover=&#8221;#c99872&#8243; button_one_border_radius_hover=&#8221;0px&#8221; button_one_letter_spacing_hover=&#8221;3px&#8221; button_one_bg_color_hover=&#8221;#c99872&#8243; button_one_text_size__hover_enabled=&#8221;off&#8221; button_two_text_size__hover_enabled=&#8221;off&#8221; button_one_text_color__hover_enabled=&#8221;off&#8221; button_two_text_color__hover_enabled=&#8221;off&#8221; button_one_border_width__hover_enabled=&#8221;off&#8221; button_two_border_width__hover_enabled=&#8221;off&#8221; button_one_border_color__hover_enabled=&#8221;on|hover&#8221; button_one_border_color__hover=&#8221;#ffffff&#8221; button_two_border_color__hover_enabled=&#8221;off&#8221; button_one_border_radius__hover_enabled=&#8221;on&#8221; button_one_border_radius__hover=&#8221;0px&#8221; button_two_border_radius__hover_enabled=&#8221;off&#8221; button_one_letter_spacing__hover_enabled=&#8221;on&#8221; button_one_letter_spacing__hover=&#8221;3px&#8221; button_two_letter_spacing__hover_enabled=&#8221;off&#8221; button_one_bg_color__hover_enabled=&#8221;on|hover&#8221; button_one_bg_color__hover=&#8221;rgba(115,33,15,0.28)&#8221; button_two_bg_color__hover_enabled=&#8221;off&#8221; button_one_bg_enable_color__hover=&#8221;on&#8221;][\/et_pb_fullwidth_header][\/et_pb_section][et_pb_section fb_built=&#8221;1&#8243; admin_label=&#8221;NAVEGANDO BILBAO&#8221; _builder_version=&#8221;4.0.11&#8243; background_enable_image=&#8221;off&#8221; custom_padding=&#8221;0px||0px|||&#8221;][et_pb_row admin_label=&#8221;Section Header&#8221; _builder_version=&#8221;3.25&#8243; module_alignment=&#8221;center&#8221; custom_padding=&#8221;40px|0px|40px|0px&#8221;][et_pb_column type=&#8221;4_4&#8243; _builder_version=&#8221;3.25&#8243; custom_padding=&#8221;|||&#8221; custom_padding__hover=&#8221;|||&#8221;][et_pb_text admin_label=&#8221;NAVEGANDO BILBAO&#8221; _builder_version=&#8221;4.0.11&#8243; text_font=&#8221;Lato||||||||&#8221; text_font_size=&#8221;20px&#8221; text_line_height=&#8221;1.6em&#8221; header_2_font=&#8221;Oswald|700|||||||&#8221; header_2_text_color=&#8221;#b82821&#8243; header_2_font_size=&#8221;40px&#8221; header_3_font=&#8221;Oswald||||||||&#8221; header_3_font_size=&#8221;25px&#8221; custom_margin=&#8221;||24px|||&#8221; custom_padding=&#8221;||0px|2px||&#8221; animation_style=&#8221;fold&#8221; header_2_font_size_tablet=&#8221;&#8221; header_2_font_size_phone=&#8221;30px&#8221; header_2_font_size_last_edited=&#8221;on|phone&#8221;]<\/p>\n<h2 style=\"text-align: center;\">SAILING BILBAO<\/h2>\n<h3 style=\"text-align: center;\">60&#8242;<\/h3>\n<p>[\/et_pb_text][et_pb_text admin_label=&#8221;TEXTO NAVEGANDO BILBAO&#8221; _builder_version=&#8221;4.0.11&#8243; text_font=&#8221;Lato||||||||&#8221; text_font_size=&#8221;15px&#8221; text_line_height=&#8221;1.6em&#8221; header_2_font=&#8221;Oswald|700|||||||&#8221; header_2_font_size=&#8221;40px&#8221; header_3_font=&#8221;Oswald||||||||&#8221; header_3_font_size=&#8221;25px&#8221; text_line_height_tablet=&#8221;&#8221; text_line_height_phone=&#8221;1.5em&#8221; text_line_height_last_edited=&#8221;on|phone&#8221;]<\/p>\n<p style=\"text-align: center;\"><span style=\"font-size: 20px; text-align: center;\">60 minutes tour to visit central Bilbao, from the City Hall to Deusto canal entrance (No stops).<\/span><\/p>\n<p>[\/et_pb_text][et_pb_button button_url=&#8221;https:\/\/www.bilboats.com\/en\/sailing-bilbao\/&#8221; button_text=&#8221;VIEW TRIP 60&#8242;&#8221; button_alignment=&#8221;center&#8221; _builder_version=&#8221;4.0.11&#8243; custom_button=&#8221;on&#8221; button_text_size=&#8221;16px&#8221; button_text_color=&#8221;#ffffff&#8221; button_bg_color=&#8221;#b82821&#8243; button_border_width=&#8221;0px&#8221; button_border_radius=&#8221;3px&#8221; button_letter_spacing=&#8221;2px&#8221; button_font=&#8221;Oswald||||||||&#8221; background_layout=&#8221;dark&#8221; custom_margin=&#8221;-10px||||false|false&#8221; animation_style=&#8221;slide&#8221; hover_enabled=&#8221;0&#8243; locked=&#8221;off&#8221;][\/et_pb_button][\/et_pb_column][\/et_pb_row][\/et_pb_section][et_pb_section fb_built=&#8221;1&#8243; fullwidth=&#8221;on&#8221; _builder_version=&#8221;4.0.11&#8243; bottom_divider_color=&#8221;#ffffff&#8221; bottom_divider_style_tablet=&#8221;none&#8221; bottom_divider_style_phone=&#8221;&#8221; bottom_divider_style_last_edited=&#8221;on|phone&#8221;][et_pb_fullwidth_image src=&#8221;https:\/\/www.bilboats.com\/wp-content\/uploads\/2020\/01\/Bilboats-inicio-1.jpg&#8221; admin_label=&#8221;Imagen anchura completa Bilboats&#8221; _builder_version=&#8221;4.0.11&#8243; background_enable_image=&#8221;off&#8221; parallax=&#8221;on&#8221;][\/et_pb_fullwidth_image][\/et_pb_section][et_pb_section fb_built=&#8221;1&#8243; admin_label=&#8221;NAVEGANDO AL MAR&#8221; _builder_version=&#8221;4.0.11&#8243; background_enable_image=&#8221;off&#8221; custom_padding=&#8221;0px||0px|||&#8221;][et_pb_row admin_label=&#8221;Section Header&#8221; _builder_version=&#8221;3.25&#8243; module_alignment=&#8221;center&#8221; custom_padding=&#8221;40px|0px|40px|0px&#8221;][et_pb_column type=&#8221;4_4&#8243; _builder_version=&#8221;3.25&#8243; custom_padding=&#8221;|||&#8221; custom_padding__hover=&#8221;|||&#8221;][et_pb_text admin_label=&#8221;NAVEGANDO AL MAR&#8221; _builder_version=&#8221;4.0.11&#8243; text_font=&#8221;Lato||||||||&#8221; text_font_size=&#8221;20px&#8221; text_line_height=&#8221;1.6em&#8221; header_2_font=&#8221;Oswald|700|||||||&#8221; header_2_text_color=&#8221;#b82821&#8243; header_2_font_size=&#8221;40px&#8221; header_3_font=&#8221;Oswald||||||||&#8221; header_3_font_size=&#8221;25px&#8221; custom_margin=&#8221;||24px|||&#8221; custom_padding=&#8221;||0px|2px||&#8221; animation_style=&#8221;fold&#8221; header_2_font_size_tablet=&#8221;&#8221; header_2_font_size_phone=&#8221;30px&#8221; header_2_font_size_last_edited=&#8221;on|phone&#8221;]<\/p>\n<h2 style=\"text-align: center;\">SAILING TO SEA<\/h2>\n<h3 style=\"text-align: center;\">120&#8242;<\/h3>\n<p>[\/et_pb_text][et_pb_text admin_label=&#8221;TEXTO NAVEGANDO AL MAR&#8221; _builder_version=&#8221;4.0.11&#8243; text_font=&#8221;Lato||||||||&#8221; text_font_size=&#8221;15px&#8221; text_line_height=&#8221;1.6em&#8221; header_2_font=&#8221;Oswald|700|||||||&#8221; header_2_font_size=&#8221;40px&#8221; header_3_font=&#8221;Oswald||||||||&#8221; header_3_font_size=&#8221;25px&#8221; text_line_height_tablet=&#8221;&#8221; text_line_height_phone=&#8221;1.5em&#8221; text_line_height_last_edited=&#8221;on|phone&#8221;]<\/p>\n<p style=\"text-align: center;\"><span style=\"font-size: 20px; text-align: center;\">La ruta Navegando al Mar, tiene su comienzo y fin de trayecto en el mismo embarcadero de P\u00edo Baroja (<strong><a href=\"https:\/\/www.bilboats.com\/como-llegar\/\">C\u00d3MO LLEGAR \u00bb<\/a><\/strong>) y su duraci\u00f3n es de unas dos horas aproximadamente. En este recorrido se visitan los puntos de inter\u00e9s de la Villa, adem\u00e1s de los pueblos que conforman el Gran Bilbao a lo largo de la r\u00eda hasta la zona del Puente Colgante de Portugalete (sin paradas).<\/span><\/p>\n<p>[\/et_pb_text][et_pb_button button_url=&#8221;https:\/\/www.bilboats.com\/en\/sailing-to-sea\/&#8221; button_text=&#8221;VIEW TRIP 120&#8242;&#8221; button_alignment=&#8221;center&#8221; _builder_version=&#8221;4.0.11&#8243; custom_button=&#8221;on&#8221; button_text_size=&#8221;16px&#8221; button_text_color=&#8221;#ffffff&#8221; button_bg_color=&#8221;#008c36&#8243; button_border_width=&#8221;0px&#8221; button_border_radius=&#8221;3px&#8221; button_letter_spacing=&#8221;2px&#8221; button_font=&#8221;Oswald||||||||&#8221; background_layout=&#8221;dark&#8221; custom_margin=&#8221;-10px||||false|false&#8221; animation_style=&#8221;slide&#8221; hover_enabled=&#8221;0&#8243; locked=&#8221;off&#8221;][\/et_pb_button][\/et_pb_column][\/et_pb_row][\/et_pb_section]<\/p>\n","protected":false},"excerpt":{"rendered":"<p>SAILING BILBAO 60&#8217;60 minutes tour to visit central Bilbao, from the City Hall to Deusto canal entrance (No stops).SAILING TO SEA 120&#8217;La ruta Navegando al Mar, tiene su comienzo y fin de trayecto en el mismo embarcadero de P\u00edo Baroja (C\u00d3MO LLEGAR \u00bb) y su duraci\u00f3n es de unas dos horas aproximadamente. En este recorrido [&hellip;]<\/p>\n","protected":false},"author":1,"featured_media":0,"parent":0,"menu_order":0,"comment_status":"closed","ping_status":"closed","template":"","meta":{"_et_pb_use_builder":"on","_et_pb_old_content":"","_et_gb_content_width":"","footnotes":""},"class_list":["post-1950","page","type-page","status-publish","hentry"],"yoast_head":"<!-- This site is optimized with the Yoast SEO plugin v27.1.1 - https:\/\/yoast.com\/product\/yoast-seo-wordpress\/ -->\n<title>Regular Trips<\/title>\n<meta name=\"description\" content=\"Sea Trips: 2 trip differents along the estuary to discover Bilbao. &#039;Sailing Bilbao&#039;: 60&#039; and &#039;Sailing To Sea&#039;: 120&#039;.\" \/>\n<meta name=\"robots\" content=\"index, follow, max-snippet:-1, max-image-preview:large, max-video-preview:-1\" \/>\n<link rel=\"canonical\" href=\"https:\/\/www.bilboats.com\/en\/regular-trips\/\" \/>\n<meta property=\"og:locale\" content=\"en_US\" \/>\n<meta property=\"og:type\" content=\"article\" \/>\n<meta property=\"og:title\" content=\"Regular Trips\" \/>\n<meta property=\"og:description\" content=\"Sea Trips: 2 trip differents along the estuary to discover Bilbao. &#039;Sailing Bilbao&#039;: 60&#039; and &#039;Sailing To Sea&#039;: 120&#039;.\" \/>\n<meta property=\"og:url\" content=\"https:\/\/www.bilboats.com\/en\/regular-trips\/\" \/>\n<meta property=\"og:site_name\" content=\"Bilboats\" \/>\n<meta property=\"article:modified_time\" content=\"2021-09-27T06:48:33+00:00\" \/>\n<meta name=\"twitter:card\" content=\"summary_large_image\" \/>\n<meta name=\"twitter:label1\" content=\"Est. reading time\" \/>\n\t<meta name=\"twitter:data1\" content=\"5 minutes\" \/>\n<script type=\"application\/ld+json\" class=\"yoast-schema-graph\">{\"@context\":\"https:\/\/schema.org\",\"@graph\":[{\"@type\":\"WebPage\",\"@id\":\"https:\/\/www.bilboats.com\/en\/regular-trips\/\",\"url\":\"https:\/\/www.bilboats.com\/en\/regular-trips\/\",\"name\":\"Regular Trips\",\"isPartOf\":{\"@id\":\"https:\/\/www.bilboats.com\/en\/#website\"},\"datePublished\":\"2020-03-05T10:51:52+00:00\",\"dateModified\":\"2021-09-27T06:48:33+00:00\",\"description\":\"Sea Trips: 2 trip differents along the estuary to discover Bilbao. 'Sailing Bilbao': 60' and 'Sailing To Sea': 120'.\",\"breadcrumb\":{\"@id\":\"https:\/\/www.bilboats.com\/en\/regular-trips\/#breadcrumb\"},\"inLanguage\":\"en-US\",\"potentialAction\":[{\"@type\":\"ReadAction\",\"target\":[\"https:\/\/www.bilboats.com\/en\/regular-trips\/\"]}]},{\"@type\":\"BreadcrumbList\",\"@id\":\"https:\/\/www.bilboats.com\/en\/regular-trips\/#breadcrumb\",\"itemListElement\":[{\"@type\":\"ListItem\",\"position\":1,\"name\":\"Portada\",\"item\":\"https:\/\/www.bilboats.com\/en\/\"},{\"@type\":\"ListItem\",\"position\":2,\"name\":\"Regular Trips\"}]},{\"@type\":\"WebSite\",\"@id\":\"https:\/\/www.bilboats.com\/en\/#website\",\"url\":\"https:\/\/www.bilboats.com\/en\/\",\"name\":\"Bilboats\",\"description\":\"La manera m\u00e1s atractiva de conocer Bilbao\",\"potentialAction\":[{\"@type\":\"SearchAction\",\"target\":{\"@type\":\"EntryPoint\",\"urlTemplate\":\"https:\/\/www.bilboats.com\/en\/?s={search_term_string}\"},\"query-input\":{\"@type\":\"PropertyValueSpecification\",\"valueRequired\":true,\"valueName\":\"search_term_string\"}}],\"inLanguage\":\"en-US\"}]}<\/script>\n<!-- \/ Yoast SEO plugin. -->","yoast_head_json":{"title":"Regular Trips","description":"Sea Trips: 2 trip differents along the estuary to discover Bilbao. 'Sailing Bilbao': 60' and 'Sailing To Sea': 120'.","robots":{"index":"index","follow":"follow","max-snippet":"max-snippet:-1","max-image-preview":"max-image-preview:large","max-video-preview":"max-video-preview:-1"},"canonical":"https:\/\/www.bilboats.com\/en\/regular-trips\/","og_locale":"en_US","og_type":"article","og_title":"Regular Trips","og_description":"Sea Trips: 2 trip differents along the estuary to discover Bilbao. 'Sailing Bilbao': 60' and 'Sailing To Sea': 120'.","og_url":"https:\/\/www.bilboats.com\/en\/regular-trips\/","og_site_name":"Bilboats","article_modified_time":"2021-09-27T06:48:33+00:00","twitter_card":"summary_large_image","twitter_misc":{"Est. reading time":"5 minutes"},"schema":{"@context":"https:\/\/schema.org","@graph":[{"@type":"WebPage","@id":"https:\/\/www.bilboats.com\/en\/regular-trips\/","url":"https:\/\/www.bilboats.com\/en\/regular-trips\/","name":"Regular Trips","isPartOf":{"@id":"https:\/\/www.bilboats.com\/en\/#website"},"datePublished":"2020-03-05T10:51:52+00:00","dateModified":"2021-09-27T06:48:33+00:00","description":"Sea Trips: 2 trip differents along the estuary to discover Bilbao. 'Sailing Bilbao': 60' and 'Sailing To Sea': 120'.","breadcrumb":{"@id":"https:\/\/www.bilboats.com\/en\/regular-trips\/#breadcrumb"},"inLanguage":"en-US","potentialAction":[{"@type":"ReadAction","target":["https:\/\/www.bilboats.com\/en\/regular-trips\/"]}]},{"@type":"BreadcrumbList","@id":"https:\/\/www.bilboats.com\/en\/regular-trips\/#breadcrumb","itemListElement":[{"@type":"ListItem","position":1,"name":"Portada","item":"https:\/\/www.bilboats.com\/en\/"},{"@type":"ListItem","position":2,"name":"Regular Trips"}]},{"@type":"WebSite","@id":"https:\/\/www.bilboats.com\/en\/#website","url":"https:\/\/www.bilboats.com\/en\/","name":"Bilboats","description":"La manera m\u00e1s atractiva de conocer Bilbao","potentialAction":[{"@type":"SearchAction","target":{"@type":"EntryPoint","urlTemplate":"https:\/\/www.bilboats.com\/en\/?s={search_term_string}"},"query-input":{"@type":"PropertyValueSpecification","valueRequired":true,"valueName":"search_term_string"}}],"inLanguage":"en-US"}]}},"_links":{"self":[{"href":"https:\/\/www.bilboats.com\/en\/wp-json\/wp\/v2\/pages\/1950","targetHints":{"allow":["GET"]}}],"collection":[{"href":"https:\/\/www.bilboats.com\/en\/wp-json\/wp\/v2\/pages"}],"about":[{"href":"https:\/\/www.bilboats.com\/en\/wp-json\/wp\/v2\/types\/page"}],"author":[{"embeddable":true,"href":"https:\/\/www.bilboats.com\/en\/wp-json\/wp\/v2\/users\/1"}],"replies":[{"embeddable":true,"href":"https:\/\/www.bilboats.com\/en\/wp-json\/wp\/v2\/comments?post=1950"}],"version-history":[{"count":4,"href":"https:\/\/www.bilboats.com\/en\/wp-json\/wp\/v2\/pages\/1950\/revisions"}],"predecessor-version":[{"id":4104,"href":"https:\/\/www.bilboats.com\/en\/wp-json\/wp\/v2\/pages\/1950\/revisions\/4104"}],"wp:attachment":[{"href":"https:\/\/www.bilboats.com\/en\/wp-json\/wp\/v2\/media?parent=1950"}],"curies":[{"name":"wp","href":"https:\/\/api.w.org\/{rel}","templated":true}]}}