{"id":1630,"date":"2020-02-18T07:50:19","date_gmt":"2020-02-18T07:50:19","guid":{"rendered":"https:\/\/www.bilboats.com\/legal-information\/"},"modified":"2020-02-18T07:50:22","modified_gmt":"2020-02-18T07:50:22","slug":"legal-information","status":"publish","type":"page","link":"https:\/\/www.bilboats.com\/en\/legal-information\/","title":{"rendered":"LEGAL INFORMATION"},"content":{"rendered":"\n\n\n[et_pb_section fb_built=&#8221;1&#8243; _builder_version=&#8221;4.0.11&#8243; background_color=&#8221;#930400&#8243; use_background_color_gradient=&#8221;on&#8221; background_color_gradient_start=&#8221;#930400&#8243; background_color_gradient_end=&#8221;#b82821&#8243; height=&#8221;122px&#8221; max_height=&#8221;998px&#8221; custom_padding=&#8221;0px||0px|||&#8221; bottom_divider_flip=&#8221;vertical|horizontal&#8221; border_color_all=&#8221;rgba(51,51,51,0.13)&#8221; border_width_top=&#8221;2px&#8221; border_color_top=&#8221;#ffffff&#8221; locked=&#8221;off&#8221;][et_pb_row _builder_version=&#8221;4.0.11&#8243; custom_padding=&#8221;10px|||||&#8221;][et_pb_column type=&#8221;4_4&#8243; _builder_version=&#8221;4.0.11&#8243;][et_pb_text admin_label=&#8221;COMPRA TUS BILLETES&#8221; _builder_version=&#8221;4.0.11&#8243; text_font=&#8221;Lato|700|||||||&#8221; text_text_color=&#8221;#ffffff&#8221; text_font_size=&#8221;16px&#8221; text_letter_spacing=&#8221;2px&#8221; text_line_height=&#8221;1.6em&#8221; header_font=&#8221;Oswald|700|||||||&#8221; header_text_color=&#8221;#ffffff&#8221; header_font_size=&#8221;32px&#8221; header_2_font=&#8221;Oswald|700|||||||&#8221; header_2_font_size=&#8221;40px&#8221; header_3_font=&#8221;Oswald||||||||&#8221; header_3_text_color=&#8221;#ffffff&#8221; header_3_font_size=&#8221;25px&#8221; custom_margin=&#8221;7px|0px|-33px|3px|false|false&#8221; custom_padding=&#8221;29px||0px|0px|false|false&#8221; header_font_tablet=&#8221;&#8221; header_font_phone=&#8221;&#8221; header_font_last_edited=&#8221;on|phone&#8221; header_font_size_tablet=&#8221;&#8221; header_font_size_phone=&#8221;26px&#8221; header_font_size_last_edited=&#8221;on|phone&#8221; header_2_font_size_tablet=&#8221;&#8221; header_2_font_size_phone=&#8221;30px&#8221; header_2_font_size_last_edited=&#8221;on|phone&#8221; locked=&#8221;off&#8221;]<h1 style=\"text-align: left;\">LEGAL INFORMATION<\/h1>\r\n<p style=\"text-align: center;\"><\/p>[\/et_pb_text][\/et_pb_column][\/et_pb_row][\/et_pb_section][et_pb_section fb_built=&#8221;1&#8243; admin_label=&#8221;NAVEGANDO BILBAO&#8221; _builder_version=&#8221;4.0.11&#8243; background_color=&#8221;#ffffff&#8221; background_enable_image=&#8221;off&#8221; custom_padding=&#8221;0px||0px|||&#8221; top_divider_style=&#8221;wave2&#8243; top_divider_color=&#8221;#b82821&#8243; top_divider_style_tablet=&#8221;&#8221; top_divider_style_phone=&#8221;&#8221; top_divider_style_last_edited=&#8221;on|tablet&#8221; top_divider_height_tablet=&#8221;75px&#8221; top_divider_height_phone=&#8221;52px&#8221; top_divider_height_last_edited=&#8221;on|tablet&#8221;][et_pb_row admin_label=&#8221;Section Header&#8221; _builder_version=&#8221;4.0.11&#8243; background_color=&#8221;rgba(0,0,0,0)&#8221; module_alignment=&#8221;center&#8221; custom_margin=&#8221;|auto||519px||&#8221; custom_padding=&#8221;40px|0px|0px|0px||&#8221;][et_pb_column type=&#8221;4_4&#8243; _builder_version=&#8221;3.25&#8243; custom_padding=&#8221;|||&#8221; custom_padding__hover=&#8221;|||&#8221;][et_pb_divider divider_weight=&#8221;9px&#8221; color_tablet=&#8221;&#8221; color_phone=&#8221;&#8221; color_last_edited=&#8221;on|tablet&#8221; show_divider_tablet=&#8221;&#8221; show_divider_phone=&#8221;on&#8221; show_divider_last_edited=&#8221;on|desktop&#8221; divider_weight_tablet=&#8221;&#8221; divider_weight_phone=&#8221;&#8221; divider_weight_last_edited=&#8221;on|tablet&#8221; _builder_version=&#8221;4.0.11&#8243; width=&#8221;9%&#8221; width_tablet=&#8221;16%&#8221; width_phone=&#8221;24%&#8221; width_last_edited=&#8221;on|phone&#8221; max_width=&#8221;100%&#8221; custom_margin=&#8221;|0px|14px||false|false&#8221; custom_padding=&#8221;|980px|||false|false&#8221;][\/et_pb_divider][et_pb_text admin_label=&#8221;NAVEGANDO BILBAO&#8221; _builder_version=&#8221;4.0.11&#8243; text_font=&#8221;Lato||||||||&#8221; text_font_size=&#8221;16px&#8221; text_line_height=&#8221;1.4em&#8221; header_2_font=&#8221;Oswald|500|||||||&#8221; header_2_text_color=&#8221;#b82821&#8243; header_2_font_size=&#8221;25px&#8221; header_3_font=&#8221;Oswald||||||||&#8221; header_3_font_size=&#8221;25px&#8221; background_color=&#8221;rgba(0,0,0,0)&#8221; custom_margin=&#8221;|0px|24px||false|false&#8221; custom_margin_tablet=&#8221;&#8221; custom_margin_phone=&#8221;&#8221; custom_margin_last_edited=&#8221;on|desktop&#8221; custom_padding=&#8221;|300px|0px|2px|false|false&#8221; custom_padding_tablet=&#8221;|0px|||false|false&#8221; custom_padding_phone=&#8221;&#8221; custom_padding_last_edited=&#8221;on|desktop&#8221; header_2_font_size_tablet=&#8221;&#8221; header_2_font_size_phone=&#8221;25px&#8221; header_2_font_size_last_edited=&#8221;on|phone&#8221;]<h2>LEY DE LOS SERVICIOS DE LA SOCIEDAD DE LA INFORMACI\u00d3N (LSSI)<\/h2>\r\nBILBOKO GABARRAK S.L., responsable del sitio web, en adelante RESPONSABLE, pone a disposici\u00f3n de los usuarios el presente documento, con el que pretende dar cumplimiento a lasobligaciones dispuestas en la Ley 34\/2002, de 11 de julio, de Servicios de la Sociedad de la Informaci\u00f3n y de Comercio Electr\u00f3nico (LSSICE), BOE N \u00ba 166, as\u00ed como informar a todos los usuarios del sitio web respecto a cu\u00e1les son las condiciones de uso.\r\n\r\nToda persona que acceda a este sitio web asume el papel de usuario, comprometi\u00e9ndose a la observancia y cumplimiento riguroso de las disposiciones aqu\u00ed dispuestas, as\u00ed como a cualquier otra disposici\u00f3n legal que fuera de aplicaci\u00f3n.\r\n\r\nBILBOKO GABARRAK S.L. se reserva el derecho de modificar cualquier tipo de informaci\u00f3n que pudiera aparecer en el sitio web, sin que exista obligaci\u00f3n de preavisar o poner en conocimiento de los usuarios dichas obligaciones, entendi\u00e9ndose como suficiente con la publicaci\u00f3n en el sitio web de BILBOKO GABARRAK S.L..\r\n\r\n&nbsp;\r\n<h4>1. DATOS IDENTIFICATIVOS<\/h4>\r\n<span style=\"font-size: 16px;\">Nombre de dominio: www.bilboats.com\u2028Nombre comercial: BILBOKO GABARRAK S.L.\u2028Denominaci\u00f3n social: BILBOKO GABARRAK S.L.\u2028NIF: B95545356\u2028Domicilio social: C\/ Juli\u00e1n Zugazagoitia 2 1\u00ba C , 48003 BILBAO (BIZKAIA)\u2028Tel\u00e9fono: 655700101\u2028e-mail: roberto@bilboats.com\u2028Inscrita en el Registro (Mercantil \/ P\u00fablico): Bizkaia Tomo 4990 , F 4, S 8, H BI 53283, I\/A 3(22.05.14)<\/span>\r\n\r\n&nbsp;\r\n<h4>2. DERECHOS DE PROPIEDAD INTELECTUAL E INDUSTRIAL<\/h4>\r\nEl sitio web, incluyendo a t\u00edtulo enunciativo pero no limitativo su programaci\u00f3n, edici\u00f3n, compilaci\u00f3n y dem\u00e1s elementos necesarios para su funcionamiento, los dise\u00f1os, logotipos, texto y\/o gr\u00e1ficos, son propiedad del RESPONSABLE o, si es el caso, dispone de licencia o autorizaci\u00f3n expresa por parte de los autores. Todos los contenidos del sitio web se encuentran debidamente protegidos por la normativa de propiedad intelectual e industrial, as\u00ed como inscritos en los registros p\u00fablicos correspondientes.\r\n\r\nIndependientemente de la finalidad para la que fueran destinados, la reproducci\u00f3n total o parcial, uso, explotaci\u00f3n, distribuci\u00f3n y comercializaci\u00f3n, requiere en todo caso de la autorizaci\u00f3n escrita previa por parte del RESPONSABLE. Cualquier uso no autorizado previamente se considera un incumplimiento grave de los derechos de propiedad intelectual o industrial del autor.\r\n\r\nLos dise\u00f1os, logotipos, texto y\/o gr\u00e1ficos ajenos al RESPONSABLE y que pudieran aparecer en el sitio web, pertenecen a sus respectivos propietarios, siendo ellos mismos responsables de cualquier posible controversia que pudiera suscitarse respecto a los mismos. El RESPONSABLE autoriza expresamente a que terceros puedan redirigir directamente a los contenidos concretos del sitio web, y en todo caso redirigir al sitio web principal de <a href=\"http:\/\/www.bilboats.com\">www.bilboats.com<\/a>.\r\n\r\nEl RESPONSABLE reconoce a favor de sus titulares los correspondientes derechos de propiedad intelectual e industrial, no implicando su sola menci\u00f3n o aparici\u00f3n en el sitio web la existencia de derechos o responsabilidad alguna sobre los mismos, como tampoco respaldo, patrocinio o recomendaci\u00f3n por parte del mismo.\r\nPara realizar cualquier tipo de observaci\u00f3n respecto a posibles incumplimientos de los derechos de propiedad intelectual o industrial, as\u00ed como sobre cualquiera de los contenidos del sitio web, puede hacerlo a trav\u00e9s del correo electr\u00f3nico <a href=\"mailto:bilboats@bilboats.com\">bilboats@bilboats.com<\/a>.\r\n\r\n&nbsp;\r\n<h4>3. EXENCI\u00d3N DE RESPONSABILIDADES<\/h4>\r\nEl RESPONSABLE se exime de cualquier tipo de responsabilidad derivada de la informaci\u00f3n publicada en su sitio web siempre que esta informaci\u00f3n haya sido manipulada o introducida por un tercero ajeno al mismo.\r\n\r\n<strong>Uso de Cookies<\/strong>\r\nEste sitio web puede utilizar cookies t\u00e9cnicas (peque\u00f1os archivos de informaci\u00f3n que el servidor env\u00eda al ordenador de quien accede a la p\u00e1gina) para llevar a cabo determinadas funciones que son consideradas imprescindibles para el correcto funcionamiento y visualizaci\u00f3n del sitio. Las cookies utilizadas tienen, en todo caso, car\u00e1cter temporal, con la \u00fanica finalidad de hacer m\u00e1s eficaz la navegaci\u00f3n, y desaparecen al terminar la sesi\u00f3n del usuario. En ning\u00fan caso, estas cookies proporcionan por s\u00ed mismas datos de car\u00e1cter personal y no se utilizar\u00e1n para la recogida de los mismos.\r\n\r\nMediante el uso de cookies tambi\u00e9n es posible que el servidor donde se encuentra la web reconozca el navegador utilizado por el usuario con la finalidad de que la navegaci\u00f3n sea m\u00e1s sencilla, permitiendo, por ejemplo, el acceso de los usuarios que se hayan registrado previamente a las \u00e1reas, servicios, promociones o concursos reservados exclusivamente a ellos sin tener que registrarse en cada visita.\r\n\r\nTambi\u00e9n se pueden utilizar para medir la audiencia, par\u00e1metros de tr\u00e1fico, controlar el progreso y n\u00famero de entradas, etc, siendo en estos casos cookies prescindibles t\u00e9cnicamente pero beneficiosas para el usuario. Este sitio web no instalar\u00e1 cookies prescindibles sin el consentimiento previo del usuario.\r\n\r\nEl usuario tiene la posibilidad de configurar su navegador para ser alertado de la recepci\u00f3n de cookies y para impedir su instalaci\u00f3n en su equipo. Por favor, consulte las instrucciones de su navegador para ampliar esta informaci\u00f3n.\r\n\r\nPol\u00edtica de enlaces\r\nDesde el sitio web, es posible que se redirija a contenidos de terceros sitios web. Dado que el RESPONSABLE no puede controlar siempre los contenidos introducidos por los terceros en sus respectivos sitios web, no asume ning\u00fan tipo de responsabilidad respecto a dichos contenidos. En todo caso, proceder\u00e1 a la retirada inmediata de cualquier contenido que pudiera contravenir la legislaci\u00f3n nacional o internacional, la moral o el orden p\u00fablico, procediendo a la retirada inmediata de la redirecci\u00f3n a dicho sitio web, poniendo en conocimiento de las autoridades competentes el contenido en cuesti\u00f3n.\r\n\r\nEl RESPONSABLE no se hace responsable de la informaci\u00f3n y contenidos almacenados, a t\u00edtulo enunciativo pero no limitativo, en foros, chats, generadores de blogs, comentarios, redes sociales o cualquier otro medio que permita a terceros publicar contenidos de forma independiente en la p\u00e1gina web del RESPONSABLE. Sin embargo, y en cumplimiento de lo dispuesto en los art\u00edculos 11 y 16 de la LSSICE, se pone a disposici\u00f3n de todos los usuarios, autoridades y fuerzas de seguridad, colaborando de forma activa en la retirada o, en su caso, bloqueo de todos aquellos contenidos que puedan afectar o contravenir la legislaci\u00f3n nacional o internacional, los derechos de terceros o la moral y el orden p\u00fablico. En caso de que el usuario considere que existe en el sitio web alg\u00fan contenido que pudiera ser susceptible de esta clasificaci\u00f3n, se ruega lo notifique de forma inmediata al administrador del sitio web.\r\n\r\nEste sitio web ha sido revisado y probado para que funcione correctamente. En principio, puede garantizarse el correcto funcionamiento los 365 d\u00edas del a\u00f1o, 24 horas al d\u00eda. Sin embargo, el RESPONSABLE no descarta la posibilidad de que existan ciertos errores de programaci\u00f3n, o que acontezcan causas de fuerza mayor, cat\u00e1strofes naturales, huelgas o circunstancias semejantes que hagan imposible el acceso a la p\u00e1gina web.\r\n\r\n<strong>Direcciones IP<\/strong>\r\nLos servidores del sitio web podr\u00e1n detectar de manera autom\u00e1tica la direcci\u00f3n IP y el nombre de dominio utilizados por el usuario. Una direcci\u00f3n IP es un n\u00famero asignado autom\u00e1ticamente a un ordenador cuando \u00e9ste se conecta a Internet. Toda esta informaci\u00f3n es registrada en un fichero de actividad del servidor debidamente inscrito que permite el posterior procesamiento de los datos con el fin de obtener mediciones \u00fanicamente estad\u00edsticas que permitan conocer el n\u00famero de impresiones de p\u00e1ginas, el n\u00famero de visitas realizadas a los servidores web, el orden de visitas, el punto de acceso, etc.\r\n\r\n&nbsp;\r\n<h4>4. LEY APLICABLE Y JURISDICCI\u00d3N<\/h4>\r\nPara la resoluci\u00f3n de todas las controversias o cuestiones relacionadas con el presente sitio web o de las actividades en \u00e9l desarrolladas, ser\u00e1 de aplicaci\u00f3n la legislaci\u00f3n espa\u00f1ola, a la que se someten expresamente las partes, siendo competentes para la resoluci\u00f3n de todos los conflictos derivados o relacionados con su uso los Juzgados y Tribunales m\u00e1s cercanos a BILBAO.\r\n\r\n&nbsp;\r\n<h4>E-MAIL: CORREO ELECTR\u00d3NICO<\/h4>\r\n<strong>AVISO LEGAL<\/strong>\r\nEste mensaje y sus archivos adjuntos van dirigidos exclusivamente a su destinatario, pudiendo contener informaci\u00f3n confidencial sometida a secreto profesional. No est\u00e1 permitida su comunicaci\u00f3n, reproducci\u00f3n o distribuci\u00f3n sin la autorizaci\u00f3n expresa de BILBOKO GABARRAK S.L.. Si usted no es el destinatario final, por favor elim\u00ednelo e inf\u00f3rmenos por esta v\u00eda.\r\n\r\n<strong>PROTECCI\u00d3N DE DATOS<\/strong>\r\nDe conformidad con lo dispuesto en el Reglamento (UE) 2016\/679 de 27 de abril de 2016 (GDPR), le informamos que los datos personales y direcci\u00f3n de correo electr\u00f3nico del interesado, ser\u00e1n tratados bajo la responsabilidad de BILBOKO GABARRAK S.L. para el env\u00edo de comunicaciones sobre nuestros productos y servicios y se conservar\u00e1n mientras exista un inter\u00e9s mutuo para ello. Los datos no ser\u00e1n comunicados a terceros, salvo obligaci\u00f3n legal. Le informamos que puede ejercer los derechos de acceso, rectificaci\u00f3n, portabilidad y supresi\u00f3n de sus datos y los de limitaci\u00f3n y oposici\u00f3n a su tratamiento dirigi\u00e9ndose a C\/ Juli\u00e1n Zugazagoitia, 2 1\u00ba C &#8211; 48003 BILBAO (Bizkaia). Email: bilboats@bilboats.com. Si considera que el tratamiento no se ajusta a la normativa vigente, podr\u00e1 presentar una reclamaci\u00f3n ante la autoridad de control en <a href=\"http:\/\/www.agpd.es\">www.agpd.es<\/a>.\r\n\r\n&nbsp;\r\n<h4>FORMULARIO: CONSENTIMIENTO PARA EL TRATAMIENTO DE DATOS<\/h4>\r\n<strong>\r\nCONSENTIMIENTO PARA EL TRATAMIENTO DE DATOS PERSONALES<\/strong>\r\nBILBOKO GABARRAK S.L. es el Responsable del tratamiento de los datos personales del usuario y le informa que estos datos ser\u00e1n tratados de conformidad con lo dispuesto en el Reglamento (UE) 2016\/679 de 27 de abril de 2016 (GDPR), por lo que se le facilita la siguiente informaci\u00f3n del tratamiento:\r\n\r\n<strong>Fin del tratamiento:<\/strong>\u00a0Por inter\u00e9s leg\u00edtimo del responsable: mantener una relaci\u00f3n comercial. Por consentimiento del interesado: el env\u00edo de comunicaciones de productos o servicios.\r\n\r\n<strong>Criterios de conservaci\u00f3n de los datos:<\/strong>\u00a0se conservar\u00e1n mientras exista un inter\u00e9s mutuo para mantener el fin del tratamiento y cuando ya no sea necesario para tal fin, se suprimir\u00e1n con medidas de seguridad adecuadas para garantizar la seudonimizaci\u00f3n de los datos o la destrucci\u00f3n total de los mismos.\r\n\r\n<strong>Comunicaci\u00f3n de los datos:<\/strong>\u00a0No se comunicar\u00e1n los datos a terceros, salvo obligaci\u00f3n legal.\r\n\r\nDerechos que asisten al usuario: Derecho a retirar el consentimiento en cualquier momento. Derecho de acceso, rectificaci\u00f3n, portabilidad y supresi\u00f3n de sus datos y a la limitaci\u00f3n u oposici\u00f3n al su tratamiento. Derecho a presentar una reclamaci\u00f3n ante la Autoridad de control\u2028(www.aepd.es) si considera que el tratamiento no se ajusta a la normativa vigente.\r\n\r\n<strong>Datos de contacto para ejercer sus derechos:<\/strong>\u00a0bilboats@bilboats.com.\r\n<p style=\"text-align: left;\"><\/p>[\/et_pb_text][et_pb_divider color=&#8221;rgba(0,0,0,0.21)&#8221; _builder_version=&#8221;4.0.11&#8243;][\/et_pb_divider][\/et_pb_column][\/et_pb_row][\/et_pb_section][et_pb_section fb_built=&#8221;1&#8243; fullwidth=&#8221;on&#8221; _builder_version=&#8221;4.0.11&#8243; bottom_divider_color=&#8221;#ffffff&#8221; bottom_divider_style_tablet=&#8221;none&#8221; bottom_divider_style_phone=&#8221;&#8221; bottom_divider_style_last_edited=&#8221;on|phone&#8221;][et_pb_fullwidth_image src=&#8221;https:\/\/www.bilboats.com\/wp-content\/uploads\/2020\/01\/Bilboats-inicio-1.jpg&#8221; admin_label=&#8221;Imagen anchura completa Bilboats&#8221; _builder_version=&#8221;4.0.11&#8243; background_enable_image=&#8221;off&#8221; parallax=&#8221;on&#8221;][\/et_pb_fullwidth_image][\/et_pb_section]\n\n\n","protected":false},"excerpt":{"rendered":"<p>LEGAL INFORMATION LEY DE LOS SERVICIOS DE LA SOCIEDAD DE LA INFORMACI\u00d3N (LSSI) BILBOKO GABARRAK S.L., responsable del sitio web, en adelante RESPONSABLE, pone a disposici\u00f3n de los usuarios el presente documento, con el que pretende dar cumplimiento a lasobligaciones dispuestas en la Ley 34\/2002, de 11 de julio, de Servicios de la Sociedad de [&hellip;]<\/p>\n","protected":false},"author":1,"featured_media":0,"parent":0,"menu_order":0,"comment_status":"closed","ping_status":"closed","template":"","meta":{"_et_pb_use_builder":"on","_et_pb_old_content":"","_et_gb_content_width":"","footnotes":""},"class_list":["post-1630","page","type-page","status-publish","hentry"],"yoast_head":"<!-- This site is optimized with the Yoast SEO plugin v27.1.1 - https:\/\/yoast.com\/product\/yoast-seo-wordpress\/ -->\n<title>LEGAL INFORMATION - Bilboats<\/title>\n<meta name=\"robots\" content=\"noindex, nofollow\" \/>\n<meta property=\"og:locale\" content=\"en_US\" \/>\n<meta property=\"og:type\" content=\"article\" \/>\n<meta property=\"og:title\" content=\"LEGAL INFORMATION - Bilboats\" \/>\n<meta property=\"og:description\" content=\"LEGAL INFORMATION LEY DE LOS SERVICIOS DE LA SOCIEDAD DE LA INFORMACI\u00d3N (LSSI) BILBOKO GABARRAK S.L., responsable del sitio web, en adelante RESPONSABLE, pone a disposici\u00f3n de los usuarios el presente documento, con el que pretende dar cumplimiento a lasobligaciones dispuestas en la Ley 34\/2002, de 11 de julio, de Servicios de la Sociedad de [&hellip;]\" \/>\n<meta property=\"og:url\" content=\"https:\/\/www.bilboats.com\/en\/legal-information\/\" \/>\n<meta property=\"og:site_name\" content=\"Bilboats\" \/>\n<meta property=\"article:modified_time\" content=\"2020-02-18T07:50:22+00:00\" \/>\n<meta name=\"twitter:card\" content=\"summary_large_image\" \/>\n<meta name=\"twitter:label1\" content=\"Est. reading time\" \/>\n\t<meta name=\"twitter:data1\" content=\"12 minutes\" \/>\n<script type=\"application\/ld+json\" class=\"yoast-schema-graph\">{\"@context\":\"https:\/\/schema.org\",\"@graph\":[{\"@type\":\"WebPage\",\"@id\":\"https:\/\/www.bilboats.com\/en\/legal-information\/\",\"url\":\"https:\/\/www.bilboats.com\/en\/legal-information\/\",\"name\":\"LEGAL INFORMATION - Bilboats\",\"isPartOf\":{\"@id\":\"https:\/\/www.bilboats.com\/en\/#website\"},\"datePublished\":\"2020-02-18T07:50:19+00:00\",\"dateModified\":\"2020-02-18T07:50:22+00:00\",\"breadcrumb\":{\"@id\":\"https:\/\/www.bilboats.com\/en\/legal-information\/#breadcrumb\"},\"inLanguage\":\"en-US\",\"potentialAction\":[{\"@type\":\"ReadAction\",\"target\":[\"https:\/\/www.bilboats.com\/en\/legal-information\/\"]}]},{\"@type\":\"BreadcrumbList\",\"@id\":\"https:\/\/www.bilboats.com\/en\/legal-information\/#breadcrumb\",\"itemListElement\":[{\"@type\":\"ListItem\",\"position\":1,\"name\":\"Portada\",\"item\":\"https:\/\/www.bilboats.com\/en\/\"},{\"@type\":\"ListItem\",\"position\":2,\"name\":\"LEGAL INFORMATION\"}]},{\"@type\":\"WebSite\",\"@id\":\"https:\/\/www.bilboats.com\/en\/#website\",\"url\":\"https:\/\/www.bilboats.com\/en\/\",\"name\":\"Bilboats\",\"description\":\"La manera m\u00e1s atractiva de conocer Bilbao\",\"potentialAction\":[{\"@type\":\"SearchAction\",\"target\":{\"@type\":\"EntryPoint\",\"urlTemplate\":\"https:\/\/www.bilboats.com\/en\/?s={search_term_string}\"},\"query-input\":{\"@type\":\"PropertyValueSpecification\",\"valueRequired\":true,\"valueName\":\"search_term_string\"}}],\"inLanguage\":\"en-US\"}]}<\/script>\n<!-- \/ Yoast SEO plugin. -->","yoast_head_json":{"title":"LEGAL INFORMATION - Bilboats","robots":{"index":"noindex","follow":"nofollow"},"og_locale":"en_US","og_type":"article","og_title":"LEGAL INFORMATION - Bilboats","og_description":"LEGAL INFORMATION LEY DE LOS SERVICIOS DE LA SOCIEDAD DE LA INFORMACI\u00d3N (LSSI) BILBOKO GABARRAK S.L., responsable del sitio web, en adelante RESPONSABLE, pone a disposici\u00f3n de los usuarios el presente documento, con el que pretende dar cumplimiento a lasobligaciones dispuestas en la Ley 34\/2002, de 11 de julio, de Servicios de la Sociedad de [&hellip;]","og_url":"https:\/\/www.bilboats.com\/en\/legal-information\/","og_site_name":"Bilboats","article_modified_time":"2020-02-18T07:50:22+00:00","twitter_card":"summary_large_image","twitter_misc":{"Est. reading time":"12 minutes"},"schema":{"@context":"https:\/\/schema.org","@graph":[{"@type":"WebPage","@id":"https:\/\/www.bilboats.com\/en\/legal-information\/","url":"https:\/\/www.bilboats.com\/en\/legal-information\/","name":"LEGAL INFORMATION - Bilboats","isPartOf":{"@id":"https:\/\/www.bilboats.com\/en\/#website"},"datePublished":"2020-02-18T07:50:19+00:00","dateModified":"2020-02-18T07:50:22+00:00","breadcrumb":{"@id":"https:\/\/www.bilboats.com\/en\/legal-information\/#breadcrumb"},"inLanguage":"en-US","potentialAction":[{"@type":"ReadAction","target":["https:\/\/www.bilboats.com\/en\/legal-information\/"]}]},{"@type":"BreadcrumbList","@id":"https:\/\/www.bilboats.com\/en\/legal-information\/#breadcrumb","itemListElement":[{"@type":"ListItem","position":1,"name":"Portada","item":"https:\/\/www.bilboats.com\/en\/"},{"@type":"ListItem","position":2,"name":"LEGAL INFORMATION"}]},{"@type":"WebSite","@id":"https:\/\/www.bilboats.com\/en\/#website","url":"https:\/\/www.bilboats.com\/en\/","name":"Bilboats","description":"La manera m\u00e1s atractiva de conocer Bilbao","potentialAction":[{"@type":"SearchAction","target":{"@type":"EntryPoint","urlTemplate":"https:\/\/www.bilboats.com\/en\/?s={search_term_string}"},"query-input":{"@type":"PropertyValueSpecification","valueRequired":true,"valueName":"search_term_string"}}],"inLanguage":"en-US"}]}},"_links":{"self":[{"href":"https:\/\/www.bilboats.com\/en\/wp-json\/wp\/v2\/pages\/1630","targetHints":{"allow":["GET"]}}],"collection":[{"href":"https:\/\/www.bilboats.com\/en\/wp-json\/wp\/v2\/pages"}],"about":[{"href":"https:\/\/www.bilboats.com\/en\/wp-json\/wp\/v2\/types\/page"}],"author":[{"embeddable":true,"href":"https:\/\/www.bilboats.com\/en\/wp-json\/wp\/v2\/users\/1"}],"replies":[{"embeddable":true,"href":"https:\/\/www.bilboats.com\/en\/wp-json\/wp\/v2\/comments?post=1630"}],"version-history":[{"count":3,"href":"https:\/\/www.bilboats.com\/en\/wp-json\/wp\/v2\/pages\/1630\/revisions"}],"predecessor-version":[{"id":1633,"href":"https:\/\/www.bilboats.com\/en\/wp-json\/wp\/v2\/pages\/1630\/revisions\/1633"}],"wp:attachment":[{"href":"https:\/\/www.bilboats.com\/en\/wp-json\/wp\/v2\/media?parent=1630"}],"curies":[{"name":"wp","href":"https:\/\/api.w.org\/{rel}","templated":true}]}}