{"id":7253,"date":"2025-12-05T07:47:39","date_gmt":"2025-12-05T06:47:39","guid":{"rendered":"https:\/\/www.bilboats.com\/managementrichtlinie\/"},"modified":"2025-12-05T08:13:35","modified_gmt":"2025-12-05T07:13:35","slug":"managementrichtlinie","status":"publish","type":"page","link":"https:\/\/www.bilboats.com\/de\/managementrichtlinie\/","title":{"rendered":"Managementrichtlinie"},"content":{"rendered":"<p>[et_pb_section fb_built=&#8220;1&#8243; _builder_version=&#8220;4.16&#8243; background_color=&#8220;#930400&#8243; use_background_color_gradient=&#8220;on&#8220; background_color_gradient_stops=&#8220;#930400 0%|#b82821 100%&#8220; background_color_gradient_start=&#8220;#930400&#8243; background_color_gradient_end=&#8220;#b82821&#8243; height=&#8220;122px&#8220; max_height=&#8220;998px&#8220; custom_padding=&#8220;0px||0px|||&#8220; bottom_divider_flip=&#8220;vertical|horizontal&#8220; border_color_all=&#8220;rgba(51,51,51,0.13)&#8220; border_width_top=&#8220;2px&#8220; border_color_top=&#8220;#ffffff&#8220; locked=&#8220;off&#8220; global_colors_info=&#8220;{}&#8220;][et_pb_row _builder_version=&#8220;4.16&#8243; custom_padding=&#8220;10px|||||&#8220; global_colors_info=&#8220;{}&#8220;][et_pb_column type=&#8220;4_4&#8243; _builder_version=&#8220;4.16&#8243; global_colors_info=&#8220;{}&#8220;][et_pb_text admin_label=&#8220;COMPRA TUS BILLETES&#8220; _builder_version=&#8220;4.21.0&#8243; text_font=&#8220;Lato|700|||||||&#8220; text_text_color=&#8220;#ffffff&#8220; text_font_size=&#8220;16px&#8220; text_letter_spacing=&#8220;2px&#8220; text_line_height=&#8220;1.6em&#8220; header_font=&#8220;Oswald|700|||||||&#8220; header_text_color=&#8220;#ffffff&#8220; header_font_size=&#8220;32px&#8220; header_2_font=&#8220;Oswald|700|||||||&#8220; header_2_font_size=&#8220;40px&#8220; header_3_font=&#8220;Oswald||||||||&#8220; header_3_text_color=&#8220;#ffffff&#8220; header_3_font_size=&#8220;25px&#8220; custom_margin=&#8220;7px|0px|-33px|3px|false|false&#8220; custom_padding=&#8220;29px||0px|0px|false|false&#8220; header_font_tablet=&#8220;&#8220; header_font_phone=&#8220;&#8220; header_font_last_edited=&#8220;on|phone&#8220; header_font_size_tablet=&#8220;&#8220; header_font_size_phone=&#8220;26px&#8220; header_font_size_last_edited=&#8220;on|phone&#8220; header_2_font_size_tablet=&#8220;&#8220; header_2_font_size_phone=&#8220;30px&#8220; header_2_font_size_last_edited=&#8220;on|phone&#8220; locked=&#8220;off&#8220; global_colors_info=&#8220;{}&#8220;]<\/p>\n<h1 style=\"text-align: left;\">MANAGEMENTRICHTLINIE<\/h1>\n<p style=\"text-align: center;\">\u00a0<\/p>\n<p>[\/et_pb_text][\/et_pb_column][\/et_pb_row][\/et_pb_section][et_pb_section fb_built=&#8220;1&#8243; admin_label=&#8220;NAVEGANDO BILBAO&#8220; _builder_version=&#8220;4.16&#8243; background_color=&#8220;#ffffff&#8220; background_enable_image=&#8220;off&#8220; custom_padding=&#8220;0px||0px|||&#8220; top_divider_style=&#8220;wave2&#8243; top_divider_color=&#8220;#b82821&#8243; top_divider_style_tablet=&#8220;&#8220; top_divider_style_phone=&#8220;&#8220; top_divider_style_last_edited=&#8220;on|tablet&#8220; top_divider_height_tablet=&#8220;75px&#8220; top_divider_height_phone=&#8220;52px&#8220; top_divider_height_last_edited=&#8220;on|tablet&#8220; global_colors_info=&#8220;{}&#8220;][et_pb_row admin_label=&#8220;Section Header&#8220; _builder_version=&#8220;4.16&#8243; background_color=&#8220;rgba(0,0,0,0)&#8220; module_alignment=&#8220;center&#8220; custom_margin=&#8220;|auto||519px||&#8220; custom_padding=&#8220;40px|0px|0px|0px||&#8220; global_colors_info=&#8220;{}&#8220;][et_pb_column type=&#8220;4_4&#8243; _builder_version=&#8220;4.16&#8243; custom_padding=&#8220;|||&#8220; global_colors_info=&#8220;{}&#8220; custom_padding__hover=&#8220;|||&#8220;][et_pb_divider divider_weight=&#8220;9px&#8220; color_tablet=&#8220;&#8220; color_phone=&#8220;&#8220; color_last_edited=&#8220;on|tablet&#8220; show_divider_tablet=&#8220;&#8220; show_divider_phone=&#8220;on&#8220; show_divider_last_edited=&#8220;on|desktop&#8220; divider_weight_tablet=&#8220;&#8220; divider_weight_phone=&#8220;&#8220; divider_weight_last_edited=&#8220;on|tablet&#8220; _builder_version=&#8220;4.21.0&#8243; width=&#8220;9%&#8220; width_tablet=&#8220;16%&#8220; width_phone=&#8220;24%&#8220; width_last_edited=&#8220;on|phone&#8220; max_width=&#8220;100%&#8220; custom_margin=&#8220;20px|0px|14px||false|false&#8220; custom_padding=&#8220;|980px|||false|false&#8220; global_colors_info=&#8220;{}&#8220;][\/et_pb_divider][et_pb_text admin_label=&#8220;NAVEGANDO BILBAO&#8220; _builder_version=&#8220;4.21.0&#8243; text_font=&#8220;Lato||||||||&#8220; text_font_size=&#8220;16px&#8220; text_line_height=&#8220;1.4em&#8220; header_2_font=&#8220;Oswald|500|||||||&#8220; header_2_text_color=&#8220;#000000&#8243; header_2_font_size=&#8220;25px&#8220; header_3_font=&#8220;Oswald||||||||&#8220; header_3_font_size=&#8220;25px&#8220; header_4_font=&#8220;|||on|||||&#8220; header_4_text_color=&#8220;#000000&#8243; background_color=&#8220;rgba(0,0,0,0)&#8220; custom_margin=&#8220;|0px|24px||false|false&#8220; custom_margin_tablet=&#8220;&#8220; custom_margin_phone=&#8220;&#8220; custom_margin_last_edited=&#8220;on|desktop&#8220; custom_padding=&#8220;|300px|0px|2px|false|false&#8220; custom_padding_tablet=&#8220;|0px|||false|false&#8220; custom_padding_phone=&#8220;&#8220; custom_padding_last_edited=&#8220;on|desktop&#8220; hover_enabled=&#8220;0&#8243; header_2_font_size_tablet=&#8220;&#8220; header_2_font_size_phone=&#8220;25px&#8220; header_2_font_size_last_edited=&#8220;on|phone&#8220; global_colors_info=&#8220;{}&#8220; sticky_enabled=&#8220;0&#8243;]<\/p>\n<p><strong>Die Mission von Bilboats<\/strong> besteht darin, hochwertige, sichere, inklusive und nachhaltige nautische Tourismuserlebnisse anzubieten und das Wissen und den Genuss der nat\u00fcrlichen Umgebung zu f\u00f6rdern \u2013 im Respekt gegen\u00fcber der Umwelt und im Engagement f\u00fcr die Menschen.<\/p>\n<p><strong>Das Managementsystem von Bilboats<\/strong> ist das zentrale Instrument, das uns erm\u00f6glicht, wirksame und effiziente Prozesse zu konsolidieren, die alle Menschen und die Umwelt respektieren. Dieses System ist entscheidend, um die Qualit\u00e4t unserer Dienstleistungen zu gew\u00e4hrleisten und kontinuierlich zu verbessern, sodass wir die Erwartungen unserer Kundschaft und weiterer Interessengruppen \u00fcbertreffen.<\/p>\n<p>In unserem Unternehmen glauben wir fest daran, dass nur ein qualifiziertes, motiviertes, sicheres und engagiertes Team in der Lage ist, gegenw\u00e4rtige und zuk\u00fcnftige Herausforderungen zu meistern. Daher f\u00f6rdern wir die aktive und professionelle Beteiligung aller Personen in unserer Organisation und gew\u00e4hrleisten ihr Wohlbefinden durch einen Arbeits- und Gesundheitsschutzplan, der ihre k\u00f6rperliche und emotionale Unversehrtheit sch\u00fctzt.<\/p>\n<p>Unser Engagement basiert auf <strong>f\u00fcnf grundlegenden S\u00e4ulen<\/strong>:<\/p>\n<p><span style=\"font-size: 16px;\"><\/span><\/p>\n<p><span style=\"font-size: 16px;\"><\/span><\/p>\n<h4>1. <strong>Management<\/strong><\/h4>\n<p>Wir setzen auf verantwortungsvolles und transparentes Management, ausgerichtet auf kontinuierliche Verbesserung. Die Servicequalit\u00e4t ist das Ergebnis klar definierter, \u00fcberwachter und st\u00e4ndig bewerteter Prozesse.<\/p>\n<p>&nbsp;<\/p>\n<h4>2. <strong>Nachhaltigkeit<\/strong><\/h4>\n<p>In ihren drei Dimensionen \u2013 \u00f6kologisch, sozial und wirtschaftlich \u2013 arbeiten wir daran, unsere \u00f6kologische Wirkung zu minimieren, Mehrwert f\u00fcr die Gemeinschaft zu schaffen und die langfristige Tragf\u00e4higkeit unserer T\u00e4tigkeit sicherzustellen.<\/p>\n<p>&nbsp;<\/p>\n<h4>3. <strong>Barrierefreiheit<\/strong><\/h4>\n<p>Wir bem\u00fchen uns, inklusive und zug\u00e4ngliche Dienstleistungen f\u00fcr alle Menschen anzubieten, Barrieren abzubauen und ein faires nautisches Erlebnis ohne jegliche Diskriminierung zu erm\u00f6glichen.<\/p>\n<p>&nbsp;<\/p>\n<h4>4. <strong>Technologie<\/strong><\/h4>\n<p>Wir integrieren technologische L\u00f6sungen, die es uns erm\u00f6glichen, unsere Prozesse zu optimieren, die Kundenerfahrung zu verbessern und die Sicherheit unserer Abl\u00e4ufe zu gew\u00e4hrleisten.<\/p>\n<p>&nbsp;<\/p>\n<h4>5. <strong>Innovation<\/strong><\/h4>\n<p>Verstanden als eine dauerhafte Haltung der Verbesserung, Kreativit\u00e4t und Anpassung an Ver\u00e4nderungen. Wir innovieren, um schnell auf neue Bed\u00fcrfnisse des Marktes und unserer Kunden zu reagieren und an der Spitze der Branche zu bleiben.<\/p>\n<p>&nbsp;<\/p>\n<p><strong>Die Gesch\u00e4ftsf\u00fchrung von Bilboats<\/strong> verpflichtet sich, unser Managementsystem zu f\u00fchren, voranzutreiben und kontinuierlich zu verbessern, und stellt die notwendigen Ressourcen zur Verf\u00fcgung, um die gesetzten Ziele zu erreichen. Zudem garantieren wir eine klare, wahrheitsgem\u00e4\u00dfe und transparente Kommunikation mit allen Interessengruppen, f\u00f6rdern das Verst\u00e4ndnis unserer Ma\u00dfnahmen und eine Kultur der stetigen Verbesserung.<\/p>\n<p><strong><\/strong><\/p>\n<p><strong>Bilbao, 28. November 2025<\/strong><\/p>\n<p>&nbsp;<\/p>\n<p>&nbsp;<\/p>\n<p style=\"text-align: left;\"><span style=\"text-decoration: underline;\"><strong><\/strong><\/span><\/p>\n<p>[\/et_pb_text][et_pb_divider color=&#8220;rgba(0,0,0,0.21)&#8220; _builder_version=&#8220;4.16&#8243; global_colors_info=&#8220;{}&#8220;][\/et_pb_divider][\/et_pb_column][\/et_pb_row][\/et_pb_section][et_pb_section fb_built=&#8220;1&#8243; fullwidth=&#8220;on&#8220; _builder_version=&#8220;4.16&#8243; bottom_divider_color=&#8220;#ffffff&#8220; bottom_divider_style_tablet=&#8220;none&#8220; bottom_divider_style_phone=&#8220;&#8220; bottom_divider_style_last_edited=&#8220;on|phone&#8220; global_colors_info=&#8220;{}&#8220;][et_pb_fullwidth_image src=&#8220;https:\/\/www.bilboats.com\/wp-content\/uploads\/2020\/01\/Bilboats-inicio-1.jpg&#8220; admin_label=&#8220;Imagen anchura completa Bilboats&#8220; _builder_version=&#8220;4.16&#8243; background_enable_image=&#8220;off&#8220; parallax=&#8220;on&#8220; global_colors_info=&#8220;{}&#8220;][\/et_pb_fullwidth_image][\/et_pb_section]<\/p>\n","protected":false},"excerpt":{"rendered":"<p>MANAGEMENTRICHTLINIE \u00a0Die Mission von Bilboats besteht darin, hochwertige, sichere, inklusive und nachhaltige nautische Tourismuserlebnisse anzubieten und das Wissen und den Genuss der nat\u00fcrlichen Umgebung zu f\u00f6rdern \u2013 im Respekt gegen\u00fcber der Umwelt und im Engagement f\u00fcr die Menschen. Das Managementsystem von Bilboats ist das zentrale Instrument, das uns erm\u00f6glicht, wirksame und effiziente Prozesse zu konsolidieren, [&hellip;]<\/p>\n","protected":false},"author":1,"featured_media":0,"parent":0,"menu_order":0,"comment_status":"closed","ping_status":"closed","template":"","meta":{"_et_pb_use_builder":"on","_et_pb_old_content":"","_et_gb_content_width":"","footnotes":""},"class_list":["post-7253","page","type-page","status-publish","hentry"],"yoast_head":"<!-- This site is optimized with the Yoast SEO plugin v27.1.1 - https:\/\/yoast.com\/product\/yoast-seo-wordpress\/ -->\n<title>Managementrichtlinie - Bilboats<\/title>\n<meta name=\"robots\" content=\"index, follow, max-snippet:-1, max-image-preview:large, max-video-preview:-1\" \/>\n<link rel=\"canonical\" href=\"https:\/\/www.bilboats.com\/de\/managementrichtlinie\/\" \/>\n<meta property=\"og:locale\" content=\"de_DE\" \/>\n<meta property=\"og:type\" content=\"article\" \/>\n<meta property=\"og:title\" content=\"Managementrichtlinie - Bilboats\" \/>\n<meta property=\"og:description\" content=\"MANAGEMENTRICHTLINIE \u00a0Die Mission von Bilboats besteht darin, hochwertige, sichere, inklusive und nachhaltige nautische Tourismuserlebnisse anzubieten und das Wissen und den Genuss der nat\u00fcrlichen Umgebung zu f\u00f6rdern \u2013 im Respekt gegen\u00fcber der Umwelt und im Engagement f\u00fcr die Menschen. Das Managementsystem von Bilboats ist das zentrale Instrument, das uns erm\u00f6glicht, wirksame und effiziente Prozesse zu konsolidieren, [&hellip;]\" \/>\n<meta property=\"og:url\" content=\"https:\/\/www.bilboats.com\/de\/managementrichtlinie\/\" \/>\n<meta property=\"og:site_name\" content=\"Bilboats\" \/>\n<meta property=\"article:modified_time\" content=\"2025-12-05T07:13:35+00:00\" \/>\n<meta name=\"twitter:card\" content=\"summary_large_image\" \/>\n<meta name=\"twitter:label1\" content=\"Gesch\u00e4tzte Lesezeit\" \/>\n\t<meta name=\"twitter:data1\" content=\"5\u00a0Minuten\" \/>\n<script type=\"application\/ld+json\" class=\"yoast-schema-graph\">{\"@context\":\"https:\/\/schema.org\",\"@graph\":[{\"@type\":\"WebPage\",\"@id\":\"https:\/\/www.bilboats.com\/de\/managementrichtlinie\/\",\"url\":\"https:\/\/www.bilboats.com\/de\/managementrichtlinie\/\",\"name\":\"Managementrichtlinie - Bilboats\",\"isPartOf\":{\"@id\":\"https:\/\/www.bilboats.com\/de\/#website\"},\"datePublished\":\"2025-12-05T06:47:39+00:00\",\"dateModified\":\"2025-12-05T07:13:35+00:00\",\"breadcrumb\":{\"@id\":\"https:\/\/www.bilboats.com\/de\/managementrichtlinie\/#breadcrumb\"},\"inLanguage\":\"de\",\"potentialAction\":[{\"@type\":\"ReadAction\",\"target\":[\"https:\/\/www.bilboats.com\/de\/managementrichtlinie\/\"]}]},{\"@type\":\"BreadcrumbList\",\"@id\":\"https:\/\/www.bilboats.com\/de\/managementrichtlinie\/#breadcrumb\",\"itemListElement\":[{\"@type\":\"ListItem\",\"position\":1,\"name\":\"Portada\",\"item\":\"https:\/\/www.bilboats.com\/de\/\"},{\"@type\":\"ListItem\",\"position\":2,\"name\":\"Managementrichtlinie\"}]},{\"@type\":\"WebSite\",\"@id\":\"https:\/\/www.bilboats.com\/de\/#website\",\"url\":\"https:\/\/www.bilboats.com\/de\/\",\"name\":\"Bilboats\",\"description\":\"La manera m\u00e1s atractiva de conocer Bilbao\",\"potentialAction\":[{\"@type\":\"SearchAction\",\"target\":{\"@type\":\"EntryPoint\",\"urlTemplate\":\"https:\/\/www.bilboats.com\/de\/?s={search_term_string}\"},\"query-input\":{\"@type\":\"PropertyValueSpecification\",\"valueRequired\":true,\"valueName\":\"search_term_string\"}}],\"inLanguage\":\"de\"}]}<\/script>\n<!-- \/ Yoast SEO plugin. -->","yoast_head_json":{"title":"Managementrichtlinie - Bilboats","robots":{"index":"index","follow":"follow","max-snippet":"max-snippet:-1","max-image-preview":"max-image-preview:large","max-video-preview":"max-video-preview:-1"},"canonical":"https:\/\/www.bilboats.com\/de\/managementrichtlinie\/","og_locale":"de_DE","og_type":"article","og_title":"Managementrichtlinie - Bilboats","og_description":"MANAGEMENTRICHTLINIE \u00a0Die Mission von Bilboats besteht darin, hochwertige, sichere, inklusive und nachhaltige nautische Tourismuserlebnisse anzubieten und das Wissen und den Genuss der nat\u00fcrlichen Umgebung zu f\u00f6rdern \u2013 im Respekt gegen\u00fcber der Umwelt und im Engagement f\u00fcr die Menschen. Das Managementsystem von Bilboats ist das zentrale Instrument, das uns erm\u00f6glicht, wirksame und effiziente Prozesse zu konsolidieren, [&hellip;]","og_url":"https:\/\/www.bilboats.com\/de\/managementrichtlinie\/","og_site_name":"Bilboats","article_modified_time":"2025-12-05T07:13:35+00:00","twitter_card":"summary_large_image","twitter_misc":{"Gesch\u00e4tzte Lesezeit":"5\u00a0Minuten"},"schema":{"@context":"https:\/\/schema.org","@graph":[{"@type":"WebPage","@id":"https:\/\/www.bilboats.com\/de\/managementrichtlinie\/","url":"https:\/\/www.bilboats.com\/de\/managementrichtlinie\/","name":"Managementrichtlinie - Bilboats","isPartOf":{"@id":"https:\/\/www.bilboats.com\/de\/#website"},"datePublished":"2025-12-05T06:47:39+00:00","dateModified":"2025-12-05T07:13:35+00:00","breadcrumb":{"@id":"https:\/\/www.bilboats.com\/de\/managementrichtlinie\/#breadcrumb"},"inLanguage":"de","potentialAction":[{"@type":"ReadAction","target":["https:\/\/www.bilboats.com\/de\/managementrichtlinie\/"]}]},{"@type":"BreadcrumbList","@id":"https:\/\/www.bilboats.com\/de\/managementrichtlinie\/#breadcrumb","itemListElement":[{"@type":"ListItem","position":1,"name":"Portada","item":"https:\/\/www.bilboats.com\/de\/"},{"@type":"ListItem","position":2,"name":"Managementrichtlinie"}]},{"@type":"WebSite","@id":"https:\/\/www.bilboats.com\/de\/#website","url":"https:\/\/www.bilboats.com\/de\/","name":"Bilboats","description":"La manera m\u00e1s atractiva de conocer Bilbao","potentialAction":[{"@type":"SearchAction","target":{"@type":"EntryPoint","urlTemplate":"https:\/\/www.bilboats.com\/de\/?s={search_term_string}"},"query-input":{"@type":"PropertyValueSpecification","valueRequired":true,"valueName":"search_term_string"}}],"inLanguage":"de"}]}},"_links":{"self":[{"href":"https:\/\/www.bilboats.com\/de\/wp-json\/wp\/v2\/pages\/7253","targetHints":{"allow":["GET"]}}],"collection":[{"href":"https:\/\/www.bilboats.com\/de\/wp-json\/wp\/v2\/pages"}],"about":[{"href":"https:\/\/www.bilboats.com\/de\/wp-json\/wp\/v2\/types\/page"}],"author":[{"embeddable":true,"href":"https:\/\/www.bilboats.com\/de\/wp-json\/wp\/v2\/users\/1"}],"replies":[{"embeddable":true,"href":"https:\/\/www.bilboats.com\/de\/wp-json\/wp\/v2\/comments?post=7253"}],"version-history":[{"count":3,"href":"https:\/\/www.bilboats.com\/de\/wp-json\/wp\/v2\/pages\/7253\/revisions"}],"predecessor-version":[{"id":7268,"href":"https:\/\/www.bilboats.com\/de\/wp-json\/wp\/v2\/pages\/7253\/revisions\/7268"}],"wp:attachment":[{"href":"https:\/\/www.bilboats.com\/de\/wp-json\/wp\/v2\/media?parent=7253"}],"curies":[{"name":"wp","href":"https:\/\/api.w.org\/{rel}","templated":true}]}}