{"id":2819,"date":"2020-06-15T09:39:21","date_gmt":"2020-06-15T09:39:21","guid":{"rendered":"https:\/\/www.bilboats.com\/recorridos-guiados-19-20-21-de-junio\/"},"modified":"2020-06-15T09:39:21","modified_gmt":"2020-06-15T09:39:21","slug":"recorridos-guiados-19-20-21-de-junio","status":"publish","type":"page","link":"https:\/\/www.bilboats.com\/de\/recorridos-guiados-19-20-21-de-junio\/","title":{"rendered":"Recorridos guiados: 19-20-21 de junio"},"content":{"rendered":"<p>[et_pb_section fb_built=&#8220;1&#8243; _builder_version=&#8220;4.0.11&#8243; background_color=&#8220;#930400&#8243; use_background_color_gradient=&#8220;on&#8220; background_color_gradient_start=&#8220;#930400&#8243; background_color_gradient_end=&#8220;#b82821&#8243; height=&#8220;122px&#8220; max_height=&#8220;998px&#8220; custom_padding=&#8220;0px||0px|||&#8220; bottom_divider_flip=&#8220;vertical|horizontal&#8220; border_color_all=&#8220;rgba(51,51,51,0.13)&#8220; border_width_top=&#8220;2px&#8220; border_color_top=&#8220;#ffffff&#8220; locked=&#8220;off&#8220;][et_pb_row _builder_version=&#8220;4.0.11&#8243; custom_padding=&#8220;10px|||||&#8220;][et_pb_column type=&#8220;4_4&#8243; _builder_version=&#8220;4.0.11&#8243;][et_pb_text admin_label=&#8220;RECORRIDOS GUIADOS: 19, 20 Y 21 DE JUNIO&#8220; _builder_version=&#8220;4.0.11&#8243; text_font=&#8220;Lato|700|||||||&#8220; text_text_color=&#8220;#ffffff&#8220; text_font_size=&#8220;16px&#8220; text_letter_spacing=&#8220;2px&#8220; text_line_height=&#8220;1.6em&#8220; header_font=&#8220;Oswald|700|||||||&#8220; header_text_color=&#8220;#ffffff&#8220; header_font_size=&#8220;32px&#8220; header_2_font=&#8220;Oswald|700|||||||&#8220; header_2_font_size=&#8220;40px&#8220; header_3_font=&#8220;Oswald||||||||&#8220; header_3_text_color=&#8220;#ffffff&#8220; header_3_font_size=&#8220;25px&#8220; custom_margin=&#8220;7px|0px|-33px|3px|false|false&#8220; custom_padding=&#8220;29px||0px|0px|false|false&#8220; header_font_tablet=&#8220;&#8220; header_font_phone=&#8220;&#8220; header_font_last_edited=&#8220;on|phone&#8220; header_font_size_tablet=&#8220;&#8220; header_font_size_phone=&#8220;26px&#8220; header_font_size_last_edited=&#8220;on|phone&#8220; header_2_font_size_tablet=&#8220;&#8220; header_2_font_size_phone=&#8220;30px&#8220; header_2_font_size_last_edited=&#8220;on|phone&#8220; locked=&#8220;off&#8220;]<\/p>\n<h1 style=\"text-align: left;\">RECORRIDOS GUIADOS: 19, 20 Y 21 DE JUNIO<\/h1>\n<p style=\"text-align: center;\">[\/et_pb_text][\/et_pb_column][\/et_pb_row][\/et_pb_section][et_pb_section fb_built=&#8220;1&#8243; admin_label=&#8220;NAVEGANDO BILBAO&#8220; _builder_version=&#8220;4.0.11&#8243; background_color=&#8220;#ffffff&#8220; background_enable_image=&#8220;off&#8220; custom_padding=&#8220;0px||0px|||&#8220; top_divider_style=&#8220;wave2&#8243; top_divider_color=&#8220;#b82821&#8243; top_divider_style_tablet=&#8220;&#8220; top_divider_style_phone=&#8220;&#8220; top_divider_style_last_edited=&#8220;on|tablet&#8220; top_divider_height_tablet=&#8220;75px&#8220; top_divider_height_phone=&#8220;52px&#8220; top_divider_height_last_edited=&#8220;on|tablet&#8220;][et_pb_row admin_label=&#8220;Section Header&#8220; _builder_version=&#8220;4.0.11&#8243; background_color=&#8220;rgba(0,0,0,0)&#8220; module_alignment=&#8220;center&#8220; custom_margin=&#8220;|auto||519px||&#8220; custom_padding=&#8220;40px|0px|0px|0px||&#8220;][et_pb_column type=&#8220;4_4&#8243; _builder_version=&#8220;3.25&#8243; custom_padding=&#8220;|||&#8220; custom_padding__hover=&#8220;|||&#8220;][et_pb_divider divider_weight=&#8220;9px&#8220; color_tablet=&#8220;&#8220; color_phone=&#8220;&#8220; color_last_edited=&#8220;on|tablet&#8220; show_divider_tablet=&#8220;&#8220; show_divider_phone=&#8220;on&#8220; show_divider_last_edited=&#8220;on|desktop&#8220; divider_weight_tablet=&#8220;&#8220; divider_weight_phone=&#8220;&#8220; divider_weight_last_edited=&#8220;on|tablet&#8220; _builder_version=&#8220;4.0.11&#8243; width=&#8220;9%&#8220; width_tablet=&#8220;16%&#8220; width_phone=&#8220;24%&#8220; width_last_edited=&#8220;on|phone&#8220; max_width=&#8220;100%&#8220; custom_margin=&#8220;|0px|14px||false|false&#8220; custom_padding=&#8220;|980px|||false|false&#8220;][\/et_pb_divider][et_pb_text admin_label=&#8220;CONOCE CON EL ARQUITECTO I\u00d1AKI URIARTE LOS SECRETOS DE LA R\u00cdA DE BILBAO&#8220; _builder_version=&#8220;4.0.11&#8243; text_font=&#8220;Lato||||||||&#8220; text_font_size=&#8220;16px&#8220; text_line_height=&#8220;1.4em&#8220; header_2_font=&#8220;Oswald|500|||||||&#8220; header_2_text_color=&#8220;#b82821&#8243; header_2_font_size=&#8220;25px&#8220; header_3_font=&#8220;Oswald||||||||&#8220; header_3_font_size=&#8220;25px&#8220; background_color=&#8220;rgba(0,0,0,0)&#8220; max_width_tablet=&#8220;&#8220; max_width_phone=&#8220;&#8220; max_width_last_edited=&#8220;on|desktop&#8220; custom_margin=&#8220;|0px|24px||false|false&#8220; custom_margin_tablet=&#8220;&#8220; custom_margin_phone=&#8220;&#8220; custom_margin_last_edited=&#8220;on|desktop&#8220; custom_padding=&#8220;|300px|0px|2px|false|false&#8220; custom_padding_tablet=&#8220;|0px|||false|false&#8220; custom_padding_phone=&#8220;&#8220; custom_padding_last_edited=&#8220;on|desktop&#8220; header_2_font_size_tablet=&#8220;&#8220; header_2_font_size_phone=&#8220;25px&#8220; header_2_font_size_last_edited=&#8220;on|phone&#8220;]<div style=\"width: 1080px;\" class=\"wp-video\"><video class=\"wp-video-shortcode\" id=\"video-2819-1\" width=\"1080\" height=\"820\" preload=\"metadata\" controls=\"controls\"><source type=\"video\/mp4\" src=\"https:\/\/www.bilboats.com\/wp-content\/uploads\/2020\/06\/Recorridos-guiados-Bilboats-2.mp4?_=1\" \/><a href=\"https:\/\/www.bilboats.com\/wp-content\/uploads\/2020\/06\/Recorridos-guiados-Bilboats-2.mp4\">https:\/\/www.bilboats.com\/wp-content\/uploads\/2020\/06\/Recorridos-guiados-Bilboats-2.mp4<\/a><\/video><\/div><\/p>\n<p>&nbsp;<\/p>\n<h1>CONOCE CON EL ARQUITECTO I\u00d1AKI URIARTE<br \/>\nLOS SECRETOS DE LA R\u00cdA DE BILBAO<\/h1>\n<p>[\/et_pb_text][et_pb_text admin_label=&#8220;TEXTO&#8220; _builder_version=&#8220;4.0.11&#8243; text_font=&#8220;Lato||||||||&#8220; text_font_size=&#8220;18px&#8220; text_line_height=&#8220;1.4em&#8220; header_2_font=&#8220;Oswald|500|||||||&#8220; header_2_text_color=&#8220;#b82821&#8243; header_2_font_size=&#8220;25px&#8220; header_3_font=&#8220;Oswald||||||||&#8220; header_3_font_size=&#8220;25px&#8220; header_4_font_size=&#8220;22px&#8220; background_color=&#8220;rgba(0,0,0,0)&#8220; custom_margin=&#8220;|0px|24px||false|false&#8220; custom_margin_tablet=&#8220;&#8220; custom_margin_phone=&#8220;&#8220; custom_margin_last_edited=&#8220;on|desktop&#8220; custom_padding=&#8220;|300px|0px|2px|false|false&#8220; custom_padding_tablet=&#8220;|0px|||false|false&#8220; custom_padding_phone=&#8220;&#8220; custom_padding_last_edited=&#8220;on|desktop&#8220; header_2_font_size_tablet=&#8220;&#8220; header_2_font_size_phone=&#8220;25px&#8220; header_2_font_size_last_edited=&#8220;on|phone&#8220;]<\/p>\n<h2>19 y 20 de JUNIO<\/h2>\n<h4>VIAJE DE 2 HORAS, salida desde P\u00edo Baroja (en frente del Ayuntamiento de Bilbao).<\/h4>\n<p>&nbsp;<\/p>\n<h4>\u2022 R\u00cdA DE HIERRO<\/h4>\n<p>La Ri\u0301a de Bilbao escenario de la metamorfosis metropolitana 1876 -2016.<br \/> Itinerario narrado desde una embarcacio\u0301n de sensibilizacio\u0301n con el urbanismo, el patrimonio y el paisaje de este singular espacio fluvial entre Bilbao y la desembocadura de la ri\u0301a en el Abra, 14 km. durante una hora y media mediante un relato de autor.<\/p>\n<p style=\"text-align: left;\"><span style=\"text-decoration: underline;\"><strong><\/strong><\/span><\/p>\n<p>[\/et_pb_text][et_pb_button button_url=&#8220;https:\/\/www.bilboats.com\/de\/durch-bilbao-segeln\/&#8220; button_text=&#8220;TICKETS KAUFEN&#8220; button_alignment=&#8220;left&#8220; _builder_version=&#8220;4.0.11&#8243; custom_button=&#8220;on&#8220; button_text_size=&#8220;16px&#8220; button_text_color=&#8220;#ffffff&#8220; button_bg_color=&#8220;#b82821&#8243; button_border_width=&#8220;0px&#8220; button_border_radius=&#8220;3px&#8220; button_letter_spacing=&#8220;2px&#8220; button_font=&#8220;Oswald||||||||&#8220; background_layout=&#8220;dark&#8220; custom_margin=&#8220;-10px||||false|false&#8220; animation_style=&#8220;fade&#8220; hover_enabled=&#8220;0&#8243;][\/et_pb_button][et_pb_divider color=&#8220;rgba(0,0,0,0.21)&#8220; _builder_version=&#8220;4.0.11&#8243;][\/et_pb_divider][et_pb_text admin_label=&#8220;TEXTO&#8220; _builder_version=&#8220;4.0.11&#8243; text_font=&#8220;Lato||||||||&#8220; text_font_size=&#8220;18px&#8220; text_line_height=&#8220;1.4em&#8220; header_2_font=&#8220;Oswald|500|||||||&#8220; header_2_text_color=&#8220;#b82821&#8243; header_2_font_size=&#8220;25px&#8220; header_3_font=&#8220;Oswald||||||||&#8220; header_3_font_size=&#8220;25px&#8220; header_4_font_size=&#8220;22px&#8220; background_color=&#8220;rgba(0,0,0,0)&#8220; custom_margin=&#8220;|0px|24px||false|false&#8220; custom_margin_tablet=&#8220;&#8220; custom_margin_phone=&#8220;&#8220; custom_margin_last_edited=&#8220;on|desktop&#8220; custom_padding=&#8220;|300px|0px|2px|false|false&#8220; custom_padding_tablet=&#8220;|0px|||false|false&#8220; custom_padding_phone=&#8220;&#8220; custom_padding_last_edited=&#8220;on|desktop&#8220; header_2_font_size_tablet=&#8220;&#8220; header_2_font_size_phone=&#8220;25px&#8220; header_2_font_size_last_edited=&#8220;on|phone&#8220;]<\/p>\n<h2>21 de JUNIO:<\/h2>\n<h4>VIAJE DE 2:15 HORAS, salida desde P\u00edo Baroja (en frente del Ayuntamiento de Bilbao).<\/h4>\n<p>&nbsp;<\/p>\n<h4>\u2022 CONMEMORACI\u00d3N DEL CONSULADO DE BILBAO EN 1511<\/h4>\n<p>Fernando V creo\u0301 el Consulado, Casa de Contratacio\u0301n y Juzgado mediante Carta Real en 1511. El Consulado se ocupo\u0301 de la conservacio\u0301n de la Ri\u0301a asi\u0301 como de las relaciones mercantiles rigie\u0301ndose por las conocidas y pioneras Ordenanzas de la Ilustre Universidad y Casa de Contratacio\u0301n de la M.N. y M.L. Villa de Bilbao. Tuvo su sede junto con el Consistorio en un mismo edificio, construido en 1675 anexo a la iglesia de San Anto\u0301n y frente a la plaza del mercado de la Villa donde permanecio\u0301 hasta su derribo en 1895.<\/p>\n<p style=\"text-align: left;\"><span style=\"text-decoration: underline;\"><strong><\/strong><\/span><\/p>\n<p>[\/et_pb_text][et_pb_button button_url=&#8220;https:\/\/www.bilboats.com\/de\/durch-bilbao-segeln\/&#8220; button_text=&#8220;TICKETS KAUFEN&#8220; button_alignment=&#8220;left&#8220; _builder_version=&#8220;4.0.11&#8243; custom_button=&#8220;on&#8220; button_text_size=&#8220;16px&#8220; button_text_color=&#8220;#ffffff&#8220; button_bg_color=&#8220;#b82821&#8243; button_border_width=&#8220;0px&#8220; button_border_radius=&#8220;3px&#8220; button_letter_spacing=&#8220;2px&#8220; button_font=&#8220;Oswald||||||||&#8220; background_layout=&#8220;dark&#8220; custom_margin=&#8220;-10px||||false|false&#8220; animation_style=&#8220;fade&#8220; hover_enabled=&#8220;0&#8243;][\/et_pb_button][et_pb_divider color=&#8220;rgba(0,0,0,0.21)&#8220; _builder_version=&#8220;4.0.11&#8243;][\/et_pb_divider][\/et_pb_column][\/et_pb_row][\/et_pb_section][et_pb_section fb_built=&#8220;1&#8243; fullwidth=&#8220;on&#8220; _builder_version=&#8220;4.0.11&#8243; bottom_divider_color=&#8220;#ffffff&#8220; bottom_divider_style_tablet=&#8220;none&#8220; bottom_divider_style_phone=&#8220;&#8220; bottom_divider_style_last_edited=&#8220;on|phone&#8220;][et_pb_fullwidth_image src=&#8220;https:\/\/www.bilboats.com\/wp-content\/uploads\/2020\/01\/Bilboats-inicio-1.jpg&#8220; admin_label=&#8220;Imagen anchura completa Bilboats&#8220; _builder_version=&#8220;4.0.11&#8243; background_enable_image=&#8220;off&#8220; parallax=&#8220;on&#8220;][\/et_pb_fullwidth_image][\/et_pb_section]<\/p>\n","protected":false},"excerpt":{"rendered":"<p>RECORRIDOS GUIADOS: 19, 20 Y 21 DE JUNIO <div style=\"width: 1080px;\" class=\"wp-video\"><video class=\"wp-video-shortcode\" id=\"video-2819-2\" width=\"1080\" height=\"820\" preload=\"metadata\" controls=\"controls\"><source type=\"video\/mp4\" src=\"https:\/\/www.bilboats.com\/wp-content\/uploads\/2020\/06\/Recorridos-guiados-Bilboats-2.mp4?_=2\" \/><a href=\"https:\/\/www.bilboats.com\/wp-content\/uploads\/2020\/06\/Recorridos-guiados-Bilboats-2.mp4\">https:\/\/www.bilboats.com\/wp-content\/uploads\/2020\/06\/Recorridos-guiados-Bilboats-2.mp4<\/a><\/video><\/div> &nbsp; CONOCE CON EL ARQUITECTO I\u00d1AKI URIARTE LOS SECRETOS DE LA R\u00cdA DE BILBAO19 y 20 de JUNIO VIAJE DE 2 HORAS, salida desde P\u00edo Baroja (en frente del Ayuntamiento de Bilbao). &nbsp; \u2022 R\u00cdA DE HIERRO La Ri\u0301a de Bilbao escenario de [&hellip;]<\/p>\n","protected":false},"author":1,"featured_media":0,"parent":0,"menu_order":0,"comment_status":"closed","ping_status":"closed","template":"","meta":{"_et_pb_use_builder":"on","_et_pb_old_content":"","_et_gb_content_width":"","footnotes":""},"class_list":["post-2819","page","type-page","status-publish","hentry"],"yoast_head":"<!-- This site is optimized with the Yoast SEO plugin v27.1.1 - https:\/\/yoast.com\/product\/yoast-seo-wordpress\/ -->\n<title>Recorridos guiados: 19-20-21 de junio - Bilboats<\/title>\n<meta name=\"robots\" content=\"index, follow, max-snippet:-1, max-image-preview:large, max-video-preview:-1\" \/>\n<link rel=\"canonical\" href=\"https:\/\/www.bilboats.com\/de\/recorridos-guiados-19-20-21-de-junio\/\" \/>\n<meta property=\"og:locale\" content=\"de_DE\" \/>\n<meta property=\"og:type\" content=\"article\" \/>\n<meta property=\"og:title\" content=\"Recorridos guiados: 19-20-21 de junio - Bilboats\" \/>\n<meta property=\"og:description\" content=\"RECORRIDOS GUIADOS: 19, 20 Y 21 DE JUNIO &nbsp; CONOCE CON EL ARQUITECTO I\u00d1AKI URIARTE LOS SECRETOS DE LA R\u00cdA DE BILBAO19 y 20 de JUNIO VIAJE DE 2 HORAS, salida desde P\u00edo Baroja (en frente del Ayuntamiento de Bilbao). &nbsp; \u2022 R\u00cdA DE HIERRO La Ri\u0301a de Bilbao escenario de [&hellip;]\" \/>\n<meta property=\"og:url\" content=\"https:\/\/www.bilboats.com\/de\/recorridos-guiados-19-20-21-de-junio\/\" \/>\n<meta property=\"og:site_name\" content=\"Bilboats\" \/>\n<meta name=\"twitter:card\" content=\"summary_large_image\" \/>\n<meta name=\"twitter:label1\" content=\"Gesch\u00e4tzte Lesezeit\" \/>\n\t<meta name=\"twitter:data1\" content=\"6\u00a0Minuten\" \/>\n<script type=\"application\/ld+json\" class=\"yoast-schema-graph\">{\"@context\":\"https:\/\/schema.org\",\"@graph\":[{\"@type\":\"WebPage\",\"@id\":\"https:\/\/www.bilboats.com\/de\/recorridos-guiados-19-20-21-de-junio\/\",\"url\":\"https:\/\/www.bilboats.com\/de\/recorridos-guiados-19-20-21-de-junio\/\",\"name\":\"Recorridos guiados: 19-20-21 de junio - Bilboats\",\"isPartOf\":{\"@id\":\"https:\/\/www.bilboats.com\/de\/#website\"},\"datePublished\":\"2020-06-15T09:39:21+00:00\",\"breadcrumb\":{\"@id\":\"https:\/\/www.bilboats.com\/de\/recorridos-guiados-19-20-21-de-junio\/#breadcrumb\"},\"inLanguage\":\"de\",\"potentialAction\":[{\"@type\":\"ReadAction\",\"target\":[\"https:\/\/www.bilboats.com\/de\/recorridos-guiados-19-20-21-de-junio\/\"]}]},{\"@type\":\"BreadcrumbList\",\"@id\":\"https:\/\/www.bilboats.com\/de\/recorridos-guiados-19-20-21-de-junio\/#breadcrumb\",\"itemListElement\":[{\"@type\":\"ListItem\",\"position\":1,\"name\":\"Portada\",\"item\":\"https:\/\/www.bilboats.com\/de\/\"},{\"@type\":\"ListItem\",\"position\":2,\"name\":\"Recorridos guiados: 19-20-21 de junio\"}]},{\"@type\":\"WebSite\",\"@id\":\"https:\/\/www.bilboats.com\/de\/#website\",\"url\":\"https:\/\/www.bilboats.com\/de\/\",\"name\":\"Bilboats\",\"description\":\"La manera m\u00e1s atractiva de conocer Bilbao\",\"potentialAction\":[{\"@type\":\"SearchAction\",\"target\":{\"@type\":\"EntryPoint\",\"urlTemplate\":\"https:\/\/www.bilboats.com\/de\/?s={search_term_string}\"},\"query-input\":{\"@type\":\"PropertyValueSpecification\",\"valueRequired\":true,\"valueName\":\"search_term_string\"}}],\"inLanguage\":\"de\"}]}<\/script>\n<!-- \/ Yoast SEO plugin. -->","yoast_head_json":{"title":"Recorridos guiados: 19-20-21 de junio - Bilboats","robots":{"index":"index","follow":"follow","max-snippet":"max-snippet:-1","max-image-preview":"max-image-preview:large","max-video-preview":"max-video-preview:-1"},"canonical":"https:\/\/www.bilboats.com\/de\/recorridos-guiados-19-20-21-de-junio\/","og_locale":"de_DE","og_type":"article","og_title":"Recorridos guiados: 19-20-21 de junio - Bilboats","og_description":"RECORRIDOS GUIADOS: 19, 20 Y 21 DE JUNIO &nbsp; CONOCE CON EL ARQUITECTO I\u00d1AKI URIARTE LOS SECRETOS DE LA R\u00cdA DE BILBAO19 y 20 de JUNIO VIAJE DE 2 HORAS, salida desde P\u00edo Baroja (en frente del Ayuntamiento de Bilbao). &nbsp; \u2022 R\u00cdA DE HIERRO La Ri\u0301a de Bilbao escenario de [&hellip;]","og_url":"https:\/\/www.bilboats.com\/de\/recorridos-guiados-19-20-21-de-junio\/","og_site_name":"Bilboats","twitter_card":"summary_large_image","twitter_misc":{"Gesch\u00e4tzte Lesezeit":"6\u00a0Minuten"},"schema":{"@context":"https:\/\/schema.org","@graph":[{"@type":"WebPage","@id":"https:\/\/www.bilboats.com\/de\/recorridos-guiados-19-20-21-de-junio\/","url":"https:\/\/www.bilboats.com\/de\/recorridos-guiados-19-20-21-de-junio\/","name":"Recorridos guiados: 19-20-21 de junio - Bilboats","isPartOf":{"@id":"https:\/\/www.bilboats.com\/de\/#website"},"datePublished":"2020-06-15T09:39:21+00:00","breadcrumb":{"@id":"https:\/\/www.bilboats.com\/de\/recorridos-guiados-19-20-21-de-junio\/#breadcrumb"},"inLanguage":"de","potentialAction":[{"@type":"ReadAction","target":["https:\/\/www.bilboats.com\/de\/recorridos-guiados-19-20-21-de-junio\/"]}]},{"@type":"BreadcrumbList","@id":"https:\/\/www.bilboats.com\/de\/recorridos-guiados-19-20-21-de-junio\/#breadcrumb","itemListElement":[{"@type":"ListItem","position":1,"name":"Portada","item":"https:\/\/www.bilboats.com\/de\/"},{"@type":"ListItem","position":2,"name":"Recorridos guiados: 19-20-21 de junio"}]},{"@type":"WebSite","@id":"https:\/\/www.bilboats.com\/de\/#website","url":"https:\/\/www.bilboats.com\/de\/","name":"Bilboats","description":"La manera m\u00e1s atractiva de conocer Bilbao","potentialAction":[{"@type":"SearchAction","target":{"@type":"EntryPoint","urlTemplate":"https:\/\/www.bilboats.com\/de\/?s={search_term_string}"},"query-input":{"@type":"PropertyValueSpecification","valueRequired":true,"valueName":"search_term_string"}}],"inLanguage":"de"}]}},"_links":{"self":[{"href":"https:\/\/www.bilboats.com\/de\/wp-json\/wp\/v2\/pages\/2819","targetHints":{"allow":["GET"]}}],"collection":[{"href":"https:\/\/www.bilboats.com\/de\/wp-json\/wp\/v2\/pages"}],"about":[{"href":"https:\/\/www.bilboats.com\/de\/wp-json\/wp\/v2\/types\/page"}],"author":[{"embeddable":true,"href":"https:\/\/www.bilboats.com\/de\/wp-json\/wp\/v2\/users\/1"}],"replies":[{"embeddable":true,"href":"https:\/\/www.bilboats.com\/de\/wp-json\/wp\/v2\/comments?post=2819"}],"version-history":[{"count":1,"href":"https:\/\/www.bilboats.com\/de\/wp-json\/wp\/v2\/pages\/2819\/revisions"}],"predecessor-version":[{"id":2820,"href":"https:\/\/www.bilboats.com\/de\/wp-json\/wp\/v2\/pages\/2819\/revisions\/2820"}],"wp:attachment":[{"href":"https:\/\/www.bilboats.com\/de\/wp-json\/wp\/v2\/media?parent=2819"}],"curies":[{"name":"wp","href":"https:\/\/api.w.org\/{rel}","templated":true}]}}