{"id":1954,"date":"2020-03-05T11:10:21","date_gmt":"2020-03-05T11:10:21","guid":{"rendered":"https:\/\/www.bilboats.com\/regelmaessige-touren\/"},"modified":"2021-09-27T07:49:24","modified_gmt":"2021-09-27T06:49:24","slug":"regelmaessige-touren","status":"publish","type":"page","link":"https:\/\/www.bilboats.com\/de\/regelmaessige-touren\/","title":{"rendered":"Regelm\u00e4ssige Touren"},"content":{"rendered":"<p>[et_pb_section fb_built=&#8220;1&#8243; fullwidth=&#8220;on&#8220; admin_label=&#8220;Header Section&#8220; _builder_version=&#8220;4.0.11&#8243; background_color=&#8220;#000000&#8243; custom_padding=&#8220;|||&#8220; animation_style=&#8220;fade&#8220;][et_pb_fullwidth_header title=&#8220;REGELM\u00c4SSIGE TOUREN&#8220; subhead=&#8220;Zwei Arten von Reisen.&#8220; text_orientation=&#8220;center&#8220; header_fullscreen=&#8220;on&#8220; header_scroll_down=&#8220;on&#8220; scroll_down_icon=&#8220;%%2%%&#8220; scroll_down_icon_color=&#8220;#ffffff&#8220; button_one_text=&#8220;Tickets kaufen&#8220; button_one_url=&#8220;https:\/\/www.bilboats.com\/de\/tickets-kaufen\/&#8220; background_overlay_color=&#8220;rgba(0,0,0,0.74)&#8220; content_max_width_last_edited=&#8220;off|desktop&#8220; admin_label=&#8220;Imagen Salidas Regulares&#8220; _builder_version=&#8220;4.0.11&#8243; title_font=&#8220;Oswald|700||on|||||&#8220; title_text_align=&#8220;center&#8220; title_font_size=&#8220;54px&#8220; title_letter_spacing=&#8220;0em&#8220; subhead_font=&#8220;Lato|600|||||||&#8220; subhead_font_size=&#8220;20px&#8220; subhead_line_height=&#8220;1.9em&#8220; background_color=&#8220;#000000&#8243; background_image=&#8220;https:\/\/www.bilboats.com\/wp-content\/uploads\/2020\/01\/Bilboats-Contacto-Harremanetan.jpg&#8220; parallax=&#8220;on&#8220; parallax_method=&#8220;on&#8220; background_enable_video_mp4=&#8220;off&#8220; custom_button_one=&#8220;on&#8220; button_one_text_size=&#8220;15px&#8220; button_one_bg_color=&#8220;#b82821&#8243; button_one_border_width=&#8220;10px&#8220; button_one_border_color=&#8220;#b82821&#8243; button_one_border_radius=&#8220;0px&#8220; button_one_letter_spacing=&#8220;3px&#8220; button_one_font=&#8220;Oswald|||on|&#8220; title_font_size_tablet=&#8220;60px&#8220; title_font_size_phone=&#8220;40px&#8220; title_font_size_last_edited=&#8220;on|tablet&#8220; subhead_line_height_tablet=&#8220;&#8220; subhead_line_height_phone=&#8220;1.2em&#8220; subhead_line_height_last_edited=&#8220;on|phone&#8220; button_one_text_size_tablet=&#8220;&#8220; button_one_text_size_phone=&#8220;13px&#8220; button_one_text_size_last_edited=&#8220;on|phone&#8220; button_one_border_color_hover=&#8220;#c99872&#8243; button_one_border_radius_hover=&#8220;0px&#8220; button_one_letter_spacing_hover=&#8220;3px&#8220; button_one_bg_color_hover=&#8220;#c99872&#8243; button_one_text_size__hover_enabled=&#8220;off&#8220; button_two_text_size__hover_enabled=&#8220;off&#8220; button_one_text_color__hover_enabled=&#8220;off&#8220; button_two_text_color__hover_enabled=&#8220;off&#8220; button_one_border_width__hover_enabled=&#8220;off&#8220; button_two_border_width__hover_enabled=&#8220;off&#8220; button_one_border_color__hover_enabled=&#8220;on|hover&#8220; button_one_border_color__hover=&#8220;#ffffff&#8220; button_two_border_color__hover_enabled=&#8220;off&#8220; button_one_border_radius__hover_enabled=&#8220;on&#8220; button_one_border_radius__hover=&#8220;0px&#8220; button_two_border_radius__hover_enabled=&#8220;off&#8220; button_one_letter_spacing__hover_enabled=&#8220;on&#8220; button_one_letter_spacing__hover=&#8220;3px&#8220; button_two_letter_spacing__hover_enabled=&#8220;off&#8220; button_one_bg_color__hover_enabled=&#8220;on|hover&#8220; button_one_bg_color__hover=&#8220;rgba(115,33,15,0.28)&#8220; button_two_bg_color__hover_enabled=&#8220;off&#8220; button_one_bg_enable_color__hover=&#8220;on&#8220;][\/et_pb_fullwidth_header][\/et_pb_section][et_pb_section fb_built=&#8220;1&#8243; admin_label=&#8220;NAVEGANDO BILBAO&#8220; _builder_version=&#8220;4.0.11&#8243; background_enable_image=&#8220;off&#8220; custom_padding=&#8220;0px||0px|||&#8220;][et_pb_row admin_label=&#8220;Section Header&#8220; _builder_version=&#8220;3.25&#8243; module_alignment=&#8220;center&#8220; custom_padding=&#8220;40px|0px|40px|0px&#8220;][et_pb_column type=&#8220;4_4&#8243; _builder_version=&#8220;3.25&#8243; custom_padding=&#8220;|||&#8220; custom_padding__hover=&#8220;|||&#8220;][et_pb_text admin_label=&#8220;NAVEGANDO BILBAO&#8220; _builder_version=&#8220;4.0.11&#8243; text_font=&#8220;Lato||||||||&#8220; text_font_size=&#8220;20px&#8220; text_line_height=&#8220;1.6em&#8220; header_2_font=&#8220;Oswald|700|||||||&#8220; header_2_text_color=&#8220;#b82821&#8243; header_2_font_size=&#8220;40px&#8220; header_3_font=&#8220;Oswald||||||||&#8220; header_3_font_size=&#8220;25px&#8220; custom_margin=&#8220;||24px|||&#8220; custom_padding=&#8220;||0px|2px||&#8220; animation_style=&#8220;fold&#8220; header_2_font_size_tablet=&#8220;&#8220; header_2_font_size_phone=&#8220;30px&#8220; header_2_font_size_last_edited=&#8220;on|phone&#8220;]<\/p>\n<h2 style=\"text-align: center;\">DURCH BILBAO SEGELN<\/h2>\n<h3 style=\"text-align: center;\">60&#8242;<\/h3>\n<p>[\/et_pb_text][et_pb_text admin_label=&#8220;TEXTO NAVEGANDO BILBAO&#8220; _builder_version=&#8220;4.0.11&#8243; text_font=&#8220;Lato||||||||&#8220; text_font_size=&#8220;15px&#8220; text_line_height=&#8220;1.6em&#8220; header_2_font=&#8220;Oswald|700|||||||&#8220; header_2_font_size=&#8220;40px&#8220; header_3_font=&#8220;Oswald||||||||&#8220; header_3_font_size=&#8220;25px&#8220; text_line_height_tablet=&#8220;&#8220; text_line_height_phone=&#8220;1.5em&#8220; text_line_height_last_edited=&#8220;on|phone&#8220;]<\/p>\n<p style=\"text-align: center;\"><span style=\"font-size: 20px; text-align: center;\">Eine etwa einst\u00fcndige Rundfahrt durch die von der Stadtmitte Rathausbr\u00fccke bis zur Gegend von Abandoibarra (Nein Stoppt].<\/span><\/p>\n<p>[\/et_pb_text][et_pb_button button_url=&#8220;https:\/\/www.bilboats.com\/de\/durch-bilbao-segeln\/&#8220; button_text=&#8220;SIEHE REISEPLAN 60&#8242;&#8220; button_alignment=&#8220;center&#8220; _builder_version=&#8220;4.0.11&#8243; custom_button=&#8220;on&#8220; button_text_size=&#8220;16px&#8220; button_text_color=&#8220;#ffffff&#8220; button_bg_color=&#8220;#b82821&#8243; button_border_width=&#8220;0px&#8220; button_border_radius=&#8220;3px&#8220; button_letter_spacing=&#8220;2px&#8220; button_font=&#8220;Oswald||||||||&#8220; background_layout=&#8220;dark&#8220; custom_margin=&#8220;-10px||||false|false&#8220; animation_style=&#8220;slide&#8220; hover_enabled=&#8220;0&#8243; locked=&#8220;off&#8220;][\/et_pb_button][\/et_pb_column][\/et_pb_row][\/et_pb_section][et_pb_section fb_built=&#8220;1&#8243; fullwidth=&#8220;on&#8220; _builder_version=&#8220;4.0.11&#8243; bottom_divider_color=&#8220;#ffffff&#8220; bottom_divider_style_tablet=&#8220;none&#8220; bottom_divider_style_phone=&#8220;&#8220; bottom_divider_style_last_edited=&#8220;on|phone&#8220;][et_pb_fullwidth_image src=&#8220;https:\/\/www.bilboats.com\/wp-content\/uploads\/2020\/01\/Bilboats-inicio-1.jpg&#8220; admin_label=&#8220;Imagen anchura completa Bilboats&#8220; _builder_version=&#8220;4.0.11&#8243; background_enable_image=&#8220;off&#8220; parallax=&#8220;on&#8220;][\/et_pb_fullwidth_image][\/et_pb_section][et_pb_section fb_built=&#8220;1&#8243; admin_label=&#8220;NAVEGANDO AL MAR&#8220; _builder_version=&#8220;4.0.11&#8243; background_enable_image=&#8220;off&#8220; custom_padding=&#8220;0px||0px|||&#8220;][et_pb_row admin_label=&#8220;Section Header&#8220; _builder_version=&#8220;3.25&#8243; module_alignment=&#8220;center&#8220; custom_padding=&#8220;40px|0px|40px|0px&#8220;][et_pb_column type=&#8220;4_4&#8243; _builder_version=&#8220;3.25&#8243; custom_padding=&#8220;|||&#8220; custom_padding__hover=&#8220;|||&#8220;][et_pb_text admin_label=&#8220;NAVEGANDO AL MAR&#8220; _builder_version=&#8220;4.0.11&#8243; text_font=&#8220;Lato||||||||&#8220; text_font_size=&#8220;20px&#8220; text_line_height=&#8220;1.6em&#8220; header_2_font=&#8220;Oswald|700|||||||&#8220; header_2_text_color=&#8220;#b82821&#8243; header_2_font_size=&#8220;40px&#8220; header_3_font=&#8220;Oswald||||||||&#8220; header_3_font_size=&#8220;25px&#8220; custom_margin=&#8220;||24px|||&#8220; custom_padding=&#8220;||0px|2px||&#8220; animation_style=&#8220;fold&#8220; header_2_font_size_tablet=&#8220;&#8220; header_2_font_size_phone=&#8220;30px&#8220; header_2_font_size_last_edited=&#8220;on|phone&#8220;]<\/p>\n<h2 style=\"text-align: center;\">UN SEGELN K\u00dcSTE TROQUEL<\/h2>\n<h3 style=\"text-align: center;\">120&#8242;<\/h3>\n<p>[\/et_pb_text][et_pb_text admin_label=&#8220;TEXTO NAVEGANDO AL MAR&#8220; _builder_version=&#8220;4.0.11&#8243; text_font=&#8220;Lato||||||||&#8220; text_font_size=&#8220;15px&#8220; text_line_height=&#8220;1.6em&#8220; header_2_font=&#8220;Oswald|700|||||||&#8220; header_2_font_size=&#8220;40px&#8220; header_3_font=&#8220;Oswald||||||||&#8220; header_3_font_size=&#8220;25px&#8220; text_line_height_tablet=&#8220;&#8220; text_line_height_phone=&#8220;1.5em&#8220; text_line_height_last_edited=&#8220;on|phone&#8220;]<\/p>\n<p style=\"text-align: center;\"><span style=\"font-size: 20px; text-align: center;\">La ruta Navegando al Mar, tiene su comienzo y fin de trayecto en el mismo embarcadero de P\u00edo Baroja (<strong><a href=\"https:\/\/www.bilboats.com\/como-llegar\/\">C\u00d3MO LLEGAR \u00bb<\/a><\/strong>) y su duraci\u00f3n es de unas dos horas aproximadamente. En este recorrido se visitan los puntos de inter\u00e9s de la Villa, adem\u00e1s de los pueblos que conforman el Gran Bilbao a lo largo de la r\u00eda hasta la zona del Puente Colgante de Portugalete (sin paradas).<\/span><\/p>\n<p>[\/et_pb_text][et_pb_button button_url=&#8220;https:\/\/www.bilboats.com\/de\/zum-meer-segeln\/&#8220; button_text=&#8220;SIEHE REISEPLAN 120&#8242;&#8220; button_alignment=&#8220;center&#8220; _builder_version=&#8220;4.0.11&#8243; custom_button=&#8220;on&#8220; button_text_size=&#8220;16px&#8220; button_text_color=&#8220;#ffffff&#8220; button_bg_color=&#8220;#008c36&#8243; button_border_width=&#8220;0px&#8220; button_border_radius=&#8220;3px&#8220; button_letter_spacing=&#8220;2px&#8220; button_font=&#8220;Oswald||||||||&#8220; background_layout=&#8220;dark&#8220; custom_margin=&#8220;-10px||||false|false&#8220; animation_style=&#8220;slide&#8220; hover_enabled=&#8220;0&#8243; locked=&#8220;off&#8220;][\/et_pb_button][\/et_pb_column][\/et_pb_row][\/et_pb_section]<\/p>\n","protected":false},"excerpt":{"rendered":"<p>DURCH BILBAO SEGELN 60&#8217;Eine etwa einst\u00fcndige Rundfahrt durch die von der Stadtmitte Rathausbr\u00fccke bis zur Gegend von Abandoibarra (Nein Stoppt].UN SEGELN K\u00dcSTE TROQUEL 120&#8217;La ruta Navegando al Mar, tiene su comienzo y fin de trayecto en el mismo embarcadero de P\u00edo Baroja (C\u00d3MO LLEGAR \u00bb) y su duraci\u00f3n es de unas dos horas aproximadamente. En [&hellip;]<\/p>\n","protected":false},"author":1,"featured_media":0,"parent":0,"menu_order":0,"comment_status":"closed","ping_status":"closed","template":"","meta":{"_et_pb_use_builder":"on","_et_pb_old_content":"","_et_gb_content_width":"","footnotes":""},"class_list":["post-1954","page","type-page","status-publish","hentry"],"yoast_head":"<!-- This site is optimized with the Yoast SEO plugin v27.1.1 - https:\/\/yoast.com\/product\/yoast-seo-wordpress\/ -->\n<title>Regelm\u00e4ssige Touren<\/title>\n<meta name=\"description\" content=\"Regelm\u00e4ssige touren: Zwei Bootstouren durch die M\u00fcndung, um Bilbao zu entdecken. &#039;Durch Bilbao Segeln&#039;: 60&#039; and &#039;Un Segeln K\u00fcste Troquele&#039;: 120&#039;\" \/>\n<meta name=\"robots\" content=\"index, follow, max-snippet:-1, max-image-preview:large, max-video-preview:-1\" \/>\n<link rel=\"canonical\" href=\"https:\/\/www.bilboats.com\/de\/regelmaessige-touren\/\" \/>\n<meta property=\"og:locale\" content=\"de_DE\" \/>\n<meta property=\"og:type\" content=\"article\" \/>\n<meta property=\"og:title\" content=\"Regelm\u00e4ssige Touren\" \/>\n<meta property=\"og:description\" content=\"Regelm\u00e4ssige touren: Zwei Bootstouren durch die M\u00fcndung, um Bilbao zu entdecken. &#039;Durch Bilbao Segeln&#039;: 60&#039; and &#039;Un Segeln K\u00fcste Troquele&#039;: 120&#039;\" \/>\n<meta property=\"og:url\" content=\"https:\/\/www.bilboats.com\/de\/regelmaessige-touren\/\" \/>\n<meta property=\"og:site_name\" content=\"Bilboats\" \/>\n<meta property=\"article:modified_time\" content=\"2021-09-27T06:49:24+00:00\" \/>\n<meta name=\"twitter:card\" content=\"summary_large_image\" \/>\n<meta name=\"twitter:label1\" content=\"Gesch\u00e4tzte Lesezeit\" \/>\n\t<meta name=\"twitter:data1\" content=\"5\u00a0Minuten\" \/>\n<script type=\"application\/ld+json\" class=\"yoast-schema-graph\">{\"@context\":\"https:\/\/schema.org\",\"@graph\":[{\"@type\":\"WebPage\",\"@id\":\"https:\/\/www.bilboats.com\/de\/regelmaessige-touren\/\",\"url\":\"https:\/\/www.bilboats.com\/de\/regelmaessige-touren\/\",\"name\":\"Regelm\u00e4ssige Touren\",\"isPartOf\":{\"@id\":\"https:\/\/www.bilboats.com\/de\/#website\"},\"datePublished\":\"2020-03-05T11:10:21+00:00\",\"dateModified\":\"2021-09-27T06:49:24+00:00\",\"description\":\"Regelm\u00e4ssige touren: Zwei Bootstouren durch die M\u00fcndung, um Bilbao zu entdecken. 'Durch Bilbao Segeln': 60' and 'Un Segeln K\u00fcste Troquele': 120'\",\"breadcrumb\":{\"@id\":\"https:\/\/www.bilboats.com\/de\/regelmaessige-touren\/#breadcrumb\"},\"inLanguage\":\"de\",\"potentialAction\":[{\"@type\":\"ReadAction\",\"target\":[\"https:\/\/www.bilboats.com\/de\/regelmaessige-touren\/\"]}]},{\"@type\":\"BreadcrumbList\",\"@id\":\"https:\/\/www.bilboats.com\/de\/regelmaessige-touren\/#breadcrumb\",\"itemListElement\":[{\"@type\":\"ListItem\",\"position\":1,\"name\":\"Portada\",\"item\":\"https:\/\/www.bilboats.com\/de\/\"},{\"@type\":\"ListItem\",\"position\":2,\"name\":\"Regelm\u00e4ssige Touren\"}]},{\"@type\":\"WebSite\",\"@id\":\"https:\/\/www.bilboats.com\/de\/#website\",\"url\":\"https:\/\/www.bilboats.com\/de\/\",\"name\":\"Bilboats\",\"description\":\"La manera m\u00e1s atractiva de conocer Bilbao\",\"potentialAction\":[{\"@type\":\"SearchAction\",\"target\":{\"@type\":\"EntryPoint\",\"urlTemplate\":\"https:\/\/www.bilboats.com\/de\/?s={search_term_string}\"},\"query-input\":{\"@type\":\"PropertyValueSpecification\",\"valueRequired\":true,\"valueName\":\"search_term_string\"}}],\"inLanguage\":\"de\"}]}<\/script>\n<!-- \/ Yoast SEO plugin. -->","yoast_head_json":{"title":"Regelm\u00e4ssige Touren","description":"Regelm\u00e4ssige touren: Zwei Bootstouren durch die M\u00fcndung, um Bilbao zu entdecken. 'Durch Bilbao Segeln': 60' and 'Un Segeln K\u00fcste Troquele': 120'","robots":{"index":"index","follow":"follow","max-snippet":"max-snippet:-1","max-image-preview":"max-image-preview:large","max-video-preview":"max-video-preview:-1"},"canonical":"https:\/\/www.bilboats.com\/de\/regelmaessige-touren\/","og_locale":"de_DE","og_type":"article","og_title":"Regelm\u00e4ssige Touren","og_description":"Regelm\u00e4ssige touren: Zwei Bootstouren durch die M\u00fcndung, um Bilbao zu entdecken. 'Durch Bilbao Segeln': 60' and 'Un Segeln K\u00fcste Troquele': 120'","og_url":"https:\/\/www.bilboats.com\/de\/regelmaessige-touren\/","og_site_name":"Bilboats","article_modified_time":"2021-09-27T06:49:24+00:00","twitter_card":"summary_large_image","twitter_misc":{"Gesch\u00e4tzte Lesezeit":"5\u00a0Minuten"},"schema":{"@context":"https:\/\/schema.org","@graph":[{"@type":"WebPage","@id":"https:\/\/www.bilboats.com\/de\/regelmaessige-touren\/","url":"https:\/\/www.bilboats.com\/de\/regelmaessige-touren\/","name":"Regelm\u00e4ssige Touren","isPartOf":{"@id":"https:\/\/www.bilboats.com\/de\/#website"},"datePublished":"2020-03-05T11:10:21+00:00","dateModified":"2021-09-27T06:49:24+00:00","description":"Regelm\u00e4ssige touren: Zwei Bootstouren durch die M\u00fcndung, um Bilbao zu entdecken. 'Durch Bilbao Segeln': 60' and 'Un Segeln K\u00fcste Troquele': 120'","breadcrumb":{"@id":"https:\/\/www.bilboats.com\/de\/regelmaessige-touren\/#breadcrumb"},"inLanguage":"de","potentialAction":[{"@type":"ReadAction","target":["https:\/\/www.bilboats.com\/de\/regelmaessige-touren\/"]}]},{"@type":"BreadcrumbList","@id":"https:\/\/www.bilboats.com\/de\/regelmaessige-touren\/#breadcrumb","itemListElement":[{"@type":"ListItem","position":1,"name":"Portada","item":"https:\/\/www.bilboats.com\/de\/"},{"@type":"ListItem","position":2,"name":"Regelm\u00e4ssige Touren"}]},{"@type":"WebSite","@id":"https:\/\/www.bilboats.com\/de\/#website","url":"https:\/\/www.bilboats.com\/de\/","name":"Bilboats","description":"La manera m\u00e1s atractiva de conocer Bilbao","potentialAction":[{"@type":"SearchAction","target":{"@type":"EntryPoint","urlTemplate":"https:\/\/www.bilboats.com\/de\/?s={search_term_string}"},"query-input":{"@type":"PropertyValueSpecification","valueRequired":true,"valueName":"search_term_string"}}],"inLanguage":"de"}]}},"_links":{"self":[{"href":"https:\/\/www.bilboats.com\/de\/wp-json\/wp\/v2\/pages\/1954","targetHints":{"allow":["GET"]}}],"collection":[{"href":"https:\/\/www.bilboats.com\/de\/wp-json\/wp\/v2\/pages"}],"about":[{"href":"https:\/\/www.bilboats.com\/de\/wp-json\/wp\/v2\/types\/page"}],"author":[{"embeddable":true,"href":"https:\/\/www.bilboats.com\/de\/wp-json\/wp\/v2\/users\/1"}],"replies":[{"embeddable":true,"href":"https:\/\/www.bilboats.com\/de\/wp-json\/wp\/v2\/comments?post=1954"}],"version-history":[{"count":4,"href":"https:\/\/www.bilboats.com\/de\/wp-json\/wp\/v2\/pages\/1954\/revisions"}],"predecessor-version":[{"id":4113,"href":"https:\/\/www.bilboats.com\/de\/wp-json\/wp\/v2\/pages\/1954\/revisions\/4113"}],"wp:attachment":[{"href":"https:\/\/www.bilboats.com\/de\/wp-json\/wp\/v2\/media?parent=1954"}],"curies":[{"name":"wp","href":"https:\/\/api.w.org\/{rel}","templated":true}]}}