{"id":1939,"date":"2020-03-05T09:56:17","date_gmt":"2020-03-05T09:56:17","guid":{"rendered":"https:\/\/www.bilboats.com\/trabaja-en-bilboats\/"},"modified":"2020-03-05T09:56:18","modified_gmt":"2020-03-05T09:56:18","slug":"trabaja-en-bilboats","status":"publish","type":"page","link":"https:\/\/www.bilboats.com\/de\/trabaja-en-bilboats\/","title":{"rendered":"TRABAJA EN BILBOATS"},"content":{"rendered":"<p>[et_pb_section fb_built=&#8220;1&#8243; _builder_version=&#8220;4.0.11&#8243; background_color=&#8220;#930400&#8243; use_background_color_gradient=&#8220;on&#8220; background_color_gradient_start=&#8220;#930400&#8243; background_color_gradient_end=&#8220;#b82821&#8243; height=&#8220;122px&#8220; max_height=&#8220;998px&#8220; custom_padding=&#8220;0px||0px|||&#8220; bottom_divider_flip=&#8220;vertical|horizontal&#8220; border_color_all=&#8220;rgba(51,51,51,0.13)&#8220; border_width_top=&#8220;2px&#8220; border_color_top=&#8220;#ffffff&#8220; locked=&#8220;off&#8220;][et_pb_row _builder_version=&#8220;4.0.11&#8243; custom_padding=&#8220;10px|||||&#8220;][et_pb_column type=&#8220;4_4&#8243; _builder_version=&#8220;4.0.11&#8243;][et_pb_text admin_label=&#8220;COMPRA TUS BILLETES&#8220; _builder_version=&#8220;4.0.11&#8243; text_font=&#8220;Lato|700|||||||&#8220; text_text_color=&#8220;#ffffff&#8220; text_font_size=&#8220;16px&#8220; text_letter_spacing=&#8220;2px&#8220; text_line_height=&#8220;1.6em&#8220; header_font=&#8220;Oswald|700|||||||&#8220; header_text_color=&#8220;#ffffff&#8220; header_font_size=&#8220;32px&#8220; header_2_font=&#8220;Oswald|700|||||||&#8220; header_2_font_size=&#8220;40px&#8220; header_3_font=&#8220;Oswald||||||||&#8220; header_3_text_color=&#8220;#ffffff&#8220; header_3_font_size=&#8220;25px&#8220; custom_margin=&#8220;7px|0px|-33px|3px|false|false&#8220; custom_padding=&#8220;29px||0px|0px|false|false&#8220; header_font_tablet=&#8220;&#8220; header_font_phone=&#8220;&#8220; header_font_last_edited=&#8220;on|phone&#8220; header_font_size_tablet=&#8220;&#8220; header_font_size_phone=&#8220;26px&#8220; header_font_size_last_edited=&#8220;on|phone&#8220; header_2_font_size_tablet=&#8220;&#8220; header_2_font_size_phone=&#8220;30px&#8220; header_2_font_size_last_edited=&#8220;on|phone&#8220; locked=&#8220;off&#8220;]<\/p>\n<h1 style=\"text-align: left;\">TRABAJA EN BILBOATS<\/h1>\n<p style=\"text-align: center;\">\n<p>[\/et_pb_text][\/et_pb_column][\/et_pb_row][\/et_pb_section][et_pb_section fb_built=&#8220;1&#8243; admin_label=&#8220;NAVEGANDO BILBAO&#8220; _builder_version=&#8220;4.0.11&#8243; background_color=&#8220;#ffffff&#8220; background_enable_image=&#8220;off&#8220; custom_padding=&#8220;0px||0px|||&#8220; top_divider_style=&#8220;wave2&#8243; top_divider_color=&#8220;#b82821&#8243; top_divider_style_tablet=&#8220;&#8220; top_divider_style_phone=&#8220;&#8220; top_divider_style_last_edited=&#8220;on|tablet&#8220; top_divider_height_tablet=&#8220;75px&#8220; top_divider_height_phone=&#8220;52px&#8220; top_divider_height_last_edited=&#8220;on|tablet&#8220;][et_pb_row admin_label=&#8220;Section Header&#8220; _builder_version=&#8220;4.0.11&#8243; background_color=&#8220;rgba(0,0,0,0)&#8220; module_alignment=&#8220;center&#8220; custom_margin=&#8220;|auto||519px||&#8220; custom_padding=&#8220;40px|0px|0px|0px||&#8220;][et_pb_column type=&#8220;4_4&#8243; _builder_version=&#8220;3.25&#8243; custom_padding=&#8220;|||&#8220; custom_padding__hover=&#8220;|||&#8220;][et_pb_divider divider_weight=&#8220;9px&#8220; color_tablet=&#8220;&#8220; color_phone=&#8220;&#8220; color_last_edited=&#8220;on|tablet&#8220; show_divider_tablet=&#8220;&#8220; show_divider_phone=&#8220;on&#8220; show_divider_last_edited=&#8220;on|desktop&#8220; divider_weight_tablet=&#8220;&#8220; divider_weight_phone=&#8220;&#8220; divider_weight_last_edited=&#8220;on|tablet&#8220; _builder_version=&#8220;4.0.11&#8243; width=&#8220;9%&#8220; width_tablet=&#8220;16%&#8220; width_phone=&#8220;24%&#8220; width_last_edited=&#8220;on|phone&#8220; max_width=&#8220;100%&#8220; custom_margin=&#8220;|0px|14px||false|false&#8220; custom_padding=&#8220;|980px|||false|false&#8220;][\/et_pb_divider][et_pb_text admin_label=&#8220;NAVEGANDO BILBAO&#8220; _builder_version=&#8220;4.0.11&#8243; text_font=&#8220;Lato||||||||&#8220; text_font_size=&#8220;20px&#8220; text_line_height=&#8220;1em&#8220; header_2_font=&#8220;Oswald|700|||||||&#8220; header_2_text_color=&#8220;#b82821&#8243; header_2_font_size=&#8220;40px&#8220; header_3_font=&#8220;Oswald||||||||&#8220; header_3_text_color=&#8220;#919191&#8243; header_3_font_size=&#8220;25px&#8220; header_3_line_height=&#8220;1.2em&#8220; custom_margin=&#8220;|0px|24px||false|false&#8220; custom_margin_tablet=&#8220;&#8220; custom_margin_phone=&#8220;&#8220; custom_margin_last_edited=&#8220;on|desktop&#8220; custom_padding=&#8220;|300px|0px|2px|false|false&#8220; custom_padding_tablet=&#8220;|0px|||false|false&#8220; custom_padding_phone=&#8220;&#8220; custom_padding_last_edited=&#8220;on|desktop&#8220; hover_enabled=&#8220;0&#8243; header_2_font_size_tablet=&#8220;&#8220; header_2_font_size_phone=&#8220;35px&#8220; header_2_font_size_last_edited=&#8220;on|phone&#8220;]<\/p>\n<h3><img loading=\"lazy\" decoding=\"async\" class=\"wp-image-1267 alignnone size-full\" src=\"https:\/\/www.bilboats.com\/wp-content\/uploads\/2020\/02\/trabaja-en-Bilboats-gorria.png\" alt=\"\" width=\"94\" height=\"77\" \/><\/h3>\n<h3>Si est\u00e1s interesado o interesada en trabajar en Bilboats, env\u00edanos tu curriculum a esta direcci\u00f3n:\u00a0<a href=\"mailto:%20bilboats@billboats.com\" target=\"_blank\" rel=\"noopener noreferrer\">bilboats@billboats.com<\/a><\/h3>\n<p style=\"text-align: left;\">\n<p>[\/et_pb_text][et_pb_divider color=&#8220;rgba(0,0,0,0.21)&#8220; _builder_version=&#8220;4.0.11&#8243;][\/et_pb_divider][\/et_pb_column][\/et_pb_row][\/et_pb_section][et_pb_section fb_built=&#8220;1&#8243; fullwidth=&#8220;on&#8220; _builder_version=&#8220;4.0.11&#8243; bottom_divider_color=&#8220;#ffffff&#8220; bottom_divider_style_tablet=&#8220;none&#8220; bottom_divider_style_phone=&#8220;&#8220; bottom_divider_style_last_edited=&#8220;on|phone&#8220;][et_pb_fullwidth_image src=&#8220;https:\/\/www.bilboats.com\/wp-content\/uploads\/2020\/01\/Bilboats-inicio-1.jpg&#8220; admin_label=&#8220;Imagen anchura completa Bilboats&#8220; _builder_version=&#8220;4.0.11&#8243; background_enable_image=&#8220;off&#8220; parallax=&#8220;on&#8220;][\/et_pb_fullwidth_image][\/et_pb_section]<\/p>\n","protected":false},"excerpt":{"rendered":"<p>TRABAJA EN BILBOATS Si est\u00e1s interesado o interesada en trabajar en Bilboats, env\u00edanos tu curriculum a esta direcci\u00f3n:\u00a0bilboats@billboats.com<\/p>\n","protected":false},"author":1,"featured_media":0,"parent":0,"menu_order":0,"comment_status":"closed","ping_status":"closed","template":"","meta":{"_et_pb_use_builder":"on","_et_pb_old_content":"","_et_gb_content_width":"","footnotes":""},"class_list":["post-1939","page","type-page","status-publish","hentry"],"yoast_head":"<!-- This site is optimized with the Yoast SEO plugin v27.1.1 - https:\/\/yoast.com\/product\/yoast-seo-wordpress\/ -->\n<title>TRABAJA EN BILBOATS - Bilboats<\/title>\n<meta name=\"robots\" content=\"index, follow, max-snippet:-1, max-image-preview:large, max-video-preview:-1\" \/>\n<link rel=\"canonical\" href=\"https:\/\/www.bilboats.com\/de\/trabaja-en-bilboats\/\" \/>\n<meta property=\"og:locale\" content=\"de_DE\" \/>\n<meta property=\"og:type\" content=\"article\" \/>\n<meta property=\"og:title\" content=\"TRABAJA EN BILBOATS - Bilboats\" \/>\n<meta property=\"og:description\" content=\"TRABAJA EN BILBOATS Si est\u00e1s interesado o interesada en trabajar en Bilboats, env\u00edanos tu curriculum a esta direcci\u00f3n:\u00a0bilboats@billboats.com\" \/>\n<meta property=\"og:url\" content=\"https:\/\/www.bilboats.com\/de\/trabaja-en-bilboats\/\" \/>\n<meta property=\"og:site_name\" content=\"Bilboats\" \/>\n<meta property=\"article:modified_time\" content=\"2020-03-05T09:56:18+00:00\" \/>\n<meta property=\"og:image\" content=\"https:\/\/www.bilboats.com\/wp-content\/uploads\/2020\/02\/trabaja-en-Bilboats-gorria.png\" \/>\n\t<meta property=\"og:image:width\" content=\"94\" \/>\n\t<meta property=\"og:image:height\" content=\"77\" \/>\n\t<meta property=\"og:image:type\" content=\"image\/png\" \/>\n<meta name=\"twitter:card\" content=\"summary_large_image\" \/>\n<meta name=\"twitter:label1\" content=\"Gesch\u00e4tzte Lesezeit\" \/>\n\t<meta name=\"twitter:data1\" content=\"3\u00a0Minuten\" \/>\n<script type=\"application\/ld+json\" class=\"yoast-schema-graph\">{\"@context\":\"https:\/\/schema.org\",\"@graph\":[{\"@type\":\"WebPage\",\"@id\":\"https:\/\/www.bilboats.com\/de\/trabaja-en-bilboats\/\",\"url\":\"https:\/\/www.bilboats.com\/de\/trabaja-en-bilboats\/\",\"name\":\"TRABAJA EN BILBOATS - Bilboats\",\"isPartOf\":{\"@id\":\"https:\/\/www.bilboats.com\/de\/#website\"},\"primaryImageOfPage\":{\"@id\":\"https:\/\/www.bilboats.com\/de\/trabaja-en-bilboats\/#primaryimage\"},\"image\":{\"@id\":\"https:\/\/www.bilboats.com\/de\/trabaja-en-bilboats\/#primaryimage\"},\"thumbnailUrl\":\"https:\/\/www.bilboats.com\/wp-content\/uploads\/2020\/02\/trabaja-en-Bilboats-gorria.png\",\"datePublished\":\"2020-03-05T09:56:17+00:00\",\"dateModified\":\"2020-03-05T09:56:18+00:00\",\"breadcrumb\":{\"@id\":\"https:\/\/www.bilboats.com\/de\/trabaja-en-bilboats\/#breadcrumb\"},\"inLanguage\":\"de\",\"potentialAction\":[{\"@type\":\"ReadAction\",\"target\":[\"https:\/\/www.bilboats.com\/de\/trabaja-en-bilboats\/\"]}]},{\"@type\":\"ImageObject\",\"inLanguage\":\"de\",\"@id\":\"https:\/\/www.bilboats.com\/de\/trabaja-en-bilboats\/#primaryimage\",\"url\":\"https:\/\/www.bilboats.com\/wp-content\/uploads\/2020\/02\/trabaja-en-Bilboats-gorria.png\",\"contentUrl\":\"https:\/\/www.bilboats.com\/wp-content\/uploads\/2020\/02\/trabaja-en-Bilboats-gorria.png\"},{\"@type\":\"BreadcrumbList\",\"@id\":\"https:\/\/www.bilboats.com\/de\/trabaja-en-bilboats\/#breadcrumb\",\"itemListElement\":[{\"@type\":\"ListItem\",\"position\":1,\"name\":\"Portada\",\"item\":\"https:\/\/www.bilboats.com\/de\/\"},{\"@type\":\"ListItem\",\"position\":2,\"name\":\"TRABAJA EN BILBOATS\"}]},{\"@type\":\"WebSite\",\"@id\":\"https:\/\/www.bilboats.com\/de\/#website\",\"url\":\"https:\/\/www.bilboats.com\/de\/\",\"name\":\"Bilboats\",\"description\":\"La manera m\u00e1s atractiva de conocer Bilbao\",\"potentialAction\":[{\"@type\":\"SearchAction\",\"target\":{\"@type\":\"EntryPoint\",\"urlTemplate\":\"https:\/\/www.bilboats.com\/de\/?s={search_term_string}\"},\"query-input\":{\"@type\":\"PropertyValueSpecification\",\"valueRequired\":true,\"valueName\":\"search_term_string\"}}],\"inLanguage\":\"de\"}]}<\/script>\n<!-- \/ Yoast SEO plugin. -->","yoast_head_json":{"title":"TRABAJA EN BILBOATS - Bilboats","robots":{"index":"index","follow":"follow","max-snippet":"max-snippet:-1","max-image-preview":"max-image-preview:large","max-video-preview":"max-video-preview:-1"},"canonical":"https:\/\/www.bilboats.com\/de\/trabaja-en-bilboats\/","og_locale":"de_DE","og_type":"article","og_title":"TRABAJA EN BILBOATS - Bilboats","og_description":"TRABAJA EN BILBOATS Si est\u00e1s interesado o interesada en trabajar en Bilboats, env\u00edanos tu curriculum a esta direcci\u00f3n:\u00a0bilboats@billboats.com","og_url":"https:\/\/www.bilboats.com\/de\/trabaja-en-bilboats\/","og_site_name":"Bilboats","article_modified_time":"2020-03-05T09:56:18+00:00","og_image":[{"width":94,"height":77,"url":"https:\/\/www.bilboats.com\/wp-content\/uploads\/2020\/02\/trabaja-en-Bilboats-gorria.png","type":"image\/png"}],"twitter_card":"summary_large_image","twitter_misc":{"Gesch\u00e4tzte Lesezeit":"3\u00a0Minuten"},"schema":{"@context":"https:\/\/schema.org","@graph":[{"@type":"WebPage","@id":"https:\/\/www.bilboats.com\/de\/trabaja-en-bilboats\/","url":"https:\/\/www.bilboats.com\/de\/trabaja-en-bilboats\/","name":"TRABAJA EN BILBOATS - Bilboats","isPartOf":{"@id":"https:\/\/www.bilboats.com\/de\/#website"},"primaryImageOfPage":{"@id":"https:\/\/www.bilboats.com\/de\/trabaja-en-bilboats\/#primaryimage"},"image":{"@id":"https:\/\/www.bilboats.com\/de\/trabaja-en-bilboats\/#primaryimage"},"thumbnailUrl":"https:\/\/www.bilboats.com\/wp-content\/uploads\/2020\/02\/trabaja-en-Bilboats-gorria.png","datePublished":"2020-03-05T09:56:17+00:00","dateModified":"2020-03-05T09:56:18+00:00","breadcrumb":{"@id":"https:\/\/www.bilboats.com\/de\/trabaja-en-bilboats\/#breadcrumb"},"inLanguage":"de","potentialAction":[{"@type":"ReadAction","target":["https:\/\/www.bilboats.com\/de\/trabaja-en-bilboats\/"]}]},{"@type":"ImageObject","inLanguage":"de","@id":"https:\/\/www.bilboats.com\/de\/trabaja-en-bilboats\/#primaryimage","url":"https:\/\/www.bilboats.com\/wp-content\/uploads\/2020\/02\/trabaja-en-Bilboats-gorria.png","contentUrl":"https:\/\/www.bilboats.com\/wp-content\/uploads\/2020\/02\/trabaja-en-Bilboats-gorria.png"},{"@type":"BreadcrumbList","@id":"https:\/\/www.bilboats.com\/de\/trabaja-en-bilboats\/#breadcrumb","itemListElement":[{"@type":"ListItem","position":1,"name":"Portada","item":"https:\/\/www.bilboats.com\/de\/"},{"@type":"ListItem","position":2,"name":"TRABAJA EN BILBOATS"}]},{"@type":"WebSite","@id":"https:\/\/www.bilboats.com\/de\/#website","url":"https:\/\/www.bilboats.com\/de\/","name":"Bilboats","description":"La manera m\u00e1s atractiva de conocer Bilbao","potentialAction":[{"@type":"SearchAction","target":{"@type":"EntryPoint","urlTemplate":"https:\/\/www.bilboats.com\/de\/?s={search_term_string}"},"query-input":{"@type":"PropertyValueSpecification","valueRequired":true,"valueName":"search_term_string"}}],"inLanguage":"de"}]}},"_links":{"self":[{"href":"https:\/\/www.bilboats.com\/de\/wp-json\/wp\/v2\/pages\/1939","targetHints":{"allow":["GET"]}}],"collection":[{"href":"https:\/\/www.bilboats.com\/de\/wp-json\/wp\/v2\/pages"}],"about":[{"href":"https:\/\/www.bilboats.com\/de\/wp-json\/wp\/v2\/types\/page"}],"author":[{"embeddable":true,"href":"https:\/\/www.bilboats.com\/de\/wp-json\/wp\/v2\/users\/1"}],"replies":[{"embeddable":true,"href":"https:\/\/www.bilboats.com\/de\/wp-json\/wp\/v2\/comments?post=1939"}],"version-history":[{"count":1,"href":"https:\/\/www.bilboats.com\/de\/wp-json\/wp\/v2\/pages\/1939\/revisions"}],"predecessor-version":[{"id":1940,"href":"https:\/\/www.bilboats.com\/de\/wp-json\/wp\/v2\/pages\/1939\/revisions\/1940"}],"wp:attachment":[{"href":"https:\/\/www.bilboats.com\/de\/wp-json\/wp\/v2\/media?parent=1939"}],"curies":[{"name":"wp","href":"https:\/\/api.w.org\/{rel}","templated":true}]}}