{"id":1626,"date":"2020-02-18T07:45:03","date_gmt":"2020-02-18T07:45:03","guid":{"rendered":"https:\/\/www.bilboats.com\/verleih\/"},"modified":"2024-01-29T11:36:13","modified_gmt":"2024-01-29T10:36:13","slug":"verleih","status":"publish","type":"page","link":"https:\/\/www.bilboats.com\/de\/verleih\/","title":{"rendered":"Verleih"},"content":{"rendered":"<p>[et_pb_section fb_built=&#8220;1&#8243; fullwidth=&#8220;on&#8220; admin_label=&#8220;Header Section&#8220; _builder_version=&#8220;4.16&#8243; background_color=&#8220;#000000&#8243; custom_padding=&#8220;|||&#8220; global_colors_info=&#8220;{}&#8220;][et_pb_fullwidth_header title=&#8220;VERMIETUNG&#8220; subhead=&#8220;GRUPPEN-VERANSTALTUNGEN-UNTERNEHMEN&#8220; text_orientation=&#8220;center&#8220; header_fullscreen=&#8220;on&#8220; header_scroll_down=&#8220;on&#8220; scroll_down_icon=&#8220;%%2%%&#8220; scroll_down_icon_color=&#8220;#ffffff&#8220; button_one_url=&#8220;#ancla1&#8243; background_overlay_color=&#8220;rgba(0,0,0,0.6)&#8220; content_max_width=&#8220;51%&#8220; content_max_width_tablet=&#8220;100%&#8220; content_max_width_phone=&#8220;&#8220; content_max_width_last_edited=&#8220;on|desktop&#8220; admin_label=&#8220;Imagen Salidas Regulares&#8220; _builder_version=&#8220;4.16&#8243; title_font=&#8220;Oswald|700||on|||||&#8220; title_text_align=&#8220;center&#8220; title_font_size=&#8220;54px&#8220; title_letter_spacing=&#8220;0em&#8220; content_font=&#8220;Lato||||||||&#8220; content_font_size=&#8220;20px&#8220; subhead_font=&#8220;Oswald|600|||||||&#8220; subhead_font_size=&#8220;26px&#8220; subhead_line_height=&#8220;1.9em&#8220; background_color=&#8220;#000000&#8243; background_image=&#8220;https:\/\/www.bilboats.com\/wp-content\/uploads\/2020\/01\/Bilboats-Alquiler-Barco.jpg&#8220; parallax=&#8220;on&#8220; parallax_method=&#8220;on&#8220; background_enable_video_mp4=&#8220;off&#8220; custom_button_one=&#8220;on&#8220; button_one_text_size=&#8220;15px&#8220; button_one_bg_color=&#8220;#b82821&#8243; button_one_border_width=&#8220;10px&#8220; button_one_border_color=&#8220;#b82821&#8243; button_one_border_radius=&#8220;0px&#8220; button_one_letter_spacing=&#8220;3px&#8220; button_one_font=&#8220;Oswald|||on|&#8220; button_one_use_icon=&#8220;off&#8220; animation_style=&#8220;fade&#8220; title_font_size_tablet=&#8220;60px&#8220; title_font_size_phone=&#8220;40px&#8220; title_font_size_last_edited=&#8220;on|tablet&#8220; subhead_line_height_tablet=&#8220;&#8220; subhead_line_height_phone=&#8220;1.2em&#8220; subhead_line_height_last_edited=&#8220;on|phone&#8220; button_one_border_color_hover=&#8220;#c99872&#8243; button_one_border_radius_hover=&#8220;0px&#8220; button_one_letter_spacing_hover=&#8220;3px&#8220; button_one_bg_color_hover=&#8220;#c99872&#8243; global_colors_info=&#8220;{}&#8220; button_one_text_size__hover_enabled=&#8220;off&#8220; button_two_text_size__hover_enabled=&#8220;off&#8220; button_one_text_color__hover_enabled=&#8220;off&#8220; button_two_text_color__hover_enabled=&#8220;off&#8220; button_one_border_width__hover_enabled=&#8220;off&#8220; button_two_border_width__hover_enabled=&#8220;off&#8220; button_one_border_color__hover_enabled=&#8220;on&#8220; button_one_border_color__hover=&#8220;#c99872&#8243; button_two_border_color__hover_enabled=&#8220;off&#8220; button_one_border_radius__hover_enabled=&#8220;on&#8220; button_one_border_radius__hover=&#8220;0px&#8220; button_two_border_radius__hover_enabled=&#8220;off&#8220; button_one_letter_spacing__hover_enabled=&#8220;on&#8220; button_one_letter_spacing__hover=&#8220;3px&#8220; button_two_letter_spacing__hover_enabled=&#8220;off&#8220; button_one_bg_color__hover_enabled=&#8220;on|hover&#8220; button_one_bg_color__hover=&#8220;rgba(115,33,15,0.28)&#8220; button_two_bg_color__hover_enabled=&#8220;off&#8220; button_one_bg_enable_color__hover=&#8220;on&#8220;]<\/p>\n<p>Bilboats hat zwei verschiedene Boote, Feriengruppen, Veranstaltungen, Meetings, Pr\u00e4sentationen zu machen, ist etc. \u00a0<\/p>\n<p>[\/et_pb_fullwidth_header][\/et_pb_section][et_pb_section fb_built=&#8220;1&#8243; _builder_version=&#8220;4.16&#8243; background_color=&#8220;#930400&#8243; use_background_color_gradient=&#8220;on&#8220; background_color_gradient_stops=&#8220;#930400 0%|#b82821 100%&#8220; background_color_gradient_start=&#8220;#930400&#8243; background_color_gradient_end=&#8220;#b82821&#8243; custom_padding=&#8220;0px||0px|||&#8220; border_color_all=&#8220;rgba(51,51,51,0.13)&#8220; border_width_top=&#8220;2px&#8220; border_color_top=&#8220;#ffffff&#8220; locked=&#8220;off&#8220; global_colors_info=&#8220;{}&#8220;][et_pb_row _builder_version=&#8220;4.16&#8243; custom_padding=&#8220;10px|||||&#8220; global_colors_info=&#8220;{}&#8220;][et_pb_column type=&#8220;4_4&#8243; _builder_version=&#8220;4.16&#8243; global_colors_info=&#8220;{}&#8220;][et_pb_text admin_label=&#8220;COMPRA TUS BILLETES&#8220; _builder_version=&#8220;4.16&#8243; text_font=&#8220;Lato|700|||||||&#8220; text_text_color=&#8220;#ffffff&#8220; text_font_size=&#8220;16px&#8220; text_letter_spacing=&#8220;2px&#8220; text_line_height=&#8220;1.6em&#8220; header_2_font=&#8220;Oswald|700|||||||&#8220; header_2_font_size=&#8220;40px&#8220; header_3_font=&#8220;Oswald||||||||&#8220; header_3_text_color=&#8220;#ffffff&#8220; header_3_font_size=&#8220;25px&#8220; custom_margin=&#8220;7px|0px|-33px|3px|false|false&#8220; custom_padding=&#8220;||0px|0px|false|false&#8220; header_2_font_size_tablet=&#8220;&#8220; header_2_font_size_phone=&#8220;30px&#8220; header_2_font_size_last_edited=&#8220;on|phone&#8220; locked=&#8220;off&#8220; global_colors_info=&#8220;{}&#8220;]<\/p>\n<p style=\"text-align: left;\">VERMIETUNG<\/p>\n<p style=\"text-align: center;\">\n<p>[\/et_pb_text][\/et_pb_column][\/et_pb_row][\/et_pb_section][et_pb_section fb_built=&#8220;1&#8243; admin_label=&#8220;NAVEGANDO BILBAO&#8220; _builder_version=&#8220;4.16&#8243; background_color=&#8220;#ffffff&#8220; background_enable_image=&#8220;off&#8220; custom_padding=&#8220;0px||0px|||&#8220; global_colors_info=&#8220;{}&#8220;][et_pb_row admin_label=&#8220;Section Header&#8220; _builder_version=&#8220;4.16&#8243; background_color=&#8220;#ffffff&#8220; module_alignment=&#8220;center&#8220; custom_margin=&#8220;|auto||520px||&#8220; custom_padding=&#8220;40px|0px|0px|0px||&#8220; global_colors_info=&#8220;{}&#8220;][et_pb_column type=&#8220;4_4&#8243; _builder_version=&#8220;4.16&#8243; custom_padding=&#8220;|||&#8220; global_colors_info=&#8220;{}&#8220; custom_padding__hover=&#8220;|||&#8220;][et_pb_divider divider_weight=&#8220;9px&#8220; show_divider_tablet=&#8220;&#8220; show_divider_phone=&#8220;on&#8220; show_divider_last_edited=&#8220;on|desktop&#8220; divider_weight_tablet=&#8220;&#8220; divider_weight_phone=&#8220;&#8220; divider_weight_last_edited=&#8220;on|tablet&#8220; _builder_version=&#8220;4.16&#8243; width=&#8220;9%&#8220; width_tablet=&#8220;16%&#8220; width_phone=&#8220;24%&#8220; width_last_edited=&#8220;on|phone&#8220; max_width=&#8220;100%&#8220; custom_margin=&#8220;|0px|14px||false|false&#8220; custom_padding=&#8220;|980px|||false|false&#8220; global_colors_info=&#8220;{}&#8220;][\/et_pb_divider][et_pb_text admin_label=&#8220;NAVEGANDO BILBAO&#8220; _builder_version=&#8220;4.16&#8243; text_font=&#8220;Lato||||||||&#8220; text_font_size=&#8220;20px&#8220; text_line_height=&#8220;1em&#8220; header_2_font=&#8220;Oswald|700|||||||&#8220; header_2_text_color=&#8220;#b82821&#8243; header_2_font_size=&#8220;40px&#8220; header_3_font=&#8220;Oswald||||||||&#8220; header_3_font_size=&#8220;25px&#8220; custom_margin=&#8220;|0px|24px||false|false&#8220; custom_margin_tablet=&#8220;&#8220; custom_margin_phone=&#8220;&#8220; custom_margin_last_edited=&#8220;on|desktop&#8220; custom_padding=&#8220;|300px|0px|2px|false|false&#8220; custom_padding_tablet=&#8220;|0px|||false|false&#8220; custom_padding_phone=&#8220;&#8220; custom_padding_last_edited=&#8220;on|desktop&#8220; header_2_font_size_tablet=&#8220;&#8220; header_2_font_size_phone=&#8220;35px&#8220; header_2_font_size_last_edited=&#8220;on|phone&#8220; global_colors_info=&#8220;{}&#8220;]<\/p>\n<p>Dies sind die Mietpreise unserer beiden Boote IBAI ALAI und IBAI EDER f\u00fcr die regul\u00e4ren Touren:<\/p>\n<p>&nbsp;<\/p>\n<p><span style=\"color: #000000;\"><strong>1- DURCH BILBAO SEGELN: Dauer 1 Stunde, Besichtigung des Bilbao Centers:<\/strong><\/span><\/p>\n<p><strong>Ibai Eder<\/strong> Bootspreis: <strong>\u20ac 450 + 10% MwSt<\/strong><\/p>\n<p><strong>Ibai Alai<\/strong> Bootspreis: <strong>\u20ac 600 + 10% MwSt<\/strong><\/p>\n<p>&nbsp;<\/p>\n<p><span style=\"color: #000000;\"><strong>2- ZUM MEER SEGELN: Dauer 2 Stunden, Route Bilbao-Getxo-Bilbao, ohne Zwischenstopps:<\/strong><\/span><\/p>\n<p><strong>Ibai Eder<\/strong> Bootspreis: <strong>\u20ac 650 + 10% MwSt<\/strong><\/p>\n<p><strong>Ibai Alai<\/strong> Bootspreis: <strong>\u20ac 900 + 10% MwSt<\/strong>\u00a0<\/p>\n<p>&nbsp;<\/p>\n<p><span style=\"color: #000000;\"><strong>3- Route Bilbao nach Getxo oder Getxo nach Bilbao: 1 Stunde Dauer:<\/strong><\/span><\/p>\n<p><strong>Ibai Eder<\/strong> Bootspreis: <strong>\u20ac 550 + 10% MwSt<\/strong><\/p>\n<p><strong>Ibai Alai<\/strong> Bootspreis: <strong>\u20ac 900 + 10% MwSt<\/strong><\/p>\n<p><strong><\/strong><\/p>\n<p><strong><\/strong><\/p>\n<p>F\u00fcr Strecken, klicken Sie auf diesen <strong><a href=\"https:\/\/www.bilboats.com\/de\/regelmaessige-touren\/\">LINK <\/a><\/strong><\/p>\n<p>Kapazit\u00e4t jedes Boot: 80 Personen. Eigenschaften Boote, <strong><a href=\"https:\/\/www.bilboats.com\/de\/unsere-boote\/\">HIER<\/a><\/strong><\/p>\n<p><strong><\/strong><\/p>\n<p style=\"text-align: justify;\"><span style=\"color: #000000;\"><strong>FORDERN SIE EIN ANGEBOT AN<\/strong><\/span>, senden Sie uns eine E-Mail \u00fcber das<strong> <a href=\"https:\/\/www.bilboats.com\/de\/informationen-lage\/\">KONTAKTFORMULAR<\/a><\/strong> oder an <a target=\"_new\" rel=\"noopener\">bilboats@bilboats.com<\/a>, und wir setzen uns mit Ihnen in Verbindung.<\/p>\n<p style=\"text-align: justify;\">Im Mietpreis ist, falls gew\u00fcnscht, der Service f\u00fcr Audioguides \u00fcber Lautsprecher an Bord enthalten. Dabei werden Informationen zu den interessantesten Punkten und zur Geschichte der Ria in mehreren Sprachen bereitgestellt: Spanisch, Baskisch, Englisch, Franz\u00f6sisch, Deutsch und Italienisch. Au\u00dferdem k\u00f6nnen Sie sich f\u00fcr Musik entscheiden, entweder vom Kunden (ein USB-Stick mit MP3-Dateien wird empfohlen) oder von uns.<\/p>\n<p style=\"text-align: justify;\">Wir bieten einen Bar- und Catering-Service an Bord. Z\u00f6gern Sie nicht, anzufragen.<\/p>\n<p>[\/et_pb_text][et_pb_divider color=&#8220;rgba(0,0,0,0.21)&#8220; _builder_version=&#8220;4.16&#8243; global_colors_info=&#8220;{}&#8220;][\/et_pb_divider][\/et_pb_column][\/et_pb_row][\/et_pb_section][et_pb_section fb_built=&#8220;1&#8243; prev_background_color=&#8220;#ffffff&#8220; module_id=&#8220;ancla1&#8243; _builder_version=&#8220;4.16&#8243; background_color=&#8220;#930400&#8243; use_background_color_gradient=&#8220;on&#8220; background_color_gradient_stops=&#8220;#930400 0%|#b82821 100%&#8220; background_color_gradient_start=&#8220;#930400&#8243; background_color_gradient_end=&#8220;#b82821&#8243; custom_padding=&#8220;0px||0px|||&#8220; top_divider_style=&#8220;wave2&#8243; border_color_all=&#8220;rgba(51,51,51,0.13)&#8220; border_width_top=&#8220;2px&#8220; border_color_top=&#8220;#ffffff&#8220; global_colors_info=&#8220;{}&#8220;][et_pb_row _builder_version=&#8220;4.16&#8243; global_colors_info=&#8220;{}&#8220;][et_pb_column type=&#8220;4_4&#8243; _builder_version=&#8220;4.16&#8243; global_colors_info=&#8220;{}&#8220;][et_pb_image src=&#8220;https:\/\/www.bilboats.com\/wp-content\/uploads\/2020\/01\/Consultar.png&#8220; url=&#8220;https:\/\/www.bilboats.com\/de\/informationen-lage\/&#8220; _builder_version=&#8220;4.16&#8243; width=&#8220;7%&#8220; width_tablet=&#8220;60px&#8220; width_phone=&#8220;&#8220; width_last_edited=&#8220;on|desktop&#8220; animation_style=&#8220;bounce&#8220; global_colors_info=&#8220;{}&#8220;][\/et_pb_image][et_pb_text admin_label=&#8220;COMPRA TUS BILLETES&#8220; _builder_version=&#8220;4.16&#8243; text_font=&#8220;Lato||||||||&#8220; text_text_color=&#8220;#ffffff&#8220; text_font_size=&#8220;20px&#8220; text_line_height=&#8220;1.6em&#8220; header_2_font=&#8220;Oswald|700|||||||&#8220; header_2_font_size=&#8220;40px&#8220; header_3_font=&#8220;Oswald||||||||&#8220; header_3_text_color=&#8220;#ffffff&#8220; header_3_font_size=&#8220;25px&#8220; custom_margin=&#8220;||5px|||&#8220; custom_padding=&#8220;||0px|2px||&#8220; link_option_url=&#8220;https:\/\/www.bilboats.com\/de\/informationen-lage\/&#8220; header_2_font_size_tablet=&#8220;&#8220; header_2_font_size_phone=&#8220;30px&#8220; header_2_font_size_last_edited=&#8220;on|phone&#8220; global_colors_info=&#8220;{}&#8220;]<\/p>\n<h3 style=\"text-align: left;\">INFORMATION<\/h3>\n<p>[\/et_pb_text][et_pb_text admin_label=&#8220;COMPRA TUS BILLETES&#8220; _builder_version=&#8220;4.16&#8243; text_font=&#8220;Lato||||||||&#8220; text_text_color=&#8220;#ffffff&#8220; text_font_size=&#8220;16px&#8220; text_line_height=&#8220;1.6em&#8220; header_2_font=&#8220;Oswald|700|||||||&#8220; header_2_font_size=&#8220;40px&#8220; header_3_font=&#8220;Oswald||||||||&#8220; header_3_text_color=&#8220;#ffffff&#8220; header_3_font_size=&#8220;25px&#8220; custom_margin=&#8220;|0px|21px|0px|false|false&#8220; custom_padding=&#8220;||0px|0px|false|false&#8220; link_option_url=&#8220;https:\/\/www.bilboats.com\/de\/informationen-lage\/&#8220; header_2_font_size_tablet=&#8220;&#8220; header_2_font_size_phone=&#8220;30px&#8220; header_2_font_size_last_edited=&#8220;on|phone&#8220; locked=&#8220;off&#8220; global_colors_info=&#8220;{}&#8220;]<\/p>\n<p style=\"text-align: left;\">Konsultieren Sie unverbindlich unsere Dienstleistungen, Stundenpl\u00e4ne und Schulgeb\u00fchren<\/p>\n<p style=\"text-align: center;\">[\/et_pb_text][et_pb_button button_url=&#8220;https:\/\/www.bilboats.com\/de\/informationen-lage\/&#8220; button_text=&#8220;Informationen&#8220; button_alignment=&#8220;left&#8220; _builder_version=&#8220;4.16&#8243; custom_button=&#8220;on&#8220; button_text_size=&#8220;17px&#8220; button_text_color=&#8220;#ffffff&#8220; button_bg_color=&#8220;rgba(0,0,0,0.22)&#8220; button_border_width=&#8220;0px&#8220; button_border_radius=&#8220;3px&#8220; button_letter_spacing=&#8220;0px&#8220; button_font=&#8220;Oswald||||||||&#8220; background_layout=&#8220;dark&#8220; custom_margin=&#8220;-20px||||false|false&#8220; locked=&#8220;off&#8220; global_colors_info=&#8220;{}&#8220;][\/et_pb_button][\/et_pb_column][\/et_pb_row][\/et_pb_section][et_pb_section fb_built=&#8220;1&#8243; fullwidth=&#8220;on&#8220; _builder_version=&#8220;4.16&#8243; bottom_divider_color=&#8220;#ffffff&#8220; bottom_divider_style_tablet=&#8220;none&#8220; bottom_divider_style_phone=&#8220;&#8220; bottom_divider_style_last_edited=&#8220;on|phone&#8220; global_colors_info=&#8220;{}&#8220;][et_pb_fullwidth_image src=&#8220;https:\/\/www.bilboats.com\/wp-content\/uploads\/2020\/01\/Bilboats-inicio-1.jpg&#8220; admin_label=&#8220;Imagen anchura completa Bilboats&#8220; _builder_version=&#8220;4.16&#8243; background_enable_image=&#8220;off&#8220; parallax=&#8220;on&#8220; custom_margin=&#8220;||0px||false|false&#8220; custom_padding=&#8220;||0px||false|false&#8220; global_colors_info=&#8220;{}&#8220;][\/et_pb_fullwidth_image][\/et_pb_section]<\/p>\n","protected":false},"excerpt":{"rendered":"<p>Bilboats hat zwei verschiedene Boote, Feriengruppen, Veranstaltungen, Meetings, Pr\u00e4sentationen zu machen, ist etc. \u00a0VERMIETUNG Dies sind die Mietpreise unserer beiden Boote IBAI ALAI und IBAI EDER f\u00fcr die regul\u00e4ren Touren: &nbsp; 1- DURCH BILBAO SEGELN: Dauer 1 Stunde, Besichtigung des Bilbao Centers: Ibai Eder Bootspreis: \u20ac 450 + 10% MwSt Ibai Alai Bootspreis: \u20ac 600 [&hellip;]<\/p>\n","protected":false},"author":1,"featured_media":0,"parent":0,"menu_order":0,"comment_status":"closed","ping_status":"closed","template":"","meta":{"_et_pb_use_builder":"on","_et_pb_old_content":"","_et_gb_content_width":"","footnotes":""},"class_list":["post-1626","page","type-page","status-publish","hentry"],"yoast_head":"<!-- This site is optimized with the Yoast SEO plugin v27.1.1 - https:\/\/yoast.com\/product\/yoast-seo-wordpress\/ -->\n<title>Bootsverleih f\u00fcr Gruppen, Veranstaltungen, Unternehmen usw. in Bilbao<\/title>\n<meta name=\"description\" content=\"Bilboats hat zwei verschiedene Boote, um Gruppenvermietungen, Veranstaltungen, Gesch\u00e4ftstreffen, Pr\u00e4sentationen, Feiern...\" \/>\n<meta name=\"robots\" content=\"index, follow, max-snippet:-1, max-image-preview:large, max-video-preview:-1\" \/>\n<link rel=\"canonical\" href=\"https:\/\/www.bilboats.com\/de\/verleih\/\" \/>\n<meta property=\"og:locale\" content=\"de_DE\" \/>\n<meta property=\"og:type\" content=\"article\" \/>\n<meta property=\"og:title\" content=\"Bootsverleih f\u00fcr Gruppen, Veranstaltungen, Unternehmen usw. in Bilbao\" \/>\n<meta property=\"og:description\" content=\"Bilboats hat zwei verschiedene Boote, um Gruppenvermietungen, Veranstaltungen, Gesch\u00e4ftstreffen, Pr\u00e4sentationen, Feiern...\" \/>\n<meta property=\"og:url\" content=\"https:\/\/www.bilboats.com\/de\/verleih\/\" \/>\n<meta property=\"og:site_name\" content=\"Bilboats\" \/>\n<meta property=\"article:modified_time\" content=\"2024-01-29T10:36:13+00:00\" \/>\n<meta name=\"twitter:card\" content=\"summary_large_image\" \/>\n<meta name=\"twitter:label1\" content=\"Gesch\u00e4tzte Lesezeit\" \/>\n\t<meta name=\"twitter:data1\" content=\"7\u00a0Minuten\" \/>\n<script type=\"application\/ld+json\" class=\"yoast-schema-graph\">{\"@context\":\"https:\/\/schema.org\",\"@graph\":[{\"@type\":\"WebPage\",\"@id\":\"https:\/\/www.bilboats.com\/de\/verleih\/\",\"url\":\"https:\/\/www.bilboats.com\/de\/verleih\/\",\"name\":\"Bootsverleih f\u00fcr Gruppen, Veranstaltungen, Unternehmen usw. in Bilbao\",\"isPartOf\":{\"@id\":\"https:\/\/www.bilboats.com\/de\/#website\"},\"datePublished\":\"2020-02-18T07:45:03+00:00\",\"dateModified\":\"2024-01-29T10:36:13+00:00\",\"description\":\"Bilboats hat zwei verschiedene Boote, um Gruppenvermietungen, Veranstaltungen, Gesch\u00e4ftstreffen, Pr\u00e4sentationen, Feiern...\",\"breadcrumb\":{\"@id\":\"https:\/\/www.bilboats.com\/de\/verleih\/#breadcrumb\"},\"inLanguage\":\"de\",\"potentialAction\":[{\"@type\":\"ReadAction\",\"target\":[\"https:\/\/www.bilboats.com\/de\/verleih\/\"]}]},{\"@type\":\"BreadcrumbList\",\"@id\":\"https:\/\/www.bilboats.com\/de\/verleih\/#breadcrumb\",\"itemListElement\":[{\"@type\":\"ListItem\",\"position\":1,\"name\":\"Portada\",\"item\":\"https:\/\/www.bilboats.com\/de\/\"},{\"@type\":\"ListItem\",\"position\":2,\"name\":\"Verleih\"}]},{\"@type\":\"WebSite\",\"@id\":\"https:\/\/www.bilboats.com\/de\/#website\",\"url\":\"https:\/\/www.bilboats.com\/de\/\",\"name\":\"Bilboats\",\"description\":\"La manera m\u00e1s atractiva de conocer Bilbao\",\"potentialAction\":[{\"@type\":\"SearchAction\",\"target\":{\"@type\":\"EntryPoint\",\"urlTemplate\":\"https:\/\/www.bilboats.com\/de\/?s={search_term_string}\"},\"query-input\":{\"@type\":\"PropertyValueSpecification\",\"valueRequired\":true,\"valueName\":\"search_term_string\"}}],\"inLanguage\":\"de\"}]}<\/script>\n<!-- \/ Yoast SEO plugin. -->","yoast_head_json":{"title":"Bootsverleih f\u00fcr Gruppen, Veranstaltungen, Unternehmen usw. in Bilbao","description":"Bilboats hat zwei verschiedene Boote, um Gruppenvermietungen, Veranstaltungen, Gesch\u00e4ftstreffen, Pr\u00e4sentationen, Feiern...","robots":{"index":"index","follow":"follow","max-snippet":"max-snippet:-1","max-image-preview":"max-image-preview:large","max-video-preview":"max-video-preview:-1"},"canonical":"https:\/\/www.bilboats.com\/de\/verleih\/","og_locale":"de_DE","og_type":"article","og_title":"Bootsverleih f\u00fcr Gruppen, Veranstaltungen, Unternehmen usw. in Bilbao","og_description":"Bilboats hat zwei verschiedene Boote, um Gruppenvermietungen, Veranstaltungen, Gesch\u00e4ftstreffen, Pr\u00e4sentationen, Feiern...","og_url":"https:\/\/www.bilboats.com\/de\/verleih\/","og_site_name":"Bilboats","article_modified_time":"2024-01-29T10:36:13+00:00","twitter_card":"summary_large_image","twitter_misc":{"Gesch\u00e4tzte Lesezeit":"7\u00a0Minuten"},"schema":{"@context":"https:\/\/schema.org","@graph":[{"@type":"WebPage","@id":"https:\/\/www.bilboats.com\/de\/verleih\/","url":"https:\/\/www.bilboats.com\/de\/verleih\/","name":"Bootsverleih f\u00fcr Gruppen, Veranstaltungen, Unternehmen usw. in Bilbao","isPartOf":{"@id":"https:\/\/www.bilboats.com\/de\/#website"},"datePublished":"2020-02-18T07:45:03+00:00","dateModified":"2024-01-29T10:36:13+00:00","description":"Bilboats hat zwei verschiedene Boote, um Gruppenvermietungen, Veranstaltungen, Gesch\u00e4ftstreffen, Pr\u00e4sentationen, Feiern...","breadcrumb":{"@id":"https:\/\/www.bilboats.com\/de\/verleih\/#breadcrumb"},"inLanguage":"de","potentialAction":[{"@type":"ReadAction","target":["https:\/\/www.bilboats.com\/de\/verleih\/"]}]},{"@type":"BreadcrumbList","@id":"https:\/\/www.bilboats.com\/de\/verleih\/#breadcrumb","itemListElement":[{"@type":"ListItem","position":1,"name":"Portada","item":"https:\/\/www.bilboats.com\/de\/"},{"@type":"ListItem","position":2,"name":"Verleih"}]},{"@type":"WebSite","@id":"https:\/\/www.bilboats.com\/de\/#website","url":"https:\/\/www.bilboats.com\/de\/","name":"Bilboats","description":"La manera m\u00e1s atractiva de conocer Bilbao","potentialAction":[{"@type":"SearchAction","target":{"@type":"EntryPoint","urlTemplate":"https:\/\/www.bilboats.com\/de\/?s={search_term_string}"},"query-input":{"@type":"PropertyValueSpecification","valueRequired":true,"valueName":"search_term_string"}}],"inLanguage":"de"}]}},"_links":{"self":[{"href":"https:\/\/www.bilboats.com\/de\/wp-json\/wp\/v2\/pages\/1626","targetHints":{"allow":["GET"]}}],"collection":[{"href":"https:\/\/www.bilboats.com\/de\/wp-json\/wp\/v2\/pages"}],"about":[{"href":"https:\/\/www.bilboats.com\/de\/wp-json\/wp\/v2\/types\/page"}],"author":[{"embeddable":true,"href":"https:\/\/www.bilboats.com\/de\/wp-json\/wp\/v2\/users\/1"}],"replies":[{"embeddable":true,"href":"https:\/\/www.bilboats.com\/de\/wp-json\/wp\/v2\/comments?post=1626"}],"version-history":[{"count":28,"href":"https:\/\/www.bilboats.com\/de\/wp-json\/wp\/v2\/pages\/1626\/revisions"}],"predecessor-version":[{"id":4859,"href":"https:\/\/www.bilboats.com\/de\/wp-json\/wp\/v2\/pages\/1626\/revisions\/4859"}],"wp:attachment":[{"href":"https:\/\/www.bilboats.com\/de\/wp-json\/wp\/v2\/media?parent=1626"}],"curies":[{"name":"wp","href":"https:\/\/api.w.org\/{rel}","templated":true}]}}